{"id":101,"date":"2022-01-20T15:56:03","date_gmt":"2022-01-20T14:56:03","guid":{"rendered":"https:\/\/www.photo-learn.com\/?page_id=101"},"modified":"2022-12-22T00:15:51","modified_gmt":"2022-12-21T23:15:51","slug":"cours-de-photo-a-houilles","status":"publish","type":"page","link":"https:\/\/www.photo-learn.com\/index.php\/cours-de-photo-a-houilles\/","title":{"rendered":"Cours de Photo \u00e0 Houilles"},"content":{"rendered":"\n<h2 class=\"wp-block-heading\">Studio photo proche de Paris<\/h2>\n\n\n\n<div class=\"wp-block-columns is-layout-flex wp-container-core-columns-is-layout-9d6595d7 wp-block-columns-is-layout-flex\">\n<div class=\"wp-block-column is-layout-flow wp-block-column-is-layout-flow\" style=\"flex-basis:33.33%\">\n<figure class=\"wp-block-image size-large\"><img loading=\"lazy\" decoding=\"async\" width=\"1024\" height=\"938\" src=\"https:\/\/www.photo-learn.com\/wp-content\/uploads\/2022\/01\/cours-photo-paris-1024x938.jpg\" alt=\"\" class=\"wp-image-105\" srcset=\"https:\/\/www.photo-learn.com\/wp-content\/uploads\/2022\/01\/cours-photo-paris-1024x938.jpg 1024w, https:\/\/www.photo-learn.com\/wp-content\/uploads\/2022\/01\/cours-photo-paris-300x275.jpg 300w, https:\/\/www.photo-learn.com\/wp-content\/uploads\/2022\/01\/cours-photo-paris-768x704.jpg 768w, https:\/\/www.photo-learn.com\/wp-content\/uploads\/2022\/01\/cours-photo-paris-1536x1408.jpg 1536w, https:\/\/www.photo-learn.com\/wp-content\/uploads\/2022\/01\/cours-photo-paris-600x550.jpg 600w, https:\/\/www.photo-learn.com\/wp-content\/uploads\/2022\/01\/cours-photo-paris.jpg 1950w\" sizes=\"auto, (max-width: 1024px) 100vw, 1024px\" \/><\/figure>\n<\/div>\n\n\n\n<div class=\"wp-block-column is-layout-flow wp-block-column-is-layout-flow\" style=\"flex-basis:66.66%\">\n<p style=\"font-size:19px\">Situ\u00e9 \u00e0 <strong>Houilles<\/strong>, au 35 rue Camille Pelletan, le <strong>studio Photo-Learn<\/strong> vous accueille pour vous permettre d&rsquo;<strong>apprendre la photographie<\/strong>, inscrivez vous sur <a data-type=\"page\" data-id=\"145\" href=\"https:\/\/www.photo-learn.com\/index.php\/cours-de-photographie-en-studio\/\">nos diff\u00e9rents modules<\/a>, un professeur vous accompagnera afin que vous puissiez acqu\u00e9rir les connaissance et le savoir faire n\u00e9cessaire \u00e0 la r\u00e9alisation de clich\u00e9s de qualit\u00e9. Les cours sont dispens\u00e9 par groupe de 4 \u00e9l\u00e8ves maximum.<\/p>\n\n\n\n<p><\/p>\n<\/div>\n<\/div>\n\n\n\n<div style=\"height:55px\" aria-hidden=\"true\" class=\"wp-block-spacer\"><\/div>\n\n\n\n<p>Il est possible de s&rsquo;inscrire en groupe (de 3 \u00e0 6 personnes). Venez entre amis et b\u00e9n\u00e9ficiez de remises dans le cadre de nos ateliers pratiques qui permettent un apprentissage ludique de la <strong>photographie<\/strong> .<\/p>\n\n\n\n<div class=\"wp-block-buttons is-layout-flex wp-block-buttons-is-layout-flex\">\n<div class=\"wp-block-button aligncenter\"><a class=\"wp-block-button__link has-black-color has-luminous-vivid-orange-background-color has-text-color has-background wp-element-button\">Inscription en groupe<\/a><\/div>\n<\/div>\n\n\n\n<div style=\"height:65px\" aria-hidden=\"true\" class=\"wp-block-spacer\"><\/div>\n\n\n\n<div class=\"wp-block-buttons is-layout-flex wp-block-buttons-is-layout-flex\">\n<div class=\"wp-block-button aligncenter\"><a class=\"wp-block-button__link has-black-color has-luminous-vivid-orange-background-color has-text-color has-background wp-element-button\">Inscription en solo<\/a><\/div>\n<\/div>\n\n\n\n<div style=\"height:65px\" aria-hidden=\"true\" class=\"wp-block-spacer\"><\/div>\n\n\n\n<p class=\"has-text-align-center\"><a href=\"https:\/\/www.photo-learn.com\/index.php\/le-studio-photo\/\" data-type=\"page\" data-id=\"130\">Acc\u00e8s et contact<\/a><\/p>\n\n\n\n<h3 class=\"wp-block-heading\">Cours de photo: Sartrouville-Bezons-Carri\u00e8res sur Seine-Montesson-La D\u00e9fense<\/h3>\n\n\n\n<h4 class=\"wp-block-heading\">Maisons Laffitte-La Garenne Colombes-Nanterre-Courbevoie-Puteaux<\/h4>\n","protected":false},"excerpt":{"rendered":"<p>Studio photo proche de Paris Situ\u00e9 \u00e0 Houilles, au 35 rue Camille Pelletan, le studio Photo-Learn vous accueille pour vous permettre d&rsquo;apprendre la photographie, inscrivez vous sur nos diff\u00e9rents modules, un professeur vous accompagnera afin que vous puissiez acqu\u00e9rir les connaissance et le savoir faire n\u00e9cessaire \u00e0 la r\u00e9alisation de clich\u00e9s de qualit\u00e9. Les cours [&hellip;]<\/p>\n","protected":false},"author":1,"featured_media":0,"parent":0,"menu_order":0,"comment_status":"closed","ping_status":"closed","template":"","meta":{"ocean_post_layout":"","ocean_both_sidebars_style":"","ocean_both_sidebars_content_width":0,"ocean_both_sidebars_sidebars_width":0,"ocean_sidebar":"0","ocean_second_sidebar":"0","ocean_disable_margins":"enable","ocean_add_body_class":"","ocean_shortcode_before_top_bar":"","ocean_shortcode_after_top_bar":"","ocean_shortcode_before_header":"","ocean_shortcode_after_header":"","ocean_has_shortcode":"","ocean_shortcode_after_title":"","ocean_shortcode_before_footer_widgets":"","ocean_shortcode_after_footer_widgets":"","ocean_shortcode_before_footer_bottom":"","ocean_shortcode_after_footer_bottom":"","ocean_display_top_bar":"default","ocean_display_header":"default","ocean_header_style":"","ocean_center_header_left_menu":"0","ocean_custom_header_template":"0","ocean_custom_logo":0,"ocean_custom_retina_logo":0,"ocean_custom_logo_max_width":0,"ocean_custom_logo_tablet_max_width":0,"ocean_custom_logo_mobile_max_width":0,"ocean_custom_logo_max_height":0,"ocean_custom_logo_tablet_max_height":0,"ocean_custom_logo_mobile_max_height":0,"ocean_header_custom_menu":"0","ocean_menu_typo_font_family":"0","ocean_menu_typo_font_subset":"","ocean_menu_typo_font_size":0,"ocean_menu_typo_font_size_tablet":0,"ocean_menu_typo_font_size_mobile":0,"ocean_menu_typo_font_size_unit":"px","ocean_menu_typo_font_weight":"","ocean_menu_typo_font_weight_tablet":"","ocean_menu_typo_font_weight_mobile":"","ocean_menu_typo_transform":"","ocean_menu_typo_transform_tablet":"","ocean_menu_typo_transform_mobile":"","ocean_menu_typo_line_height":0,"ocean_menu_typo_line_height_tablet":0,"ocean_menu_typo_line_height_mobile":0,"ocean_menu_typo_line_height_unit":"","ocean_menu_typo_spacing":0,"ocean_menu_typo_spacing_tablet":0,"ocean_menu_typo_spacing_mobile":0,"ocean_menu_typo_spacing_unit":"","ocean_menu_link_color":"","ocean_menu_link_color_hover":"","ocean_menu_link_color_active":"","ocean_menu_link_background":"","ocean_menu_link_hover_background":"","ocean_menu_link_active_background":"","ocean_menu_social_links_bg":"","ocean_menu_social_hover_links_bg":"","ocean_menu_social_links_color":"","ocean_menu_social_hover_links_color":"","ocean_disable_title":"default","ocean_disable_heading":"default","ocean_post_title":"","ocean_post_subheading":"","ocean_post_title_style":"","ocean_post_title_background_color":"","ocean_post_title_background":0,"ocean_post_title_bg_image_position":"","ocean_post_title_bg_image_attachment":"","ocean_post_title_bg_image_repeat":"","ocean_post_title_bg_image_size":"","ocean_post_title_height":0,"ocean_post_title_bg_overlay":0.5,"ocean_post_title_bg_overlay_color":"","ocean_disable_breadcrumbs":"default","ocean_breadcrumbs_color":"","ocean_breadcrumbs_separator_color":"","ocean_breadcrumbs_links_color":"","ocean_breadcrumbs_links_hover_color":"","ocean_display_footer_widgets":"default","ocean_display_footer_bottom":"default","ocean_custom_footer_template":"0","footnotes":""},"class_list":["post-101","page","type-page","status-publish","hentry","entry","owp-thumbs-layout-horizontal","owp-btn-normal","owp-tabs-layout-horizontal","has-no-thumbnails","has-product-nav"],"aioseo_notices":[],"yoast_head":"<!-- This site is optimized with the Yoast SEO plugin v27.3 - https:\/\/yoast.com\/product\/yoast-seo-wordpress\/ -->\n<title>Cours de Photo \u00e0 Houilles - Cours photo \u00e0 Paris<\/title>\n<meta name=\"description\" content=\"Studio photo proche de Paris Situ\u00e9 \u00e0 Houilles, au 35 rue Camille Pelletan, le studio Photo-Learn vous accueille pour vous permettre d&rsquo;apprendre la photographie, inscrivez vous sur nos diff\u00e9rents modules, un professeur vous accompagnera afin que vous puissiez acqu\u00e9rir les connaissance et le savoir faire n\u00e9cessaire \u00e0 la r\u00e9alisation de clich\u00e9s de qualit\u00e9. Les cours [&hellip;]\" \/>\n<meta name=\"robots\" content=\"index, follow, max-snippet:-1, max-image-preview:large, max-video-preview:-1\" \/>\n<link rel=\"canonical\" href=\"https:\/\/www.photo-learn.com\/index.php\/cours-de-photo-a-houilles\/\" \/>\n<meta property=\"og:locale\" content=\"fr_FR\" \/>\n<meta property=\"og:type\" content=\"article\" \/>\n<meta property=\"og:title\" content=\"Cours de Photo \u00e0 Houilles - Cours photo \u00e0 Paris\" \/>\n<meta property=\"og:description\" content=\"Studio photo proche de Paris Situ\u00e9 \u00e0 Houilles, au 35 rue Camille Pelletan, le studio Photo-Learn vous accueille pour vous permettre d&rsquo;apprendre la photographie, inscrivez vous sur nos diff\u00e9rents modules, un professeur vous accompagnera afin que vous puissiez acqu\u00e9rir les connaissance et le savoir faire n\u00e9cessaire \u00e0 la r\u00e9alisation de clich\u00e9s de qualit\u00e9. Les cours [&hellip;]\" \/>\n<meta property=\"og:url\" content=\"https:\/\/www.photo-learn.com\/index.php\/cours-de-photo-a-houilles\/\" \/>\n<meta property=\"og:site_name\" content=\"Cours photo \u00e0 Paris\" \/>\n<meta property=\"article:modified_time\" content=\"2022-12-21T23:15:51+00:00\" \/>\n<meta property=\"og:image\" content=\"https:\/\/www.photo-learn.com\/wp-content\/uploads\/2022\/01\/cours-photo-paris.jpg\" \/>\n\t<meta property=\"og:image:width\" content=\"1950\" \/>\n\t<meta property=\"og:image:height\" content=\"1787\" \/>\n\t<meta property=\"og:image:type\" content=\"image\/jpeg\" \/>\n<meta name=\"twitter:card\" content=\"summary_large_image\" \/>\n<meta name=\"twitter:label1\" content=\"Dur\u00e9e de lecture estim\u00e9e\" \/>\n\t<meta name=\"twitter:data1\" content=\"1 minute\" \/>\n<script type=\"application\/ld+json\" class=\"yoast-schema-graph\">{\"@context\":\"https:\\\/\\\/schema.org\",\"@graph\":[{\"@type\":\"WebPage\",\"@id\":\"https:\\\/\\\/www.photo-learn.com\\\/index.php\\\/cours-de-photo-a-houilles\\\/\",\"url\":\"https:\\\/\\\/www.photo-learn.com\\\/index.php\\\/cours-de-photo-a-houilles\\\/\",\"name\":\"Cours de Photo \u00e0 Houilles - Cours photo \u00e0 Paris\",\"isPartOf\":{\"@id\":\"https:\\\/\\\/www.photo-learn.com\\\/#website\"},\"primaryImageOfPage\":{\"@id\":\"https:\\\/\\\/www.photo-learn.com\\\/index.php\\\/cours-de-photo-a-houilles\\\/#primaryimage\"},\"image\":{\"@id\":\"https:\\\/\\\/www.photo-learn.com\\\/index.php\\\/cours-de-photo-a-houilles\\\/#primaryimage\"},\"thumbnailUrl\":\"https:\\\/\\\/www.photo-learn.com\\\/wp-content\\\/uploads\\\/2022\\\/01\\\/cours-photo-paris-1024x938.jpg\",\"datePublished\":\"2022-01-20T14:56:03+00:00\",\"dateModified\":\"2022-12-21T23:15:51+00:00\",\"breadcrumb\":{\"@id\":\"https:\\\/\\\/www.photo-learn.com\\\/index.php\\\/cours-de-photo-a-houilles\\\/#breadcrumb\"},\"inLanguage\":\"fr-FR\",\"potentialAction\":[{\"@type\":\"ReadAction\",\"target\":[\"https:\\\/\\\/www.photo-learn.com\\\/index.php\\\/cours-de-photo-a-houilles\\\/\"]}]},{\"@type\":\"ImageObject\",\"inLanguage\":\"fr-FR\",\"@id\":\"https:\\\/\\\/www.photo-learn.com\\\/index.php\\\/cours-de-photo-a-houilles\\\/#primaryimage\",\"url\":\"https:\\\/\\\/www.photo-learn.com\\\/wp-content\\\/uploads\\\/2022\\\/01\\\/cours-photo-paris.jpg\",\"contentUrl\":\"https:\\\/\\\/www.photo-learn.com\\\/wp-content\\\/uploads\\\/2022\\\/01\\\/cours-photo-paris.jpg\",\"width\":1950,\"height\":1787},{\"@type\":\"BreadcrumbList\",\"@id\":\"https:\\\/\\\/www.photo-learn.com\\\/index.php\\\/cours-de-photo-a-houilles\\\/#breadcrumb\",\"itemListElement\":[{\"@type\":\"ListItem\",\"position\":1,\"name\":\"Accueil\",\"item\":\"https:\\\/\\\/www.photo-learn.com\\\/\"},{\"@type\":\"ListItem\",\"position\":2,\"name\":\"Cours de Photo \u00e0 Houilles\"}]},{\"@type\":\"WebSite\",\"@id\":\"https:\\\/\\\/www.photo-learn.com\\\/#website\",\"url\":\"https:\\\/\\\/www.photo-learn.com\\\/\",\"name\":\"Cours photo \u00e0 Paris\",\"description\":\"apprentissage de la photo - ateliers pratiques \u00e0 Paris, en studio et en visio\",\"potentialAction\":[{\"@type\":\"SearchAction\",\"target\":{\"@type\":\"EntryPoint\",\"urlTemplate\":\"https:\\\/\\\/www.photo-learn.com\\\/?s={search_term_string}\"},\"query-input\":{\"@type\":\"PropertyValueSpecification\",\"valueRequired\":true,\"valueName\":\"search_term_string\"}}],\"inLanguage\":\"fr-FR\"}]}<\/script>\n<!-- \/ Yoast SEO plugin. -->","yoast_head_json":{"title":"Cours de Photo \u00e0 Houilles - Cours photo \u00e0 Paris","description":"Studio photo proche de Paris Situ\u00e9 \u00e0 Houilles, au 35 rue Camille Pelletan, le studio Photo-Learn vous accueille pour vous permettre d&rsquo;apprendre la photographie, inscrivez vous sur nos diff\u00e9rents modules, un professeur vous accompagnera afin que vous puissiez acqu\u00e9rir les connaissance et le savoir faire n\u00e9cessaire \u00e0 la r\u00e9alisation de clich\u00e9s de qualit\u00e9. Les cours [&hellip;]","robots":{"index":"index","follow":"follow","max-snippet":"max-snippet:-1","max-image-preview":"max-image-preview:large","max-video-preview":"max-video-preview:-1"},"canonical":"https:\/\/www.photo-learn.com\/index.php\/cours-de-photo-a-houilles\/","og_locale":"fr_FR","og_type":"article","og_title":"Cours de Photo \u00e0 Houilles - Cours photo \u00e0 Paris","og_description":"Studio photo proche de Paris Situ\u00e9 \u00e0 Houilles, au 35 rue Camille Pelletan, le studio Photo-Learn vous accueille pour vous permettre d&rsquo;apprendre la photographie, inscrivez vous sur nos diff\u00e9rents modules, un professeur vous accompagnera afin que vous puissiez acqu\u00e9rir les connaissance et le savoir faire n\u00e9cessaire \u00e0 la r\u00e9alisation de clich\u00e9s de qualit\u00e9. Les cours [&hellip;]","og_url":"https:\/\/www.photo-learn.com\/index.php\/cours-de-photo-a-houilles\/","og_site_name":"Cours photo \u00e0 Paris","article_modified_time":"2022-12-21T23:15:51+00:00","og_image":[{"width":1950,"height":1787,"url":"https:\/\/www.photo-learn.com\/wp-content\/uploads\/2022\/01\/cours-photo-paris.jpg","type":"image\/jpeg"}],"twitter_card":"summary_large_image","twitter_misc":{"Dur\u00e9e de lecture estim\u00e9e":"1 minute"},"schema":{"@context":"https:\/\/schema.org","@graph":[{"@type":"WebPage","@id":"https:\/\/www.photo-learn.com\/index.php\/cours-de-photo-a-houilles\/","url":"https:\/\/www.photo-learn.com\/index.php\/cours-de-photo-a-houilles\/","name":"Cours de Photo \u00e0 Houilles - Cours photo \u00e0 Paris","isPartOf":{"@id":"https:\/\/www.photo-learn.com\/#website"},"primaryImageOfPage":{"@id":"https:\/\/www.photo-learn.com\/index.php\/cours-de-photo-a-houilles\/#primaryimage"},"image":{"@id":"https:\/\/www.photo-learn.com\/index.php\/cours-de-photo-a-houilles\/#primaryimage"},"thumbnailUrl":"https:\/\/www.photo-learn.com\/wp-content\/uploads\/2022\/01\/cours-photo-paris-1024x938.jpg","datePublished":"2022-01-20T14:56:03+00:00","dateModified":"2022-12-21T23:15:51+00:00","breadcrumb":{"@id":"https:\/\/www.photo-learn.com\/index.php\/cours-de-photo-a-houilles\/#breadcrumb"},"inLanguage":"fr-FR","potentialAction":[{"@type":"ReadAction","target":["https:\/\/www.photo-learn.com\/index.php\/cours-de-photo-a-houilles\/"]}]},{"@type":"ImageObject","inLanguage":"fr-FR","@id":"https:\/\/www.photo-learn.com\/index.php\/cours-de-photo-a-houilles\/#primaryimage","url":"https:\/\/www.photo-learn.com\/wp-content\/uploads\/2022\/01\/cours-photo-paris.jpg","contentUrl":"https:\/\/www.photo-learn.com\/wp-content\/uploads\/2022\/01\/cours-photo-paris.jpg","width":1950,"height":1787},{"@type":"BreadcrumbList","@id":"https:\/\/www.photo-learn.com\/index.php\/cours-de-photo-a-houilles\/#breadcrumb","itemListElement":[{"@type":"ListItem","position":1,"name":"Accueil","item":"https:\/\/www.photo-learn.com\/"},{"@type":"ListItem","position":2,"name":"Cours de Photo \u00e0 Houilles"}]},{"@type":"WebSite","@id":"https:\/\/www.photo-learn.com\/#website","url":"https:\/\/www.photo-learn.com\/","name":"Cours photo \u00e0 Paris","description":"apprentissage de la photo - ateliers pratiques \u00e0 Paris, en studio et en visio","potentialAction":[{"@type":"SearchAction","target":{"@type":"EntryPoint","urlTemplate":"https:\/\/www.photo-learn.com\/?s={search_term_string}"},"query-input":{"@type":"PropertyValueSpecification","valueRequired":true,"valueName":"search_term_string"}}],"inLanguage":"fr-FR"}]}},"_links":{"self":[{"href":"https:\/\/www.photo-learn.com\/index.php\/wp-json\/wp\/v2\/pages\/101","targetHints":{"allow":["GET"]}}],"collection":[{"href":"https:\/\/www.photo-learn.com\/index.php\/wp-json\/wp\/v2\/pages"}],"about":[{"href":"https:\/\/www.photo-learn.com\/index.php\/wp-json\/wp\/v2\/types\/page"}],"author":[{"embeddable":true,"href":"https:\/\/www.photo-learn.com\/index.php\/wp-json\/wp\/v2\/users\/1"}],"replies":[{"embeddable":true,"href":"https:\/\/www.photo-learn.com\/index.php\/wp-json\/wp\/v2\/comments?post=101"}],"version-history":[{"count":14,"href":"https:\/\/www.photo-learn.com\/index.php\/wp-json\/wp\/v2\/pages\/101\/revisions"}],"predecessor-version":[{"id":481,"href":"https:\/\/www.photo-learn.com\/index.php\/wp-json\/wp\/v2\/pages\/101\/revisions\/481"}],"wp:attachment":[{"href":"https:\/\/www.photo-learn.com\/index.php\/wp-json\/wp\/v2\/media?parent=101"}],"curies":[{"name":"wp","href":"https:\/\/api.w.org\/{rel}","templated":true}]}}