{"id":172,"date":"2022-01-20T19:38:02","date_gmt":"2022-01-20T18:38:02","guid":{"rendered":"https:\/\/www.photo-learn.com\/?page_id=172"},"modified":"2022-10-04T17:14:59","modified_gmt":"2022-10-04T15:14:59","slug":"cours-de-photographie-gestion-de-leclairage","status":"publish","type":"page","link":"https:\/\/www.photo-learn.com\/index.php\/cours-de-photographie-gestion-de-leclairage\/","title":{"rendered":"Cours de photographie &#8211; Gestion de l&rsquo;\u00e9clairage"},"content":{"rendered":"<div data-block-name=\"woocommerce\/product-category\" data-categories=\"[18]\" data-columns=\"4\" class=\"wc-block-grid wp-block-product-category wp-block-woocommerce-product-category wc-block-product-category has-4-columns has-multiple-rows\"><ul class=\"wc-block-grid__products\"><li class=\"wc-block-grid__product\">\n\t\t\t\t<a href=\"https:\/\/www.photo-learn.com\/index.php\/produit\/module-1-gestion-de-la-lumiere-cours-particulier-en-visio\/\" class=\"wc-block-grid__product-link\">\n\t\t\t\t\t\n\t\t\t\t\t<div class=\"wc-block-grid__product-image\"><img loading=\"lazy\" decoding=\"async\" width=\"300\" height=\"300\" src=\"https:\/\/www.photo-learn.com\/wp-content\/uploads\/2021\/02\/cours-photo-en-visio-1-300x300.jpg\" class=\"attachment-woocommerce_thumbnail size-woocommerce_thumbnail\" alt=\"Module 1: gestion de la lumi\u00e8re (Cours particulier en visio)\" srcset=\"https:\/\/www.photo-learn.com\/wp-content\/uploads\/2021\/02\/cours-photo-en-visio-1-300x300.jpg 300w, https:\/\/www.photo-learn.com\/wp-content\/uploads\/2021\/02\/cours-photo-en-visio-1-150x150.jpg 150w, https:\/\/www.photo-learn.com\/wp-content\/uploads\/2021\/02\/cours-photo-en-visio-1-100x100.jpg 100w\" sizes=\"auto, (max-width: 300px) 100vw, 300px\" \/><\/div>\n\t\t\t\t\t<div class=\"wc-block-grid__product-title\">Module 1: gestion de la lumi\u00e8re (Cours particulier en visio)<\/div>\n\t\t\t\t<\/a>\n\t\t\t\t<div class=\"wc-block-grid__product-price price\"><span class=\"woocommerce-Price-amount amount\"><span class=\"woocommerce-Price-currencySymbol\">&euro;<\/span>35,00<\/span><\/div>\n\t\t\t\t\n\t\t\t\t<div class=\"wp-block-button wc-block-grid__product-add-to-cart\"><a href=\"\/index.php\/wp-json\/wp\/v2\/pages\/172?add-to-cart=335\" aria-label=\"Ajouter au panier\u00a0: &ldquo;Module 1: gestion de la lumi\u00e8re (Cours particulier en visio)&rdquo;\" data-quantity=\"1\" data-product_id=\"335\" data-product_sku=\"\" data-price=\"35\" rel=\"nofollow\" class=\"wp-block-button__link  add_to_cart_button ajax_add_to_cart\">Ajouter au panier<\/a><\/div>\n\t\t\t<\/li><li class=\"wc-block-grid__product\">\n\t\t\t\t<a href=\"https:\/\/www.photo-learn.com\/index.php\/produit\/module-1-gestion-de-la-lumiere-14-04-22-19h30-en-studio\/\" class=\"wc-block-grid__product-link\">\n\t\t\t\t\t\n\t\t\t\t\t<div class=\"wc-block-grid__product-image\"><img loading=\"lazy\" decoding=\"async\" width=\"300\" height=\"300\" src=\"https:\/\/www.photo-learn.com\/wp-content\/uploads\/2021\/02\/cours-photo-en-visio-1-300x300.jpg\" class=\"attachment-woocommerce_thumbnail size-woocommerce_thumbnail\" alt=\"Module 1: gestion de la lumi\u00e8re 13-10-22 19h30 (En studio)\" srcset=\"https:\/\/www.photo-learn.com\/wp-content\/uploads\/2021\/02\/cours-photo-en-visio-1-300x300.jpg 300w, https:\/\/www.photo-learn.com\/wp-content\/uploads\/2021\/02\/cours-photo-en-visio-1-150x150.jpg 150w, https:\/\/www.photo-learn.com\/wp-content\/uploads\/2021\/02\/cours-photo-en-visio-1-100x100.jpg 100w\" sizes=\"auto, (max-width: 300px) 100vw, 300px\" \/><\/div>\n\t\t\t\t\t<div class=\"wc-block-grid__product-title\">Module 1: gestion de la lumi\u00e8re 13-10-22 19h30 (En studio)<\/div>\n\t\t\t\t<\/a>\n\t\t\t\t<div class=\"wc-block-grid__product-price price\"><span class=\"woocommerce-Price-amount amount\"><span class=\"woocommerce-Price-currencySymbol\">&euro;<\/span>15,90<\/span><\/div>\n\t\t\t\t\n\t\t\t\t<div class=\"wp-block-button wc-block-grid__product-add-to-cart\"><a href=\"\/index.php\/wp-json\/wp\/v2\/pages\/172?add-to-cart=217\" aria-label=\"Ajouter au panier\u00a0: &ldquo;Module 1: gestion de la lumi\u00e8re 13-10-22 19h30 (En studio)&rdquo;\" data-quantity=\"1\" data-product_id=\"217\" data-product_sku=\"\" data-price=\"15.9\" rel=\"nofollow\" class=\"wp-block-button__link  add_to_cart_button ajax_add_to_cart\">Ajouter au panier<\/a><\/div>\n\t\t\t<\/li><li class=\"wc-block-grid__product\">\n\t\t\t\t<a href=\"https:\/\/www.photo-learn.com\/index.php\/produit\/module-1-gestion-de-la-lumiere-10-03-22-19h30-en-studio\/\" class=\"wc-block-grid__product-link\">\n\t\t\t\t\t\n\t\t\t\t\t<div class=\"wc-block-grid__product-image\"><img loading=\"lazy\" decoding=\"async\" width=\"300\" height=\"300\" src=\"https:\/\/www.photo-learn.com\/wp-content\/uploads\/2021\/02\/cours-photo-en-visio-1-300x300.jpg\" class=\"attachment-woocommerce_thumbnail size-woocommerce_thumbnail\" alt=\"Module 1: gestion de la lumi\u00e8re 10-03-22 19h30 (En studio)\" srcset=\"https:\/\/www.photo-learn.com\/wp-content\/uploads\/2021\/02\/cours-photo-en-visio-1-300x300.jpg 300w, https:\/\/www.photo-learn.com\/wp-content\/uploads\/2021\/02\/cours-photo-en-visio-1-150x150.jpg 150w, https:\/\/www.photo-learn.com\/wp-content\/uploads\/2021\/02\/cours-photo-en-visio-1-100x100.jpg 100w\" sizes=\"auto, (max-width: 300px) 100vw, 300px\" \/><\/div>\n\t\t\t\t\t<div class=\"wc-block-grid__product-title\">Module 1: gestion de la lumi\u00e8re 10-03-22 19h30 (En studio)<\/div>\n\t\t\t\t<\/a>\n\t\t\t\t<div class=\"wc-block-grid__product-price price\"><span class=\"woocommerce-Price-amount amount\"><span class=\"woocommerce-Price-currencySymbol\">&euro;<\/span>15,90<\/span><\/div>\n\t\t\t\t\n\t\t\t\t<div class=\"wp-block-button wc-block-grid__product-add-to-cart\"><a href=\"\/index.php\/wp-json\/wp\/v2\/pages\/172?add-to-cart=213\" aria-label=\"Ajouter au panier\u00a0: &ldquo;Module 1: gestion de la lumi\u00e8re 10-03-22 19h30 (En studio)&rdquo;\" data-quantity=\"1\" data-product_id=\"213\" data-product_sku=\"\" data-price=\"15.9\" rel=\"nofollow\" class=\"wp-block-button__link  add_to_cart_button ajax_add_to_cart\">Ajouter au panier<\/a><\/div>\n\t\t\t<\/li><li class=\"wc-block-grid__product\">\n\t\t\t\t<a href=\"https:\/\/www.photo-learn.com\/index.php\/produit\/module-1-gestion-de-la-lumiere-17-02-22-19h30-en-studio\/\" class=\"wc-block-grid__product-link\">\n\t\t\t\t\t\n\t\t\t\t\t<div class=\"wc-block-grid__product-image\"><img loading=\"lazy\" decoding=\"async\" width=\"300\" height=\"300\" src=\"https:\/\/www.photo-learn.com\/wp-content\/uploads\/2021\/02\/cours-photo-en-visio-1-300x300.jpg\" class=\"attachment-woocommerce_thumbnail size-woocommerce_thumbnail\" alt=\"Module 1: gestion de la lumi\u00e8re 17-02-22 19h30 (En studio)\" srcset=\"https:\/\/www.photo-learn.com\/wp-content\/uploads\/2021\/02\/cours-photo-en-visio-1-300x300.jpg 300w, https:\/\/www.photo-learn.com\/wp-content\/uploads\/2021\/02\/cours-photo-en-visio-1-150x150.jpg 150w, https:\/\/www.photo-learn.com\/wp-content\/uploads\/2021\/02\/cours-photo-en-visio-1-100x100.jpg 100w\" sizes=\"auto, (max-width: 300px) 100vw, 300px\" \/><\/div>\n\t\t\t\t\t<div class=\"wc-block-grid__product-title\">Module 1: gestion de la lumi\u00e8re 17-02-22 19h30 (En studio)<\/div>\n\t\t\t\t<\/a>\n\t\t\t\t<div class=\"wc-block-grid__product-price price\"><span class=\"woocommerce-Price-amount amount\"><span class=\"woocommerce-Price-currencySymbol\">&euro;<\/span>15,90<\/span><\/div>\n\t\t\t\t\n\t\t\t\t<div class=\"wp-block-button wc-block-grid__product-add-to-cart\"><a href=\"\/index.php\/wp-json\/wp\/v2\/pages\/172?add-to-cart=195\" aria-label=\"Ajouter au panier\u00a0: &ldquo;Module 1: gestion de la lumi\u00e8re 17-02-22 19h30 (En studio)&rdquo;\" data-quantity=\"1\" data-product_id=\"195\" data-product_sku=\"\" data-price=\"15.9\" rel=\"nofollow\" class=\"wp-block-button__link  add_to_cart_button ajax_add_to_cart\">Ajouter au panier<\/a><\/div>\n\t\t\t<\/li><li class=\"wc-block-grid__product\">\n\t\t\t\t<a href=\"https:\/\/www.photo-learn.com\/index.php\/produit\/module-1-gestion-de-la-lumiere-01-02-22-19h30-en-studio\/\" class=\"wc-block-grid__product-link\">\n\t\t\t\t\t\n\t\t\t\t\t<div class=\"wc-block-grid__product-image\"><img loading=\"lazy\" decoding=\"async\" width=\"300\" height=\"300\" src=\"https:\/\/www.photo-learn.com\/wp-content\/uploads\/2021\/02\/cours-photo-en-visio-1-300x300.jpg\" class=\"attachment-woocommerce_thumbnail size-woocommerce_thumbnail\" alt=\"Module 1: gestion de la lumi\u00e8re 03-02-22 19h30 (En studio)\" srcset=\"https:\/\/www.photo-learn.com\/wp-content\/uploads\/2021\/02\/cours-photo-en-visio-1-300x300.jpg 300w, https:\/\/www.photo-learn.com\/wp-content\/uploads\/2021\/02\/cours-photo-en-visio-1-150x150.jpg 150w, https:\/\/www.photo-learn.com\/wp-content\/uploads\/2021\/02\/cours-photo-en-visio-1-100x100.jpg 100w\" sizes=\"auto, (max-width: 300px) 100vw, 300px\" \/><\/div>\n\t\t\t\t\t<div class=\"wc-block-grid__product-title\">Module 1: gestion de la lumi\u00e8re 03-02-22 19h30 (En studio)<\/div>\n\t\t\t\t<\/a>\n\t\t\t\t<div class=\"wc-block-grid__product-price price\"><span class=\"woocommerce-Price-amount amount\"><span class=\"woocommerce-Price-currencySymbol\">&euro;<\/span>15,90<\/span><\/div>\n\t\t\t\t\n\t\t\t\t<div class=\"wp-block-button wc-block-grid__product-add-to-cart\"><a href=\"\/index.php\/wp-json\/wp\/v2\/pages\/172?add-to-cart=140\" aria-label=\"Ajouter au panier\u00a0: &ldquo;Module 1: gestion de la lumi\u00e8re 03-02-22 19h30 (En studio)&rdquo;\" data-quantity=\"1\" data-product_id=\"140\" data-product_sku=\"\" data-price=\"15.9\" rel=\"nofollow\" class=\"wp-block-button__link  add_to_cart_button ajax_add_to_cart\">Ajouter au panier<\/a><\/div>\n\t\t\t<\/li><\/ul><\/div>\n\n\n<div class=\"wp-block-group\"><div class=\"wp-block-group__inner-container is-layout-flow wp-block-group-is-layout-flow\">\n<div style=\"height:70px\" aria-hidden=\"true\" class=\"wp-block-spacer\"><\/div>\n\n\n\n<div class=\"wp-block-buttons is-layout-flex wp-block-buttons-is-layout-flex\">\n<div class=\"wp-block-button aligncenter\"><a class=\"wp-block-button__link\">Je souhaite m&rsquo;inscrire \u00e0 une date personnalis\u00e9e<\/a><\/div>\n\n\n\n<div class=\"wp-block-button aligncenter\"><a class=\"wp-block-button__link\">Inscription de groupe \u00e0 une date personnalis\u00e9e<\/a><\/div>\n<\/div>\n<\/div><\/div>\n","protected":false},"excerpt":{"rendered":"","protected":false},"author":1,"featured_media":0,"parent":0,"menu_order":0,"comment_status":"closed","ping_status":"closed","template":"","meta":{"ocean_post_layout":"","ocean_both_sidebars_style":"","ocean_both_sidebars_content_width":0,"ocean_both_sidebars_sidebars_width":0,"ocean_sidebar":"0","ocean_second_sidebar":"0","ocean_disable_margins":"enable","ocean_add_body_class":"","ocean_shortcode_before_top_bar":"","ocean_shortcode_after_top_bar":"","ocean_shortcode_before_header":"","ocean_shortcode_after_header":"","ocean_has_shortcode":"","ocean_shortcode_after_title":"","ocean_shortcode_before_footer_widgets":"","ocean_shortcode_after_footer_widgets":"","ocean_shortcode_before_footer_bottom":"","ocean_shortcode_after_footer_bottom":"","ocean_display_top_bar":"default","ocean_display_header":"default","ocean_header_style":"","ocean_center_header_left_menu":"0","ocean_custom_header_template":"0","ocean_custom_logo":0,"ocean_custom_retina_logo":0,"ocean_custom_logo_max_width":0,"ocean_custom_logo_tablet_max_width":0,"ocean_custom_logo_mobile_max_width":0,"ocean_custom_logo_max_height":0,"ocean_custom_logo_tablet_max_height":0,"ocean_custom_logo_mobile_max_height":0,"ocean_header_custom_menu":"0","ocean_menu_typo_font_family":"0","ocean_menu_typo_font_subset":"","ocean_menu_typo_font_size":0,"ocean_menu_typo_font_size_tablet":0,"ocean_menu_typo_font_size_mobile":0,"ocean_menu_typo_font_size_unit":"px","ocean_menu_typo_font_weight":"","ocean_menu_typo_font_weight_tablet":"","ocean_menu_typo_font_weight_mobile":"","ocean_menu_typo_transform":"","ocean_menu_typo_transform_tablet":"","ocean_menu_typo_transform_mobile":"","ocean_menu_typo_line_height":0,"ocean_menu_typo_line_height_tablet":0,"ocean_menu_typo_line_height_mobile":0,"ocean_menu_typo_line_height_unit":"","ocean_menu_typo_spacing":0,"ocean_menu_typo_spacing_tablet":0,"ocean_menu_typo_spacing_mobile":0,"ocean_menu_typo_spacing_unit":"","ocean_menu_link_color":"","ocean_menu_link_color_hover":"","ocean_menu_link_color_active":"","ocean_menu_link_background":"","ocean_menu_link_hover_background":"","ocean_menu_link_active_background":"","ocean_menu_social_links_bg":"","ocean_menu_social_hover_links_bg":"","ocean_menu_social_links_color":"","ocean_menu_social_hover_links_color":"","ocean_disable_title":"default","ocean_disable_heading":"default","ocean_post_title":"","ocean_post_subheading":"","ocean_post_title_style":"","ocean_post_title_background_color":"","ocean_post_title_background":0,"ocean_post_title_bg_image_position":"","ocean_post_title_bg_image_attachment":"","ocean_post_title_bg_image_repeat":"","ocean_post_title_bg_image_size":"","ocean_post_title_height":0,"ocean_post_title_bg_overlay":0.5,"ocean_post_title_bg_overlay_color":"","ocean_disable_breadcrumbs":"default","ocean_breadcrumbs_color":"","ocean_breadcrumbs_separator_color":"","ocean_breadcrumbs_links_color":"","ocean_breadcrumbs_links_hover_color":"","ocean_display_footer_widgets":"default","ocean_display_footer_bottom":"default","ocean_custom_footer_template":"0","footnotes":""},"class_list":["post-172","page","type-page","status-publish","hentry","entry","owp-thumbs-layout-horizontal","owp-btn-normal","owp-tabs-layout-horizontal","has-no-thumbnails","has-product-nav"],"aioseo_notices":[],"yoast_head":"<!-- This site is optimized with the Yoast SEO plugin v27.3 - https:\/\/yoast.com\/product\/yoast-seo-wordpress\/ -->\n<title>Cours de photographie - Gestion de l&#039;\u00e9clairage - Cours photo \u00e0 Paris<\/title>\n<meta name=\"description\" content=\"Je souhaite m&#039;inscrire \u00e0 une date personnalis\u00e9e Inscription de groupe \u00e0 une date personnalis\u00e9e\" \/>\n<meta name=\"robots\" content=\"index, follow, max-snippet:-1, max-image-preview:large, max-video-preview:-1\" \/>\n<link rel=\"canonical\" href=\"https:\/\/www.photo-learn.com\/index.php\/cours-de-photographie-gestion-de-leclairage\/\" \/>\n<meta property=\"og:locale\" content=\"fr_FR\" \/>\n<meta property=\"og:type\" content=\"article\" \/>\n<meta property=\"og:title\" content=\"Cours de photographie - Gestion de l&#039;\u00e9clairage - Cours photo \u00e0 Paris\" \/>\n<meta property=\"og:url\" content=\"https:\/\/www.photo-learn.com\/index.php\/cours-de-photographie-gestion-de-leclairage\/\" \/>\n<meta property=\"og:site_name\" content=\"Cours photo \u00e0 Paris\" \/>\n<meta property=\"article:modified_time\" content=\"2022-10-04T15:14:59+00:00\" \/>\n<meta name=\"twitter:card\" content=\"summary_large_image\" \/>\n<script type=\"application\/ld+json\" class=\"yoast-schema-graph\">{\"@context\":\"https:\\\/\\\/schema.org\",\"@graph\":[{\"@type\":\"WebPage\",\"@id\":\"https:\\\/\\\/www.photo-learn.com\\\/index.php\\\/cours-de-photographie-gestion-de-leclairage\\\/\",\"url\":\"https:\\\/\\\/www.photo-learn.com\\\/index.php\\\/cours-de-photographie-gestion-de-leclairage\\\/\",\"name\":\"Cours de photographie - Gestion de l'\u00e9clairage - Cours photo \u00e0 Paris\",\"isPartOf\":{\"@id\":\"https:\\\/\\\/www.photo-learn.com\\\/#website\"},\"datePublished\":\"2022-01-20T18:38:02+00:00\",\"dateModified\":\"2022-10-04T15:14:59+00:00\",\"breadcrumb\":{\"@id\":\"https:\\\/\\\/www.photo-learn.com\\\/index.php\\\/cours-de-photographie-gestion-de-leclairage\\\/#breadcrumb\"},\"inLanguage\":\"fr-FR\",\"potentialAction\":[{\"@type\":\"ReadAction\",\"target\":[\"https:\\\/\\\/www.photo-learn.com\\\/index.php\\\/cours-de-photographie-gestion-de-leclairage\\\/\"]}]},{\"@type\":\"BreadcrumbList\",\"@id\":\"https:\\\/\\\/www.photo-learn.com\\\/index.php\\\/cours-de-photographie-gestion-de-leclairage\\\/#breadcrumb\",\"itemListElement\":[{\"@type\":\"ListItem\",\"position\":1,\"name\":\"Accueil\",\"item\":\"https:\\\/\\\/www.photo-learn.com\\\/\"},{\"@type\":\"ListItem\",\"position\":2,\"name\":\"Cours de photographie &#8211; Gestion de l&rsquo;\u00e9clairage\"}]},{\"@type\":\"WebSite\",\"@id\":\"https:\\\/\\\/www.photo-learn.com\\\/#website\",\"url\":\"https:\\\/\\\/www.photo-learn.com\\\/\",\"name\":\"Cours photo \u00e0 Paris\",\"description\":\"apprentissage de la photo - ateliers pratiques \u00e0 Paris, en studio et en visio\",\"potentialAction\":[{\"@type\":\"SearchAction\",\"target\":{\"@type\":\"EntryPoint\",\"urlTemplate\":\"https:\\\/\\\/www.photo-learn.com\\\/?s={search_term_string}\"},\"query-input\":{\"@type\":\"PropertyValueSpecification\",\"valueRequired\":true,\"valueName\":\"search_term_string\"}}],\"inLanguage\":\"fr-FR\"}]}<\/script>\n<!-- \/ Yoast SEO plugin. -->","yoast_head_json":{"title":"Cours de photographie - Gestion de l'\u00e9clairage - Cours photo \u00e0 Paris","description":"Je souhaite m'inscrire \u00e0 une date personnalis\u00e9e Inscription de groupe \u00e0 une date personnalis\u00e9e","robots":{"index":"index","follow":"follow","max-snippet":"max-snippet:-1","max-image-preview":"max-image-preview:large","max-video-preview":"max-video-preview:-1"},"canonical":"https:\/\/www.photo-learn.com\/index.php\/cours-de-photographie-gestion-de-leclairage\/","og_locale":"fr_FR","og_type":"article","og_title":"Cours de photographie - Gestion de l'\u00e9clairage - Cours photo \u00e0 Paris","og_url":"https:\/\/www.photo-learn.com\/index.php\/cours-de-photographie-gestion-de-leclairage\/","og_site_name":"Cours photo \u00e0 Paris","article_modified_time":"2022-10-04T15:14:59+00:00","twitter_card":"summary_large_image","schema":{"@context":"https:\/\/schema.org","@graph":[{"@type":"WebPage","@id":"https:\/\/www.photo-learn.com\/index.php\/cours-de-photographie-gestion-de-leclairage\/","url":"https:\/\/www.photo-learn.com\/index.php\/cours-de-photographie-gestion-de-leclairage\/","name":"Cours de photographie - Gestion de l'\u00e9clairage - Cours photo \u00e0 Paris","isPartOf":{"@id":"https:\/\/www.photo-learn.com\/#website"},"datePublished":"2022-01-20T18:38:02+00:00","dateModified":"2022-10-04T15:14:59+00:00","breadcrumb":{"@id":"https:\/\/www.photo-learn.com\/index.php\/cours-de-photographie-gestion-de-leclairage\/#breadcrumb"},"inLanguage":"fr-FR","potentialAction":[{"@type":"ReadAction","target":["https:\/\/www.photo-learn.com\/index.php\/cours-de-photographie-gestion-de-leclairage\/"]}]},{"@type":"BreadcrumbList","@id":"https:\/\/www.photo-learn.com\/index.php\/cours-de-photographie-gestion-de-leclairage\/#breadcrumb","itemListElement":[{"@type":"ListItem","position":1,"name":"Accueil","item":"https:\/\/www.photo-learn.com\/"},{"@type":"ListItem","position":2,"name":"Cours de photographie &#8211; Gestion de l&rsquo;\u00e9clairage"}]},{"@type":"WebSite","@id":"https:\/\/www.photo-learn.com\/#website","url":"https:\/\/www.photo-learn.com\/","name":"Cours photo \u00e0 Paris","description":"apprentissage de la photo - ateliers pratiques \u00e0 Paris, en studio et en visio","potentialAction":[{"@type":"SearchAction","target":{"@type":"EntryPoint","urlTemplate":"https:\/\/www.photo-learn.com\/?s={search_term_string}"},"query-input":{"@type":"PropertyValueSpecification","valueRequired":true,"valueName":"search_term_string"}}],"inLanguage":"fr-FR"}]}},"_links":{"self":[{"href":"https:\/\/www.photo-learn.com\/index.php\/wp-json\/wp\/v2\/pages\/172","targetHints":{"allow":["GET"]}}],"collection":[{"href":"https:\/\/www.photo-learn.com\/index.php\/wp-json\/wp\/v2\/pages"}],"about":[{"href":"https:\/\/www.photo-learn.com\/index.php\/wp-json\/wp\/v2\/types\/page"}],"author":[{"embeddable":true,"href":"https:\/\/www.photo-learn.com\/index.php\/wp-json\/wp\/v2\/users\/1"}],"replies":[{"embeddable":true,"href":"https:\/\/www.photo-learn.com\/index.php\/wp-json\/wp\/v2\/comments?post=172"}],"version-history":[{"count":4,"href":"https:\/\/www.photo-learn.com\/index.php\/wp-json\/wp\/v2\/pages\/172\/revisions"}],"predecessor-version":[{"id":322,"href":"https:\/\/www.photo-learn.com\/index.php\/wp-json\/wp\/v2\/pages\/172\/revisions\/322"}],"wp:attachment":[{"href":"https:\/\/www.photo-learn.com\/index.php\/wp-json\/wp\/v2\/media?parent=172"}],"curies":[{"name":"wp","href":"https:\/\/api.w.org\/{rel}","templated":true}]}}