{"id":237,"date":"2022-08-26T00:43:13","date_gmt":"2022-08-25T22:43:13","guid":{"rendered":"https:\/\/www.photo-learn.com\/?page_id=237"},"modified":"2022-12-21T23:50:28","modified_gmt":"2022-12-21T22:50:28","slug":"cours-de-photographie-a-paris","status":"publish","type":"page","link":"https:\/\/www.photo-learn.com\/index.php\/cours-de-photographie-a-paris\/","title":{"rendered":"Cours de photographie \u00e0 Paris"},"content":{"rendered":"\n<div class=\"wp-block-columns is-layout-flex wp-container-core-columns-is-layout-9d6595d7 wp-block-columns-is-layout-flex\">\n<div class=\"wp-block-column is-layout-flow wp-block-column-is-layout-flow\">\n<div class=\"wp-block-group is-vertical is-content-justification-center is-layout-flex wp-container-core-group-is-layout-4b2eccd6 wp-block-group-is-layout-flex\">\n<p class=\"has-text-align-center\"><em>Module 1:<\/em><\/p>\n\n\n\n<p class=\"has-text-align-center\"><strong><a href=\"https:\/\/www.photo-learn.com\/index.php\/cours-de-photographie-a-paris\/#cours-photo-debutant\" data-type=\"URL\" data-id=\"https:\/\/www.photo-learn.com\/index.php\/cours-de-photographie-a-paris\/#cours-photo-debutant\">Cours de Photo D\u00e9butant \u00e0 Paris<\/a><\/strong><\/p>\n<\/div>\n<\/div>\n\n\n\n<div class=\"wp-block-column is-layout-flow wp-block-column-is-layout-flow\">\n<div class=\"wp-block-group is-vertical is-content-justification-center is-layout-flex wp-container-core-group-is-layout-4b2eccd6 wp-block-group-is-layout-flex\">\n<p class=\"has-text-align-center\"><em>Module 2:<\/em><\/p>\n\n\n\n<p class=\"has-text-align-center\"><strong><a href=\"https:\/\/www.photo-learn.com\/index.php\/cours-de-photographie-a-paris\/#cours-photo-nuit\" data-type=\"URL\" data-id=\"https:\/\/www.photo-learn.com\/index.php\/cours-de-photographie-a-paris\/#cours-photo-nuit\">R\u00e9ussir vos photos de nuit (Paris)<\/a><\/strong><\/p>\n<\/div>\n<\/div>\n\n\n\n<div class=\"wp-block-column is-layout-flow wp-block-column-is-layout-flow\"><\/div>\n<\/div>\n\n\n\n<div style=\"height:25px\" aria-hidden=\"true\" class=\"wp-block-spacer\"><\/div>\n\n\n\n<h3 class=\"wp-block-heading\"><strong>Apprendre et s\u2019exercer \u00e0 la photo \u00e0 Paris<\/strong><\/h3>\n\n\n\n<p>Photo-Learn propose des <strong>cours de photographie<\/strong> pour <strong>d\u00e9butant<\/strong> avec coaching personnalis\u00e9 et accompagnement en petit comit\u00e9 (groupe de 7 personnes maximum).<\/p>\n\n\n\n<h2 class=\"wp-block-heading\" id=\"cours-photo-debutant\">Cours de photographie au petit Palais de Paris<\/h2>\n\n\n\n<p>Profitez d&rsquo;un cadre exceptionnel pour <strong>apprendre<\/strong> les bases et pratiquer la <strong>photographie <\/strong>au Petit Palais, dans le 8\u00e8me arrondissement de <strong>Paris<\/strong>.<\/p>\n\n\n\n<p>Objectif du <strong>cours<\/strong>: r\u00e9ussir ses <strong>photos<\/strong> dans de faibles conditions lumineuses et sans flash. Personnalisez le rendu de vos <strong>photos<\/strong> gr\u00e2ce aux r\u00e9glages manuels de votre appareil <strong>photo<\/strong><\/p>\n\n\n\n<p>Ce <strong>cours<\/strong> d\u00e9di\u00e9 aux <strong>d\u00e9butants<\/strong> vous permettra de conna\u00eetre le fonctionnement des diff\u00e9rents modes de votre appareil afin de prendre des <strong>photos<\/strong> au rendu personnalis\u00e9 gr\u00e2ce aux diff\u00e9rents modes de votre appareil dont le mode manuel.<\/p>\n\n\n\n<p>Apr\u00e8s 15 minutes de th\u00e9orie enseign\u00e9e vous serez accompagn\u00e9 et coach\u00e9 par un professeur dans votre pratique de la <strong>photographie<\/strong>. Les ateliers durent 55 minutes.<\/p>\n\n\n\n<p>Afin de pouvoir participer aux ateliers il est recommand\u00e9 d&rsquo;avoir <a href=\"https:\/\/www.photo-learn.com\/index.php\/les-differents-modes-de-mon-appareil-photo\/\"><u>un appareil photo d\u00e9brayable<\/u><\/a> (avec les modes semi manuel et manuel)<\/p>\n\n\n\n<p class=\"has-luminous-vivid-orange-color has-text-color\">Prochain cours: le samedi 26 novembre 2022 \u00e0 16h30 (inscription ouverte \u00e0 partir du dimanche 20 novembre)<\/p>\n\n\n\n<div style=\"height:15px\" aria-hidden=\"true\" class=\"wp-block-spacer\"><\/div>\n\n\n\n<div class=\"wp-block-buttons is-layout-flex wp-block-buttons-is-layout-flex\">\n<div class=\"wp-block-button aligncenter\"><a class=\"wp-block-button__link wp-element-button\" href=\"https:\/\/www.photo-learn.com\/index.php\/produit\/cours-de-photographie-debutant-a-paris\/\">Je souhaite m&rsquo;inscrire<\/a><\/div>\n<\/div>\n\n\n\n<div style=\"height:65px\" aria-hidden=\"true\" class=\"wp-block-spacer\"><\/div>\n\n\n\n<div class=\"wp-block-columns is-layout-flex wp-container-core-columns-is-layout-9d6595d7 wp-block-columns-is-layout-flex\">\n<div class=\"wp-block-column is-layout-flow wp-block-column-is-layout-flow\" style=\"flex-basis:30%\">\n<figure class=\"wp-block-image size-full\"><img loading=\"lazy\" decoding=\"async\" width=\"820\" height=\"829\" src=\"https:\/\/www.photo-learn.com\/wp-content\/uploads\/2022\/08\/cours-photo-Paris.jpg\" alt=\"\" class=\"wp-image-248\" srcset=\"https:\/\/www.photo-learn.com\/wp-content\/uploads\/2022\/08\/cours-photo-Paris.jpg 820w, https:\/\/www.photo-learn.com\/wp-content\/uploads\/2022\/08\/cours-photo-Paris-297x300.jpg 297w, https:\/\/www.photo-learn.com\/wp-content\/uploads\/2022\/08\/cours-photo-Paris-768x776.jpg 768w, https:\/\/www.photo-learn.com\/wp-content\/uploads\/2022\/08\/cours-photo-Paris-600x607.jpg 600w, https:\/\/www.photo-learn.com\/wp-content\/uploads\/2022\/08\/cours-photo-Paris-100x100.jpg 100w\" sizes=\"auto, (max-width: 820px) 100vw, 820px\" \/><\/figure>\n<\/div>\n\n\n\n<div class=\"wp-block-column is-layout-flow wp-block-column-is-layout-flow\" style=\"flex-basis:50%\">\n<figure class=\"wp-block-image size-full is-resized\"><img loading=\"lazy\" decoding=\"async\" src=\"https:\/\/www.photo-learn.com\/wp-content\/uploads\/2022\/08\/cours-photo-debutant-paris.jpg\" alt=\"\" class=\"wp-image-250\" width=\"461\" height=\"329\"\/><\/figure>\n<\/div>\n\n\n\n<div class=\"wp-block-column is-layout-flow wp-block-column-is-layout-flow\" style=\"flex-basis:25%\">\n<figure class=\"wp-block-image size-large\"><img loading=\"lazy\" decoding=\"async\" width=\"848\" height=\"1024\" src=\"https:\/\/www.photo-learn.com\/wp-content\/uploads\/2022\/08\/cours-photographie-paris-848x1024.jpg\" alt=\"\" class=\"wp-image-249\" srcset=\"https:\/\/www.photo-learn.com\/wp-content\/uploads\/2022\/08\/cours-photographie-paris-848x1024.jpg 848w, https:\/\/www.photo-learn.com\/wp-content\/uploads\/2022\/08\/cours-photographie-paris-248x300.jpg 248w, https:\/\/www.photo-learn.com\/wp-content\/uploads\/2022\/08\/cours-photographie-paris-768x928.jpg 768w, https:\/\/www.photo-learn.com\/wp-content\/uploads\/2022\/08\/cours-photographie-paris-600x725.jpg 600w, https:\/\/www.photo-learn.com\/wp-content\/uploads\/2022\/08\/cours-photographie-paris.jpg 900w\" sizes=\"auto, (max-width: 848px) 100vw, 848px\" \/><\/figure>\n<\/div>\n<\/div>\n\n\n\n<div style=\"height:40px\" aria-hidden=\"true\" class=\"wp-block-spacer\"><\/div>\n\n\n\n<h3 class=\"wp-block-heading\" id=\"cours-photo-nuit\">Cours de photographie au Louvre<\/h3>\n\n\n\n<h4 class=\"wp-block-heading\">R\u00e9ussir ses photos de nuit (en ext\u00e9rieur)<\/h4>\n\n\n\n<p>Nous profiterons de l&rsquo;\u00e9clairage offert par le Louvre pour apprendre et s&rsquo;exercer \u00e0 <strong>la photographie nocturne<\/strong>.<\/p>\n\n\n\n<p class=\"has-luminous-vivid-orange-color has-text-color\">Prochain cours: le dimanche 06 novembre2022 \u00e0 19h00 (inscription ouverte \u00e0 partir du dimanche 30 octobre)<\/p>\n\n\n\n<div style=\"height:35px\" aria-hidden=\"true\" class=\"wp-block-spacer\"><\/div>\n\n\n\n<div class=\"wp-block-buttons is-layout-flex wp-block-buttons-is-layout-flex\">\n<div class=\"wp-block-button aligncenter\"><a class=\"wp-block-button__link wp-element-button\" href=\"https:\/\/www.photo-learn.com\/index.php\/produit\/cours-de-photographie-nocturne-a-paris\/\">Je souhaite m&rsquo;inscrire<\/a><\/div>\n<\/div>\n\n\n\n<div style=\"height:45px\" aria-hidden=\"true\" class=\"wp-block-spacer\"><\/div>\n\n\n\n<div class=\"wp-block-columns is-layout-flex wp-container-core-columns-is-layout-9d6595d7 wp-block-columns-is-layout-flex\">\n<div class=\"wp-block-column is-layout-flow wp-block-column-is-layout-flow\">\n<figure class=\"wp-block-image size-large\"><img loading=\"lazy\" decoding=\"async\" width=\"1024\" height=\"1024\" src=\"https:\/\/www.photo-learn.com\/wp-content\/uploads\/2022\/10\/cours-photographie-paris-nuit-1024x1024.jpg\" alt=\"\" class=\"wp-image-385\" srcset=\"https:\/\/www.photo-learn.com\/wp-content\/uploads\/2022\/10\/cours-photographie-paris-nuit-1024x1024.jpg 1024w, https:\/\/www.photo-learn.com\/wp-content\/uploads\/2022\/10\/cours-photographie-paris-nuit-300x300.jpg 300w, https:\/\/www.photo-learn.com\/wp-content\/uploads\/2022\/10\/cours-photographie-paris-nuit-150x150.jpg 150w, https:\/\/www.photo-learn.com\/wp-content\/uploads\/2022\/10\/cours-photographie-paris-nuit-768x768.jpg 768w, https:\/\/www.photo-learn.com\/wp-content\/uploads\/2022\/10\/cours-photographie-paris-nuit-600x600.jpg 600w, https:\/\/www.photo-learn.com\/wp-content\/uploads\/2022\/10\/cours-photographie-paris-nuit-100x100.jpg 100w, https:\/\/www.photo-learn.com\/wp-content\/uploads\/2022\/10\/cours-photographie-paris-nuit.jpg 1500w\" sizes=\"auto, (max-width: 1024px) 100vw, 1024px\" \/><\/figure>\n<\/div>\n\n\n\n<div class=\"wp-block-column is-layout-flow wp-block-column-is-layout-flow\">\n<figure class=\"wp-block-image size-large\"><img loading=\"lazy\" decoding=\"async\" width=\"1024\" height=\"1024\" src=\"https:\/\/www.photo-learn.com\/wp-content\/uploads\/2022\/10\/cours-photo-paris-nuit-1024x1024.jpg\" alt=\"\" class=\"wp-image-386\" srcset=\"https:\/\/www.photo-learn.com\/wp-content\/uploads\/2022\/10\/cours-photo-paris-nuit-1024x1024.jpg 1024w, https:\/\/www.photo-learn.com\/wp-content\/uploads\/2022\/10\/cours-photo-paris-nuit-300x300.jpg 300w, https:\/\/www.photo-learn.com\/wp-content\/uploads\/2022\/10\/cours-photo-paris-nuit-150x150.jpg 150w, https:\/\/www.photo-learn.com\/wp-content\/uploads\/2022\/10\/cours-photo-paris-nuit-768x768.jpg 768w, https:\/\/www.photo-learn.com\/wp-content\/uploads\/2022\/10\/cours-photo-paris-nuit-600x600.jpg 600w, https:\/\/www.photo-learn.com\/wp-content\/uploads\/2022\/10\/cours-photo-paris-nuit-100x100.jpg 100w, https:\/\/www.photo-learn.com\/wp-content\/uploads\/2022\/10\/cours-photo-paris-nuit.jpg 1500w\" sizes=\"auto, (max-width: 1024px) 100vw, 1024px\" \/><\/figure>\n<\/div>\n\n\n\n<div class=\"wp-block-column is-layout-flow wp-block-column-is-layout-flow\">\n<figure class=\"wp-block-image size-large\"><img loading=\"lazy\" decoding=\"async\" width=\"1024\" height=\"1024\" src=\"https:\/\/www.photo-learn.com\/wp-content\/uploads\/2022\/10\/cours-photographie-paris-nocturne-1024x1024.jpg\" alt=\"\" class=\"wp-image-387\" srcset=\"https:\/\/www.photo-learn.com\/wp-content\/uploads\/2022\/10\/cours-photographie-paris-nocturne-1024x1024.jpg 1024w, https:\/\/www.photo-learn.com\/wp-content\/uploads\/2022\/10\/cours-photographie-paris-nocturne-300x300.jpg 300w, https:\/\/www.photo-learn.com\/wp-content\/uploads\/2022\/10\/cours-photographie-paris-nocturne-150x150.jpg 150w, https:\/\/www.photo-learn.com\/wp-content\/uploads\/2022\/10\/cours-photographie-paris-nocturne-768x768.jpg 768w, https:\/\/www.photo-learn.com\/wp-content\/uploads\/2022\/10\/cours-photographie-paris-nocturne-600x600.jpg 600w, https:\/\/www.photo-learn.com\/wp-content\/uploads\/2022\/10\/cours-photographie-paris-nocturne-100x100.jpg 100w, https:\/\/www.photo-learn.com\/wp-content\/uploads\/2022\/10\/cours-photographie-paris-nocturne.jpg 1500w\" sizes=\"auto, (max-width: 1024px) 100vw, 1024px\" \/><\/figure>\n<\/div>\n<\/div>\n\n\n\n<p>Pour plus d&rsquo;infos sur les <strong>cours de photo \u00e0 Paris<\/strong> vous pouvez contacter le 06 16 96 63 47 ou suivre <a rel=\"noreferrer noopener\" href=\"https:\/\/www.facebook.com\/Studio-photo-learn-104952388785865\" target=\"_blank\">la page Facebook Photo-Learn<\/a><\/p>\n\n\n\n<h2 class=\"wp-block-heading\"><\/h2>\n\n\n\n<h2 class=\"wp-block-heading\"><\/h2>\n","protected":false},"excerpt":{"rendered":"<p>Module 1: Cours de Photo D\u00e9butant \u00e0 Paris Module 2: R\u00e9ussir vos photos de nuit (Paris) Apprendre et s\u2019exercer \u00e0 la photo \u00e0 Paris Photo-Learn propose des cours de photographie pour d\u00e9butant avec coaching personnalis\u00e9 et accompagnement en petit comit\u00e9 (groupe de 7 personnes maximum). Cours de photographie au petit Palais de Paris Profitez d&rsquo;un [&hellip;]<\/p>\n","protected":false},"author":1,"featured_media":0,"parent":0,"menu_order":0,"comment_status":"closed","ping_status":"closed","template":"","meta":{"ocean_post_layout":"","ocean_both_sidebars_style":"","ocean_both_sidebars_content_width":0,"ocean_both_sidebars_sidebars_width":0,"ocean_sidebar":"0","ocean_second_sidebar":"0","ocean_disable_margins":"enable","ocean_add_body_class":"","ocean_shortcode_before_top_bar":"","ocean_shortcode_after_top_bar":"","ocean_shortcode_before_header":"","ocean_shortcode_after_header":"","ocean_has_shortcode":"","ocean_shortcode_after_title":"","ocean_shortcode_before_footer_widgets":"","ocean_shortcode_after_footer_widgets":"","ocean_shortcode_before_footer_bottom":"","ocean_shortcode_after_footer_bottom":"","ocean_display_top_bar":"default","ocean_display_header":"default","ocean_header_style":"","ocean_center_header_left_menu":"0","ocean_custom_header_template":"0","ocean_custom_logo":0,"ocean_custom_retina_logo":0,"ocean_custom_logo_max_width":0,"ocean_custom_logo_tablet_max_width":0,"ocean_custom_logo_mobile_max_width":0,"ocean_custom_logo_max_height":0,"ocean_custom_logo_tablet_max_height":0,"ocean_custom_logo_mobile_max_height":0,"ocean_header_custom_menu":"0","ocean_menu_typo_font_family":"0","ocean_menu_typo_font_subset":"","ocean_menu_typo_font_size":0,"ocean_menu_typo_font_size_tablet":0,"ocean_menu_typo_font_size_mobile":0,"ocean_menu_typo_font_size_unit":"px","ocean_menu_typo_font_weight":"","ocean_menu_typo_font_weight_tablet":"","ocean_menu_typo_font_weight_mobile":"","ocean_menu_typo_transform":"","ocean_menu_typo_transform_tablet":"","ocean_menu_typo_transform_mobile":"","ocean_menu_typo_line_height":0,"ocean_menu_typo_line_height_tablet":0,"ocean_menu_typo_line_height_mobile":0,"ocean_menu_typo_line_height_unit":"","ocean_menu_typo_spacing":0,"ocean_menu_typo_spacing_tablet":0,"ocean_menu_typo_spacing_mobile":0,"ocean_menu_typo_spacing_unit":"","ocean_menu_link_color":"","ocean_menu_link_color_hover":"","ocean_menu_link_color_active":"","ocean_menu_link_background":"","ocean_menu_link_hover_background":"","ocean_menu_link_active_background":"","ocean_menu_social_links_bg":"","ocean_menu_social_hover_links_bg":"","ocean_menu_social_links_color":"","ocean_menu_social_hover_links_color":"","ocean_disable_title":"default","ocean_disable_heading":"default","ocean_post_title":"","ocean_post_subheading":"","ocean_post_title_style":"","ocean_post_title_background_color":"","ocean_post_title_background":0,"ocean_post_title_bg_image_position":"","ocean_post_title_bg_image_attachment":"","ocean_post_title_bg_image_repeat":"","ocean_post_title_bg_image_size":"","ocean_post_title_height":0,"ocean_post_title_bg_overlay":0.5,"ocean_post_title_bg_overlay_color":"","ocean_disable_breadcrumbs":"default","ocean_breadcrumbs_color":"","ocean_breadcrumbs_separator_color":"","ocean_breadcrumbs_links_color":"","ocean_breadcrumbs_links_hover_color":"","ocean_display_footer_widgets":"default","ocean_display_footer_bottom":"default","ocean_custom_footer_template":"0","footnotes":""},"class_list":["post-237","page","type-page","status-publish","hentry","entry","owp-thumbs-layout-horizontal","owp-btn-normal","owp-tabs-layout-horizontal","has-no-thumbnails","has-product-nav"],"aioseo_notices":[],"yoast_head":"<!-- This site is optimized with the Yoast SEO plugin v27.3 - https:\/\/yoast.com\/product\/yoast-seo-wordpress\/ -->\n<title>Cours de photographie \u00e0 Paris - Cours photo \u00e0 Paris<\/title>\n<meta name=\"description\" content=\"Module 1: Cours de Photo D\u00e9butant \u00e0 Paris Module 2: R\u00e9ussir vos photos de nuit (Paris) Apprendre et s\u2019exercer \u00e0 la photo \u00e0 Paris Photo-Learn propose des cours de photographie pour d\u00e9butant avec coaching personnalis\u00e9 et accompagnement en petit comit\u00e9 (groupe de 7 personnes maximum). Cours de photographie au petit Palais de Paris Profitez d&rsquo;un [&hellip;]\" \/>\n<meta name=\"robots\" content=\"index, follow, max-snippet:-1, max-image-preview:large, max-video-preview:-1\" \/>\n<link rel=\"canonical\" href=\"https:\/\/www.photo-learn.com\/index.php\/cours-de-photographie-a-paris\/\" \/>\n<meta property=\"og:locale\" content=\"fr_FR\" \/>\n<meta property=\"og:type\" content=\"article\" \/>\n<meta property=\"og:title\" content=\"Cours de photographie \u00e0 Paris - Cours photo \u00e0 Paris\" \/>\n<meta property=\"og:description\" content=\"Module 1: Cours de Photo D\u00e9butant \u00e0 Paris Module 2: R\u00e9ussir vos photos de nuit (Paris) Apprendre et s\u2019exercer \u00e0 la photo \u00e0 Paris Photo-Learn propose des cours de photographie pour d\u00e9butant avec coaching personnalis\u00e9 et accompagnement en petit comit\u00e9 (groupe de 7 personnes maximum). Cours de photographie au petit Palais de Paris Profitez d&rsquo;un [&hellip;]\" \/>\n<meta property=\"og:url\" content=\"https:\/\/www.photo-learn.com\/index.php\/cours-de-photographie-a-paris\/\" \/>\n<meta property=\"og:site_name\" content=\"Cours photo \u00e0 Paris\" \/>\n<meta property=\"article:modified_time\" content=\"2022-12-21T22:50:28+00:00\" \/>\n<meta property=\"og:image\" content=\"https:\/\/www.photo-learn.com\/wp-content\/uploads\/2022\/08\/cours-photo-Paris.jpg\" \/>\n\t<meta property=\"og:image:width\" content=\"820\" \/>\n\t<meta property=\"og:image:height\" content=\"829\" \/>\n\t<meta property=\"og:image:type\" content=\"image\/jpeg\" \/>\n<meta name=\"twitter:card\" content=\"summary_large_image\" \/>\n<meta name=\"twitter:label1\" content=\"Dur\u00e9e de lecture estim\u00e9e\" \/>\n\t<meta name=\"twitter:data1\" content=\"1 minute\" \/>\n<script type=\"application\/ld+json\" class=\"yoast-schema-graph\">{\"@context\":\"https:\\\/\\\/schema.org\",\"@graph\":[{\"@type\":\"WebPage\",\"@id\":\"https:\\\/\\\/www.photo-learn.com\\\/index.php\\\/cours-de-photographie-a-paris\\\/\",\"url\":\"https:\\\/\\\/www.photo-learn.com\\\/index.php\\\/cours-de-photographie-a-paris\\\/\",\"name\":\"Cours de photographie \u00e0 Paris - Cours photo \u00e0 Paris\",\"isPartOf\":{\"@id\":\"https:\\\/\\\/www.photo-learn.com\\\/#website\"},\"primaryImageOfPage\":{\"@id\":\"https:\\\/\\\/www.photo-learn.com\\\/index.php\\\/cours-de-photographie-a-paris\\\/#primaryimage\"},\"image\":{\"@id\":\"https:\\\/\\\/www.photo-learn.com\\\/index.php\\\/cours-de-photographie-a-paris\\\/#primaryimage\"},\"thumbnailUrl\":\"https:\\\/\\\/www.photo-learn.com\\\/wp-content\\\/uploads\\\/2022\\\/08\\\/cours-photo-Paris.jpg\",\"datePublished\":\"2022-08-25T22:43:13+00:00\",\"dateModified\":\"2022-12-21T22:50:28+00:00\",\"breadcrumb\":{\"@id\":\"https:\\\/\\\/www.photo-learn.com\\\/index.php\\\/cours-de-photographie-a-paris\\\/#breadcrumb\"},\"inLanguage\":\"fr-FR\",\"potentialAction\":[{\"@type\":\"ReadAction\",\"target\":[\"https:\\\/\\\/www.photo-learn.com\\\/index.php\\\/cours-de-photographie-a-paris\\\/\"]}]},{\"@type\":\"ImageObject\",\"inLanguage\":\"fr-FR\",\"@id\":\"https:\\\/\\\/www.photo-learn.com\\\/index.php\\\/cours-de-photographie-a-paris\\\/#primaryimage\",\"url\":\"https:\\\/\\\/www.photo-learn.com\\\/wp-content\\\/uploads\\\/2022\\\/08\\\/cours-photo-Paris.jpg\",\"contentUrl\":\"https:\\\/\\\/www.photo-learn.com\\\/wp-content\\\/uploads\\\/2022\\\/08\\\/cours-photo-Paris.jpg\",\"width\":820,\"height\":829},{\"@type\":\"BreadcrumbList\",\"@id\":\"https:\\\/\\\/www.photo-learn.com\\\/index.php\\\/cours-de-photographie-a-paris\\\/#breadcrumb\",\"itemListElement\":[{\"@type\":\"ListItem\",\"position\":1,\"name\":\"Accueil\",\"item\":\"https:\\\/\\\/www.photo-learn.com\\\/\"},{\"@type\":\"ListItem\",\"position\":2,\"name\":\"Cours de photographie \u00e0 Paris\"}]},{\"@type\":\"WebSite\",\"@id\":\"https:\\\/\\\/www.photo-learn.com\\\/#website\",\"url\":\"https:\\\/\\\/www.photo-learn.com\\\/\",\"name\":\"Cours photo \u00e0 Paris\",\"description\":\"apprentissage de la photo - ateliers pratiques \u00e0 Paris, en studio et en visio\",\"potentialAction\":[{\"@type\":\"SearchAction\",\"target\":{\"@type\":\"EntryPoint\",\"urlTemplate\":\"https:\\\/\\\/www.photo-learn.com\\\/?s={search_term_string}\"},\"query-input\":{\"@type\":\"PropertyValueSpecification\",\"valueRequired\":true,\"valueName\":\"search_term_string\"}}],\"inLanguage\":\"fr-FR\"}]}<\/script>\n<!-- \/ Yoast SEO plugin. -->","yoast_head_json":{"title":"Cours de photographie \u00e0 Paris - Cours photo \u00e0 Paris","description":"Module 1: Cours de Photo D\u00e9butant \u00e0 Paris Module 2: R\u00e9ussir vos photos de nuit (Paris) Apprendre et s\u2019exercer \u00e0 la photo \u00e0 Paris Photo-Learn propose des cours de photographie pour d\u00e9butant avec coaching personnalis\u00e9 et accompagnement en petit comit\u00e9 (groupe de 7 personnes maximum). Cours de photographie au petit Palais de Paris Profitez d&rsquo;un [&hellip;]","robots":{"index":"index","follow":"follow","max-snippet":"max-snippet:-1","max-image-preview":"max-image-preview:large","max-video-preview":"max-video-preview:-1"},"canonical":"https:\/\/www.photo-learn.com\/index.php\/cours-de-photographie-a-paris\/","og_locale":"fr_FR","og_type":"article","og_title":"Cours de photographie \u00e0 Paris - Cours photo \u00e0 Paris","og_description":"Module 1: Cours de Photo D\u00e9butant \u00e0 Paris Module 2: R\u00e9ussir vos photos de nuit (Paris) Apprendre et s\u2019exercer \u00e0 la photo \u00e0 Paris Photo-Learn propose des cours de photographie pour d\u00e9butant avec coaching personnalis\u00e9 et accompagnement en petit comit\u00e9 (groupe de 7 personnes maximum). Cours de photographie au petit Palais de Paris Profitez d&rsquo;un [&hellip;]","og_url":"https:\/\/www.photo-learn.com\/index.php\/cours-de-photographie-a-paris\/","og_site_name":"Cours photo \u00e0 Paris","article_modified_time":"2022-12-21T22:50:28+00:00","og_image":[{"width":820,"height":829,"url":"https:\/\/www.photo-learn.com\/wp-content\/uploads\/2022\/08\/cours-photo-Paris.jpg","type":"image\/jpeg"}],"twitter_card":"summary_large_image","twitter_misc":{"Dur\u00e9e de lecture estim\u00e9e":"1 minute"},"schema":{"@context":"https:\/\/schema.org","@graph":[{"@type":"WebPage","@id":"https:\/\/www.photo-learn.com\/index.php\/cours-de-photographie-a-paris\/","url":"https:\/\/www.photo-learn.com\/index.php\/cours-de-photographie-a-paris\/","name":"Cours de photographie \u00e0 Paris - Cours photo \u00e0 Paris","isPartOf":{"@id":"https:\/\/www.photo-learn.com\/#website"},"primaryImageOfPage":{"@id":"https:\/\/www.photo-learn.com\/index.php\/cours-de-photographie-a-paris\/#primaryimage"},"image":{"@id":"https:\/\/www.photo-learn.com\/index.php\/cours-de-photographie-a-paris\/#primaryimage"},"thumbnailUrl":"https:\/\/www.photo-learn.com\/wp-content\/uploads\/2022\/08\/cours-photo-Paris.jpg","datePublished":"2022-08-25T22:43:13+00:00","dateModified":"2022-12-21T22:50:28+00:00","breadcrumb":{"@id":"https:\/\/www.photo-learn.com\/index.php\/cours-de-photographie-a-paris\/#breadcrumb"},"inLanguage":"fr-FR","potentialAction":[{"@type":"ReadAction","target":["https:\/\/www.photo-learn.com\/index.php\/cours-de-photographie-a-paris\/"]}]},{"@type":"ImageObject","inLanguage":"fr-FR","@id":"https:\/\/www.photo-learn.com\/index.php\/cours-de-photographie-a-paris\/#primaryimage","url":"https:\/\/www.photo-learn.com\/wp-content\/uploads\/2022\/08\/cours-photo-Paris.jpg","contentUrl":"https:\/\/www.photo-learn.com\/wp-content\/uploads\/2022\/08\/cours-photo-Paris.jpg","width":820,"height":829},{"@type":"BreadcrumbList","@id":"https:\/\/www.photo-learn.com\/index.php\/cours-de-photographie-a-paris\/#breadcrumb","itemListElement":[{"@type":"ListItem","position":1,"name":"Accueil","item":"https:\/\/www.photo-learn.com\/"},{"@type":"ListItem","position":2,"name":"Cours de photographie \u00e0 Paris"}]},{"@type":"WebSite","@id":"https:\/\/www.photo-learn.com\/#website","url":"https:\/\/www.photo-learn.com\/","name":"Cours photo \u00e0 Paris","description":"apprentissage de la photo - ateliers pratiques \u00e0 Paris, en studio et en visio","potentialAction":[{"@type":"SearchAction","target":{"@type":"EntryPoint","urlTemplate":"https:\/\/www.photo-learn.com\/?s={search_term_string}"},"query-input":{"@type":"PropertyValueSpecification","valueRequired":true,"valueName":"search_term_string"}}],"inLanguage":"fr-FR"}]}},"_links":{"self":[{"href":"https:\/\/www.photo-learn.com\/index.php\/wp-json\/wp\/v2\/pages\/237","targetHints":{"allow":["GET"]}}],"collection":[{"href":"https:\/\/www.photo-learn.com\/index.php\/wp-json\/wp\/v2\/pages"}],"about":[{"href":"https:\/\/www.photo-learn.com\/index.php\/wp-json\/wp\/v2\/types\/page"}],"author":[{"embeddable":true,"href":"https:\/\/www.photo-learn.com\/index.php\/wp-json\/wp\/v2\/users\/1"}],"replies":[{"embeddable":true,"href":"https:\/\/www.photo-learn.com\/index.php\/wp-json\/wp\/v2\/comments?post=237"}],"version-history":[{"count":45,"href":"https:\/\/www.photo-learn.com\/index.php\/wp-json\/wp\/v2\/pages\/237\/revisions"}],"predecessor-version":[{"id":476,"href":"https:\/\/www.photo-learn.com\/index.php\/wp-json\/wp\/v2\/pages\/237\/revisions\/476"}],"wp:attachment":[{"href":"https:\/\/www.photo-learn.com\/index.php\/wp-json\/wp\/v2\/media?parent=237"}],"curies":[{"name":"wp","href":"https:\/\/api.w.org\/{rel}","templated":true}]}}