{"id":271,"date":"2022-08-30T20:07:06","date_gmt":"2022-08-30T18:07:06","guid":{"rendered":"https:\/\/www.photo-learn.com\/?page_id=271"},"modified":"2022-08-30T20:28:04","modified_gmt":"2022-08-30T18:28:04","slug":"les-differents-modes-de-mon-appareil-photo","status":"publish","type":"page","link":"https:\/\/www.photo-learn.com\/index.php\/les-differents-modes-de-mon-appareil-photo\/","title":{"rendered":"Les diff\u00e9rents modes de mon appareil photo"},"content":{"rendered":"<p>Un <strong>appareil photo<\/strong> d\u00e9brayable vous permets de personnaliser vos clich\u00e9s en fonction du rendu que vous souhaitez. Qu&rsquo;il s&rsquo;agisse d\u2019exposition \u00e0 la lumi\u00e8re, de profondeur de champs, de flou \u00ab\u00a0de boug\u00e9\u00a0\u00bb, les modes semi automatique et le mode manuel permettent de pouvoir intervenir sur toute ces notions.<\/p>\n<p>Les modes qui vont permettre un rendu personnalis\u00e9 des <strong>photos<\/strong> sont indiqu\u00e9s par diff\u00e9rentes lettres: P, A, S, M. (Chez <strong>Canon<\/strong>, la lettre T remplace le S)<\/p>\n\n\n<div class=\"wp-block-columns is-layout-flex wp-container-core-columns-is-layout-9d6595d7 wp-block-columns-is-layout-flex\">\n<div class=\"wp-block-column is-layout-flow wp-block-column-is-layout-flow\">\n<figure class=\"wp-block-image size-full is-resized\"><img loading=\"lazy\" decoding=\"async\" src=\"https:\/\/www.photo-learn.com\/wp-content\/uploads\/2022\/08\/molette-modes-appareil-photo.jpg\" alt=\"\" class=\"wp-image-274\" width=\"320\" height=\"320\" srcset=\"https:\/\/www.photo-learn.com\/wp-content\/uploads\/2022\/08\/molette-modes-appareil-photo.jpg 800w, https:\/\/www.photo-learn.com\/wp-content\/uploads\/2022\/08\/molette-modes-appareil-photo-300x300.jpg 300w, https:\/\/www.photo-learn.com\/wp-content\/uploads\/2022\/08\/molette-modes-appareil-photo-150x150.jpg 150w, https:\/\/www.photo-learn.com\/wp-content\/uploads\/2022\/08\/molette-modes-appareil-photo-768x768.jpg 768w, https:\/\/www.photo-learn.com\/wp-content\/uploads\/2022\/08\/molette-modes-appareil-photo-600x600.jpg 600w, https:\/\/www.photo-learn.com\/wp-content\/uploads\/2022\/08\/molette-modes-appareil-photo-100x100.jpg 100w\" sizes=\"auto, (max-width: 320px) 100vw, 320px\" \/><\/figure>\n<\/div>\n\n\n\n<div class=\"wp-block-column is-layout-flow wp-block-column-is-layout-flow\">\n<figure class=\"wp-block-image size-full\"><img loading=\"lazy\" decoding=\"async\" width=\"300\" height=\"300\" src=\"https:\/\/www.photo-learn.com\/wp-content\/uploads\/2022\/08\/reussir-ses-photos.jpg\" alt=\"\" class=\"wp-image-275\" srcset=\"https:\/\/www.photo-learn.com\/wp-content\/uploads\/2022\/08\/reussir-ses-photos.jpg 300w, https:\/\/www.photo-learn.com\/wp-content\/uploads\/2022\/08\/reussir-ses-photos-150x150.jpg 150w, https:\/\/www.photo-learn.com\/wp-content\/uploads\/2022\/08\/reussir-ses-photos-100x100.jpg 100w\" sizes=\"auto, (max-width: 300px) 100vw, 300px\" \/><\/figure>\n<\/div>\n\n\n\n<div class=\"wp-block-column is-layout-flow wp-block-column-is-layout-flow\">\n<figure class=\"wp-block-image size-full is-resized\"><img loading=\"lazy\" decoding=\"async\" src=\"https:\/\/www.photo-learn.com\/wp-content\/uploads\/2022\/08\/mode-p-a-s-m-photo.jpg\" alt=\"\" class=\"wp-image-278\" width=\"300\" height=\"300\" srcset=\"https:\/\/www.photo-learn.com\/wp-content\/uploads\/2022\/08\/mode-p-a-s-m-photo.jpg 380w, https:\/\/www.photo-learn.com\/wp-content\/uploads\/2022\/08\/mode-p-a-s-m-photo-300x300.jpg 300w, https:\/\/www.photo-learn.com\/wp-content\/uploads\/2022\/08\/mode-p-a-s-m-photo-150x150.jpg 150w, https:\/\/www.photo-learn.com\/wp-content\/uploads\/2022\/08\/mode-p-a-s-m-photo-100x100.jpg 100w\" sizes=\"auto, (max-width: 300px) 100vw, 300px\" \/><\/figure>\n<\/div>\n<\/div>\n\n\n\n<p>Ces diff\u00e9rents modes permettent d&rsquo;intervenir sur diff\u00e9rents m\u00e9canismes qui caract\u00e9risent le processus photographique qui consiste \u00e0 exposer \u00e0 la lumi\u00e8re un dispositif de capture sensible \u00e0 la lumi\u00e8re (les fameux capteurs num\u00e9riques dans la plupart des cas voir des pellicules).<\/p>\n","protected":false},"excerpt":{"rendered":"<p>Un appareil photo d\u00e9brayable vous permets de personnaliser vos clich\u00e9s en fonction du rendu que vous souhaitez. Qu&rsquo;il s&rsquo;agisse d\u2019exposition \u00e0 la lumi\u00e8re, de profondeur de champs, de flou \u00ab\u00a0de boug\u00e9\u00a0\u00bb, les modes semi automatique et le mode manuel permettent de pouvoir intervenir sur toute ces notions. Les modes qui vont permettre un rendu personnalis\u00e9 [&hellip;]<\/p>\n","protected":false},"author":1,"featured_media":0,"parent":0,"menu_order":0,"comment_status":"closed","ping_status":"closed","template":"","meta":{"ocean_post_layout":"","ocean_both_sidebars_style":"","ocean_both_sidebars_content_width":0,"ocean_both_sidebars_sidebars_width":0,"ocean_sidebar":"0","ocean_second_sidebar":"0","ocean_disable_margins":"enable","ocean_add_body_class":"","ocean_shortcode_before_top_bar":"","ocean_shortcode_after_top_bar":"","ocean_shortcode_before_header":"","ocean_shortcode_after_header":"","ocean_has_shortcode":"","ocean_shortcode_after_title":"","ocean_shortcode_before_footer_widgets":"","ocean_shortcode_after_footer_widgets":"","ocean_shortcode_before_footer_bottom":"","ocean_shortcode_after_footer_bottom":"","ocean_display_top_bar":"default","ocean_display_header":"default","ocean_header_style":"","ocean_center_header_left_menu":"0","ocean_custom_header_template":"0","ocean_custom_logo":0,"ocean_custom_retina_logo":0,"ocean_custom_logo_max_width":0,"ocean_custom_logo_tablet_max_width":0,"ocean_custom_logo_mobile_max_width":0,"ocean_custom_logo_max_height":0,"ocean_custom_logo_tablet_max_height":0,"ocean_custom_logo_mobile_max_height":0,"ocean_header_custom_menu":"0","ocean_menu_typo_font_family":"0","ocean_menu_typo_font_subset":"","ocean_menu_typo_font_size":0,"ocean_menu_typo_font_size_tablet":0,"ocean_menu_typo_font_size_mobile":0,"ocean_menu_typo_font_size_unit":"px","ocean_menu_typo_font_weight":"","ocean_menu_typo_font_weight_tablet":"","ocean_menu_typo_font_weight_mobile":"","ocean_menu_typo_transform":"","ocean_menu_typo_transform_tablet":"","ocean_menu_typo_transform_mobile":"","ocean_menu_typo_line_height":0,"ocean_menu_typo_line_height_tablet":0,"ocean_menu_typo_line_height_mobile":0,"ocean_menu_typo_line_height_unit":"","ocean_menu_typo_spacing":0,"ocean_menu_typo_spacing_tablet":0,"ocean_menu_typo_spacing_mobile":0,"ocean_menu_typo_spacing_unit":"","ocean_menu_link_color":"","ocean_menu_link_color_hover":"","ocean_menu_link_color_active":"","ocean_menu_link_background":"","ocean_menu_link_hover_background":"","ocean_menu_link_active_background":"","ocean_menu_social_links_bg":"","ocean_menu_social_hover_links_bg":"","ocean_menu_social_links_color":"","ocean_menu_social_hover_links_color":"","ocean_disable_title":"default","ocean_disable_heading":"default","ocean_post_title":"","ocean_post_subheading":"","ocean_post_title_style":"","ocean_post_title_background_color":"","ocean_post_title_background":0,"ocean_post_title_bg_image_position":"","ocean_post_title_bg_image_attachment":"","ocean_post_title_bg_image_repeat":"","ocean_post_title_bg_image_size":"","ocean_post_title_height":0,"ocean_post_title_bg_overlay":0.5,"ocean_post_title_bg_overlay_color":"","ocean_disable_breadcrumbs":"default","ocean_breadcrumbs_color":"","ocean_breadcrumbs_separator_color":"","ocean_breadcrumbs_links_color":"","ocean_breadcrumbs_links_hover_color":"","ocean_display_footer_widgets":"default","ocean_display_footer_bottom":"default","ocean_custom_footer_template":"0","footnotes":""},"class_list":["post-271","page","type-page","status-publish","hentry","entry","owp-thumbs-layout-horizontal","owp-btn-normal","owp-tabs-layout-horizontal","has-no-thumbnails","has-product-nav"],"aioseo_notices":[],"yoast_head":"<!-- This site is optimized with the Yoast SEO plugin v27.3 - https:\/\/yoast.com\/product\/yoast-seo-wordpress\/ -->\n<title>Les diff\u00e9rents modes de mon appareil photo - Cours photo \u00e0 Paris<\/title>\n<meta name=\"description\" content=\"Un appareil photo d\u00e9brayable vous permets de personnaliser vos clich\u00e9s en fonction du rendu que vous souhaitez. Qu&rsquo;il s&rsquo;agisse d\u2019exposition \u00e0 la lumi\u00e8re, de profondeur de champs, de flou \u00ab\u00a0de boug\u00e9\u00a0\u00bb, les modes semi automatique et le mode manuel permettent de pouvoir intervenir sur toute ces notions. Les modes qui vont permettre un rendu personnalis\u00e9 [&hellip;]\" \/>\n<meta name=\"robots\" content=\"index, follow, max-snippet:-1, max-image-preview:large, max-video-preview:-1\" \/>\n<link rel=\"canonical\" href=\"https:\/\/www.photo-learn.com\/index.php\/les-differents-modes-de-mon-appareil-photo\/\" \/>\n<meta property=\"og:locale\" content=\"fr_FR\" \/>\n<meta property=\"og:type\" content=\"article\" \/>\n<meta property=\"og:title\" content=\"Les diff\u00e9rents modes de mon appareil photo - Cours photo \u00e0 Paris\" \/>\n<meta property=\"og:description\" content=\"Un appareil photo d\u00e9brayable vous permets de personnaliser vos clich\u00e9s en fonction du rendu que vous souhaitez. Qu&rsquo;il s&rsquo;agisse d\u2019exposition \u00e0 la lumi\u00e8re, de profondeur de champs, de flou \u00ab\u00a0de boug\u00e9\u00a0\u00bb, les modes semi automatique et le mode manuel permettent de pouvoir intervenir sur toute ces notions. Les modes qui vont permettre un rendu personnalis\u00e9 [&hellip;]\" \/>\n<meta property=\"og:url\" content=\"https:\/\/www.photo-learn.com\/index.php\/les-differents-modes-de-mon-appareil-photo\/\" \/>\n<meta property=\"og:site_name\" content=\"Cours photo \u00e0 Paris\" \/>\n<meta property=\"article:modified_time\" content=\"2022-08-30T18:28:04+00:00\" \/>\n<meta property=\"og:image\" content=\"https:\/\/www.photo-learn.com\/wp-content\/uploads\/2022\/08\/molette-modes-appareil-photo.jpg\" \/>\n\t<meta property=\"og:image:width\" content=\"800\" \/>\n\t<meta property=\"og:image:height\" content=\"800\" \/>\n\t<meta property=\"og:image:type\" content=\"image\/jpeg\" \/>\n<meta name=\"twitter:card\" content=\"summary_large_image\" \/>\n<meta name=\"twitter:label1\" content=\"Dur\u00e9e de lecture estim\u00e9e\" \/>\n\t<meta name=\"twitter:data1\" content=\"1 minute\" \/>\n<script type=\"application\/ld+json\" class=\"yoast-schema-graph\">{\"@context\":\"https:\\\/\\\/schema.org\",\"@graph\":[{\"@type\":\"WebPage\",\"@id\":\"https:\\\/\\\/www.photo-learn.com\\\/index.php\\\/les-differents-modes-de-mon-appareil-photo\\\/\",\"url\":\"https:\\\/\\\/www.photo-learn.com\\\/index.php\\\/les-differents-modes-de-mon-appareil-photo\\\/\",\"name\":\"Les diff\u00e9rents modes de mon appareil photo - Cours photo \u00e0 Paris\",\"isPartOf\":{\"@id\":\"https:\\\/\\\/www.photo-learn.com\\\/#website\"},\"primaryImageOfPage\":{\"@id\":\"https:\\\/\\\/www.photo-learn.com\\\/index.php\\\/les-differents-modes-de-mon-appareil-photo\\\/#primaryimage\"},\"image\":{\"@id\":\"https:\\\/\\\/www.photo-learn.com\\\/index.php\\\/les-differents-modes-de-mon-appareil-photo\\\/#primaryimage\"},\"thumbnailUrl\":\"https:\\\/\\\/www.photo-learn.com\\\/wp-content\\\/uploads\\\/2022\\\/08\\\/molette-modes-appareil-photo.jpg\",\"datePublished\":\"2022-08-30T18:07:06+00:00\",\"dateModified\":\"2022-08-30T18:28:04+00:00\",\"breadcrumb\":{\"@id\":\"https:\\\/\\\/www.photo-learn.com\\\/index.php\\\/les-differents-modes-de-mon-appareil-photo\\\/#breadcrumb\"},\"inLanguage\":\"fr-FR\",\"potentialAction\":[{\"@type\":\"ReadAction\",\"target\":[\"https:\\\/\\\/www.photo-learn.com\\\/index.php\\\/les-differents-modes-de-mon-appareil-photo\\\/\"]}]},{\"@type\":\"ImageObject\",\"inLanguage\":\"fr-FR\",\"@id\":\"https:\\\/\\\/www.photo-learn.com\\\/index.php\\\/les-differents-modes-de-mon-appareil-photo\\\/#primaryimage\",\"url\":\"https:\\\/\\\/www.photo-learn.com\\\/wp-content\\\/uploads\\\/2022\\\/08\\\/molette-modes-appareil-photo.jpg\",\"contentUrl\":\"https:\\\/\\\/www.photo-learn.com\\\/wp-content\\\/uploads\\\/2022\\\/08\\\/molette-modes-appareil-photo.jpg\",\"width\":800,\"height\":800},{\"@type\":\"BreadcrumbList\",\"@id\":\"https:\\\/\\\/www.photo-learn.com\\\/index.php\\\/les-differents-modes-de-mon-appareil-photo\\\/#breadcrumb\",\"itemListElement\":[{\"@type\":\"ListItem\",\"position\":1,\"name\":\"Accueil\",\"item\":\"https:\\\/\\\/www.photo-learn.com\\\/\"},{\"@type\":\"ListItem\",\"position\":2,\"name\":\"Les diff\u00e9rents modes de mon appareil photo\"}]},{\"@type\":\"WebSite\",\"@id\":\"https:\\\/\\\/www.photo-learn.com\\\/#website\",\"url\":\"https:\\\/\\\/www.photo-learn.com\\\/\",\"name\":\"Cours photo \u00e0 Paris\",\"description\":\"apprentissage de la photo - ateliers pratiques \u00e0 Paris, en studio et en visio\",\"potentialAction\":[{\"@type\":\"SearchAction\",\"target\":{\"@type\":\"EntryPoint\",\"urlTemplate\":\"https:\\\/\\\/www.photo-learn.com\\\/?s={search_term_string}\"},\"query-input\":{\"@type\":\"PropertyValueSpecification\",\"valueRequired\":true,\"valueName\":\"search_term_string\"}}],\"inLanguage\":\"fr-FR\"}]}<\/script>\n<!-- \/ Yoast SEO plugin. -->","yoast_head_json":{"title":"Les diff\u00e9rents modes de mon appareil photo - Cours photo \u00e0 Paris","description":"Un appareil photo d\u00e9brayable vous permets de personnaliser vos clich\u00e9s en fonction du rendu que vous souhaitez. Qu&rsquo;il s&rsquo;agisse d\u2019exposition \u00e0 la lumi\u00e8re, de profondeur de champs, de flou \u00ab\u00a0de boug\u00e9\u00a0\u00bb, les modes semi automatique et le mode manuel permettent de pouvoir intervenir sur toute ces notions. Les modes qui vont permettre un rendu personnalis\u00e9 [&hellip;]","robots":{"index":"index","follow":"follow","max-snippet":"max-snippet:-1","max-image-preview":"max-image-preview:large","max-video-preview":"max-video-preview:-1"},"canonical":"https:\/\/www.photo-learn.com\/index.php\/les-differents-modes-de-mon-appareil-photo\/","og_locale":"fr_FR","og_type":"article","og_title":"Les diff\u00e9rents modes de mon appareil photo - Cours photo \u00e0 Paris","og_description":"Un appareil photo d\u00e9brayable vous permets de personnaliser vos clich\u00e9s en fonction du rendu que vous souhaitez. Qu&rsquo;il s&rsquo;agisse d\u2019exposition \u00e0 la lumi\u00e8re, de profondeur de champs, de flou \u00ab\u00a0de boug\u00e9\u00a0\u00bb, les modes semi automatique et le mode manuel permettent de pouvoir intervenir sur toute ces notions. Les modes qui vont permettre un rendu personnalis\u00e9 [&hellip;]","og_url":"https:\/\/www.photo-learn.com\/index.php\/les-differents-modes-de-mon-appareil-photo\/","og_site_name":"Cours photo \u00e0 Paris","article_modified_time":"2022-08-30T18:28:04+00:00","og_image":[{"width":800,"height":800,"url":"https:\/\/www.photo-learn.com\/wp-content\/uploads\/2022\/08\/molette-modes-appareil-photo.jpg","type":"image\/jpeg"}],"twitter_card":"summary_large_image","twitter_misc":{"Dur\u00e9e de lecture estim\u00e9e":"1 minute"},"schema":{"@context":"https:\/\/schema.org","@graph":[{"@type":"WebPage","@id":"https:\/\/www.photo-learn.com\/index.php\/les-differents-modes-de-mon-appareil-photo\/","url":"https:\/\/www.photo-learn.com\/index.php\/les-differents-modes-de-mon-appareil-photo\/","name":"Les diff\u00e9rents modes de mon appareil photo - Cours photo \u00e0 Paris","isPartOf":{"@id":"https:\/\/www.photo-learn.com\/#website"},"primaryImageOfPage":{"@id":"https:\/\/www.photo-learn.com\/index.php\/les-differents-modes-de-mon-appareil-photo\/#primaryimage"},"image":{"@id":"https:\/\/www.photo-learn.com\/index.php\/les-differents-modes-de-mon-appareil-photo\/#primaryimage"},"thumbnailUrl":"https:\/\/www.photo-learn.com\/wp-content\/uploads\/2022\/08\/molette-modes-appareil-photo.jpg","datePublished":"2022-08-30T18:07:06+00:00","dateModified":"2022-08-30T18:28:04+00:00","breadcrumb":{"@id":"https:\/\/www.photo-learn.com\/index.php\/les-differents-modes-de-mon-appareil-photo\/#breadcrumb"},"inLanguage":"fr-FR","potentialAction":[{"@type":"ReadAction","target":["https:\/\/www.photo-learn.com\/index.php\/les-differents-modes-de-mon-appareil-photo\/"]}]},{"@type":"ImageObject","inLanguage":"fr-FR","@id":"https:\/\/www.photo-learn.com\/index.php\/les-differents-modes-de-mon-appareil-photo\/#primaryimage","url":"https:\/\/www.photo-learn.com\/wp-content\/uploads\/2022\/08\/molette-modes-appareil-photo.jpg","contentUrl":"https:\/\/www.photo-learn.com\/wp-content\/uploads\/2022\/08\/molette-modes-appareil-photo.jpg","width":800,"height":800},{"@type":"BreadcrumbList","@id":"https:\/\/www.photo-learn.com\/index.php\/les-differents-modes-de-mon-appareil-photo\/#breadcrumb","itemListElement":[{"@type":"ListItem","position":1,"name":"Accueil","item":"https:\/\/www.photo-learn.com\/"},{"@type":"ListItem","position":2,"name":"Les diff\u00e9rents modes de mon appareil photo"}]},{"@type":"WebSite","@id":"https:\/\/www.photo-learn.com\/#website","url":"https:\/\/www.photo-learn.com\/","name":"Cours photo \u00e0 Paris","description":"apprentissage de la photo - ateliers pratiques \u00e0 Paris, en studio et en visio","potentialAction":[{"@type":"SearchAction","target":{"@type":"EntryPoint","urlTemplate":"https:\/\/www.photo-learn.com\/?s={search_term_string}"},"query-input":{"@type":"PropertyValueSpecification","valueRequired":true,"valueName":"search_term_string"}}],"inLanguage":"fr-FR"}]}},"_links":{"self":[{"href":"https:\/\/www.photo-learn.com\/index.php\/wp-json\/wp\/v2\/pages\/271","targetHints":{"allow":["GET"]}}],"collection":[{"href":"https:\/\/www.photo-learn.com\/index.php\/wp-json\/wp\/v2\/pages"}],"about":[{"href":"https:\/\/www.photo-learn.com\/index.php\/wp-json\/wp\/v2\/types\/page"}],"author":[{"embeddable":true,"href":"https:\/\/www.photo-learn.com\/index.php\/wp-json\/wp\/v2\/users\/1"}],"replies":[{"embeddable":true,"href":"https:\/\/www.photo-learn.com\/index.php\/wp-json\/wp\/v2\/comments?post=271"}],"version-history":[{"count":5,"href":"https:\/\/www.photo-learn.com\/index.php\/wp-json\/wp\/v2\/pages\/271\/revisions"}],"predecessor-version":[{"id":283,"href":"https:\/\/www.photo-learn.com\/index.php\/wp-json\/wp\/v2\/pages\/271\/revisions\/283"}],"wp:attachment":[{"href":"https:\/\/www.photo-learn.com\/index.php\/wp-json\/wp\/v2\/media?parent=271"}],"curies":[{"name":"wp","href":"https:\/\/api.w.org\/{rel}","templated":true}]}}