{"id":355,"date":"2022-10-28T23:25:50","date_gmt":"2022-10-28T21:25:50","guid":{"rendered":"https:\/\/www.photo-learn.com\/?page_id=355"},"modified":"2022-12-22T14:58:36","modified_gmt":"2022-12-22T13:58:36","slug":"cours-de-photographie-particulier-a-domicile-form","status":"publish","type":"page","link":"https:\/\/www.photo-learn.com\/index.php\/cours-de-photographie-particulier-a-domicile-form\/","title":{"rendered":"Demande de cours de Photographie particulier \u00e0 domicile"},"content":{"rendered":"\n<p>Photo-Learn se propose de donner des <strong>cours de photo particulier \u00e0 votre domicile<\/strong> pour les habitants de <strong>Paris<\/strong> et de sa banlieue Ouest<\/p>\n\n\n\n<p>Afin de pouvoir pr\u00e9parer votre <strong>cours de photographie<\/strong>, nous aurions besoin de quelques infos. Une fois le formulaire r\u00e9ceptionn\u00e9 un <strong>professeur de photographie<\/strong> reviendra vers vous.<\/p>\n\n\n\n<div class=\"wp-block-jetpack-contact-form\">\n\n\n\n\n\n\n\n\n\n\n\n\n\n<\/div>\n","protected":false},"excerpt":{"rendered":"<p>Photo-Learn se propose de donner des cours de photo particulier \u00e0 votre domicile pour les habitants de Paris et de sa banlieue Ouest Afin de pouvoir pr\u00e9parer votre cours de photographie, nous aurions besoin de quelques infos. Une fois le formulaire r\u00e9ceptionn\u00e9 un professeur de photographie reviendra vers vous.<\/p>\n","protected":false},"author":1,"featured_media":0,"parent":0,"menu_order":0,"comment_status":"closed","ping_status":"closed","template":"","meta":{"ocean_post_layout":"","ocean_both_sidebars_style":"","ocean_both_sidebars_content_width":0,"ocean_both_sidebars_sidebars_width":0,"ocean_sidebar":"0","ocean_second_sidebar":"0","ocean_disable_margins":"enable","ocean_add_body_class":"","ocean_shortcode_before_top_bar":"","ocean_shortcode_after_top_bar":"","ocean_shortcode_before_header":"","ocean_shortcode_after_header":"","ocean_has_shortcode":"","ocean_shortcode_after_title":"","ocean_shortcode_before_footer_widgets":"","ocean_shortcode_after_footer_widgets":"","ocean_shortcode_before_footer_bottom":"","ocean_shortcode_after_footer_bottom":"","ocean_display_top_bar":"default","ocean_display_header":"default","ocean_header_style":"","ocean_center_header_left_menu":"0","ocean_custom_header_template":"0","ocean_custom_logo":0,"ocean_custom_retina_logo":0,"ocean_custom_logo_max_width":0,"ocean_custom_logo_tablet_max_width":0,"ocean_custom_logo_mobile_max_width":0,"ocean_custom_logo_max_height":0,"ocean_custom_logo_tablet_max_height":0,"ocean_custom_logo_mobile_max_height":0,"ocean_header_custom_menu":"0","ocean_menu_typo_font_family":"0","ocean_menu_typo_font_subset":"","ocean_menu_typo_font_size":0,"ocean_menu_typo_font_size_tablet":0,"ocean_menu_typo_font_size_mobile":0,"ocean_menu_typo_font_size_unit":"px","ocean_menu_typo_font_weight":"","ocean_menu_typo_font_weight_tablet":"","ocean_menu_typo_font_weight_mobile":"","ocean_menu_typo_transform":"","ocean_menu_typo_transform_tablet":"","ocean_menu_typo_transform_mobile":"","ocean_menu_typo_line_height":0,"ocean_menu_typo_line_height_tablet":0,"ocean_menu_typo_line_height_mobile":0,"ocean_menu_typo_line_height_unit":"","ocean_menu_typo_spacing":0,"ocean_menu_typo_spacing_tablet":0,"ocean_menu_typo_spacing_mobile":0,"ocean_menu_typo_spacing_unit":"","ocean_menu_link_color":"","ocean_menu_link_color_hover":"","ocean_menu_link_color_active":"","ocean_menu_link_background":"","ocean_menu_link_hover_background":"","ocean_menu_link_active_background":"","ocean_menu_social_links_bg":"","ocean_menu_social_hover_links_bg":"","ocean_menu_social_links_color":"","ocean_menu_social_hover_links_color":"","ocean_disable_title":"default","ocean_disable_heading":"default","ocean_post_title":"","ocean_post_subheading":"","ocean_post_title_style":"","ocean_post_title_background_color":"","ocean_post_title_background":0,"ocean_post_title_bg_image_position":"","ocean_post_title_bg_image_attachment":"","ocean_post_title_bg_image_repeat":"","ocean_post_title_bg_image_size":"","ocean_post_title_height":0,"ocean_post_title_bg_overlay":0.5,"ocean_post_title_bg_overlay_color":"","ocean_disable_breadcrumbs":"default","ocean_breadcrumbs_color":"","ocean_breadcrumbs_separator_color":"","ocean_breadcrumbs_links_color":"","ocean_breadcrumbs_links_hover_color":"","ocean_display_footer_widgets":"default","ocean_display_footer_bottom":"default","ocean_custom_footer_template":"0","footnotes":""},"class_list":["post-355","page","type-page","status-publish","hentry","entry","owp-thumbs-layout-horizontal","owp-btn-normal","owp-tabs-layout-horizontal","has-no-thumbnails","has-product-nav"],"aioseo_notices":[],"yoast_head":"<!-- This site is optimized with the Yoast SEO plugin v27.3 - https:\/\/yoast.com\/product\/yoast-seo-wordpress\/ -->\n<title>Demande de cours de Photographie particulier \u00e0 domicile - Cours photo \u00e0 Paris<\/title>\n<meta name=\"description\" content=\"Photo-Learn se propose de donner des cours de photo particulier \u00e0 votre domicile pour les habitants de Paris et de sa banlieue Ouest Afin de pouvoir pr\u00e9parer votre cours de photographie, nous aurions besoin de quelques infos. Une fois le formulaire r\u00e9ceptionn\u00e9 un professeur de photographie reviendra vers vous.\" \/>\n<meta name=\"robots\" content=\"index, follow, max-snippet:-1, max-image-preview:large, max-video-preview:-1\" \/>\n<link rel=\"canonical\" href=\"https:\/\/www.photo-learn.com\/index.php\/cours-de-photographie-particulier-a-domicile-form\/\" \/>\n<meta property=\"og:locale\" content=\"fr_FR\" \/>\n<meta property=\"og:type\" content=\"article\" \/>\n<meta property=\"og:title\" content=\"Demande de cours de Photographie particulier \u00e0 domicile - Cours photo \u00e0 Paris\" \/>\n<meta property=\"og:description\" content=\"Photo-Learn se propose de donner des cours de photo particulier \u00e0 votre domicile pour les habitants de Paris et de sa banlieue Ouest Afin de pouvoir pr\u00e9parer votre cours de photographie, nous aurions besoin de quelques infos. Une fois le formulaire r\u00e9ceptionn\u00e9 un professeur de photographie reviendra vers vous.\" \/>\n<meta property=\"og:url\" content=\"https:\/\/www.photo-learn.com\/index.php\/cours-de-photographie-particulier-a-domicile-form\/\" \/>\n<meta property=\"og:site_name\" content=\"Cours photo \u00e0 Paris\" \/>\n<meta property=\"article:modified_time\" content=\"2022-12-22T13:58:36+00:00\" \/>\n<meta name=\"twitter:card\" content=\"summary_large_image\" \/>\n<script type=\"application\/ld+json\" class=\"yoast-schema-graph\">{\"@context\":\"https:\\\/\\\/schema.org\",\"@graph\":[{\"@type\":\"WebPage\",\"@id\":\"https:\\\/\\\/www.photo-learn.com\\\/index.php\\\/cours-de-photographie-particulier-a-domicile-form\\\/\",\"url\":\"https:\\\/\\\/www.photo-learn.com\\\/index.php\\\/cours-de-photographie-particulier-a-domicile-form\\\/\",\"name\":\"Demande de cours de Photographie particulier \u00e0 domicile - Cours photo \u00e0 Paris\",\"isPartOf\":{\"@id\":\"https:\\\/\\\/www.photo-learn.com\\\/#website\"},\"datePublished\":\"2022-10-28T21:25:50+00:00\",\"dateModified\":\"2022-12-22T13:58:36+00:00\",\"breadcrumb\":{\"@id\":\"https:\\\/\\\/www.photo-learn.com\\\/index.php\\\/cours-de-photographie-particulier-a-domicile-form\\\/#breadcrumb\"},\"inLanguage\":\"fr-FR\",\"potentialAction\":[{\"@type\":\"ReadAction\",\"target\":[\"https:\\\/\\\/www.photo-learn.com\\\/index.php\\\/cours-de-photographie-particulier-a-domicile-form\\\/\"]}]},{\"@type\":\"BreadcrumbList\",\"@id\":\"https:\\\/\\\/www.photo-learn.com\\\/index.php\\\/cours-de-photographie-particulier-a-domicile-form\\\/#breadcrumb\",\"itemListElement\":[{\"@type\":\"ListItem\",\"position\":1,\"name\":\"Accueil\",\"item\":\"https:\\\/\\\/www.photo-learn.com\\\/\"},{\"@type\":\"ListItem\",\"position\":2,\"name\":\"Demande de cours de Photographie particulier \u00e0 domicile\"}]},{\"@type\":\"WebSite\",\"@id\":\"https:\\\/\\\/www.photo-learn.com\\\/#website\",\"url\":\"https:\\\/\\\/www.photo-learn.com\\\/\",\"name\":\"Cours photo \u00e0 Paris\",\"description\":\"apprentissage de la photo - ateliers pratiques \u00e0 Paris, en studio et en visio\",\"potentialAction\":[{\"@type\":\"SearchAction\",\"target\":{\"@type\":\"EntryPoint\",\"urlTemplate\":\"https:\\\/\\\/www.photo-learn.com\\\/?s={search_term_string}\"},\"query-input\":{\"@type\":\"PropertyValueSpecification\",\"valueRequired\":true,\"valueName\":\"search_term_string\"}}],\"inLanguage\":\"fr-FR\"}]}<\/script>\n<!-- \/ Yoast SEO plugin. -->","yoast_head_json":{"title":"Demande de cours de Photographie particulier \u00e0 domicile - Cours photo \u00e0 Paris","description":"Photo-Learn se propose de donner des cours de photo particulier \u00e0 votre domicile pour les habitants de Paris et de sa banlieue Ouest Afin de pouvoir pr\u00e9parer votre cours de photographie, nous aurions besoin de quelques infos. Une fois le formulaire r\u00e9ceptionn\u00e9 un professeur de photographie reviendra vers vous.","robots":{"index":"index","follow":"follow","max-snippet":"max-snippet:-1","max-image-preview":"max-image-preview:large","max-video-preview":"max-video-preview:-1"},"canonical":"https:\/\/www.photo-learn.com\/index.php\/cours-de-photographie-particulier-a-domicile-form\/","og_locale":"fr_FR","og_type":"article","og_title":"Demande de cours de Photographie particulier \u00e0 domicile - Cours photo \u00e0 Paris","og_description":"Photo-Learn se propose de donner des cours de photo particulier \u00e0 votre domicile pour les habitants de Paris et de sa banlieue Ouest Afin de pouvoir pr\u00e9parer votre cours de photographie, nous aurions besoin de quelques infos. Une fois le formulaire r\u00e9ceptionn\u00e9 un professeur de photographie reviendra vers vous.","og_url":"https:\/\/www.photo-learn.com\/index.php\/cours-de-photographie-particulier-a-domicile-form\/","og_site_name":"Cours photo \u00e0 Paris","article_modified_time":"2022-12-22T13:58:36+00:00","twitter_card":"summary_large_image","schema":{"@context":"https:\/\/schema.org","@graph":[{"@type":"WebPage","@id":"https:\/\/www.photo-learn.com\/index.php\/cours-de-photographie-particulier-a-domicile-form\/","url":"https:\/\/www.photo-learn.com\/index.php\/cours-de-photographie-particulier-a-domicile-form\/","name":"Demande de cours de Photographie particulier \u00e0 domicile - Cours photo \u00e0 Paris","isPartOf":{"@id":"https:\/\/www.photo-learn.com\/#website"},"datePublished":"2022-10-28T21:25:50+00:00","dateModified":"2022-12-22T13:58:36+00:00","breadcrumb":{"@id":"https:\/\/www.photo-learn.com\/index.php\/cours-de-photographie-particulier-a-domicile-form\/#breadcrumb"},"inLanguage":"fr-FR","potentialAction":[{"@type":"ReadAction","target":["https:\/\/www.photo-learn.com\/index.php\/cours-de-photographie-particulier-a-domicile-form\/"]}]},{"@type":"BreadcrumbList","@id":"https:\/\/www.photo-learn.com\/index.php\/cours-de-photographie-particulier-a-domicile-form\/#breadcrumb","itemListElement":[{"@type":"ListItem","position":1,"name":"Accueil","item":"https:\/\/www.photo-learn.com\/"},{"@type":"ListItem","position":2,"name":"Demande de cours de Photographie particulier \u00e0 domicile"}]},{"@type":"WebSite","@id":"https:\/\/www.photo-learn.com\/#website","url":"https:\/\/www.photo-learn.com\/","name":"Cours photo \u00e0 Paris","description":"apprentissage de la photo - ateliers pratiques \u00e0 Paris, en studio et en visio","potentialAction":[{"@type":"SearchAction","target":{"@type":"EntryPoint","urlTemplate":"https:\/\/www.photo-learn.com\/?s={search_term_string}"},"query-input":{"@type":"PropertyValueSpecification","valueRequired":true,"valueName":"search_term_string"}}],"inLanguage":"fr-FR"}]}},"_links":{"self":[{"href":"https:\/\/www.photo-learn.com\/index.php\/wp-json\/wp\/v2\/pages\/355","targetHints":{"allow":["GET"]}}],"collection":[{"href":"https:\/\/www.photo-learn.com\/index.php\/wp-json\/wp\/v2\/pages"}],"about":[{"href":"https:\/\/www.photo-learn.com\/index.php\/wp-json\/wp\/v2\/types\/page"}],"author":[{"embeddable":true,"href":"https:\/\/www.photo-learn.com\/index.php\/wp-json\/wp\/v2\/users\/1"}],"replies":[{"embeddable":true,"href":"https:\/\/www.photo-learn.com\/index.php\/wp-json\/wp\/v2\/comments?post=355"}],"version-history":[{"count":7,"href":"https:\/\/www.photo-learn.com\/index.php\/wp-json\/wp\/v2\/pages\/355\/revisions"}],"predecessor-version":[{"id":489,"href":"https:\/\/www.photo-learn.com\/index.php\/wp-json\/wp\/v2\/pages\/355\/revisions\/489"}],"wp:attachment":[{"href":"https:\/\/www.photo-learn.com\/index.php\/wp-json\/wp\/v2\/media?parent=355"}],"curies":[{"name":"wp","href":"https:\/\/api.w.org\/{rel}","templated":true}]}}