{"id":361,"date":"2022-10-29T14:44:29","date_gmt":"2022-10-29T12:44:29","guid":{"rendered":"https:\/\/www.photo-learn.com\/?page_id=361"},"modified":"2022-12-23T23:06:49","modified_gmt":"2022-12-23T22:06:49","slug":"cours-de-photographie-particulier-a-domicile-paris","status":"publish","type":"page","link":"https:\/\/www.photo-learn.com\/index.php\/cours-de-photographie-particulier-a-domicile-paris\/","title":{"rendered":"Cours de Photographie particulier \u00e0 domicile (Paris)"},"content":{"rendered":"\n<p>Photo-Learn propose des <strong>cours particuliers de photo<\/strong> \u00e0 domicile pour les habitants de <strong>Paris<\/strong> et de la banlieue Ouest. Un <strong>professeur de photographie<\/strong> se d\u00e9place chez vous ou dans un lieu de votre choix avec le mat\u00e9riel n\u00e9cessaire pour donner les <strong>cours<\/strong> et organiser les ateliers pratiques (vous pourrez toutefois apprendre avec votre propre appareil si vous le souhaitez) <\/p>\n\n\n\n<p>Si vous souhaitez solliciter ce service vous pouvez remplir <strong><a rel=\"noreferrer noopener\" href=\"https:\/\/www.photo-learn.com\/index.php\/cours-de-photographie-particulier-a-domicile-form\/\" data-type=\"page\" data-id=\"355\" target=\"_blank\">le formulaire de demande de cours de photo \u00e0 domicile<\/a><\/strong> ou nous contacter, apr\u00e8s r\u00e9ception de votre demande, un <strong>professeur de photographie<\/strong> reviendra vers vous.<\/p>\n\n\n\n<p>Nous proposons plusieurs <strong>cours de photo<\/strong> orient\u00e9 selon diff\u00e9rents modules permettant d&rsquo;aborder des th\u00e8mes diff\u00e9rents (profondeur de champ, \u00e9clairage&#8230;). Si vous souhaitez aborder un sujet en particulier vous pouvez nous en faire part via le formulaire.<\/p>\n\n\n\n<div class=\"wp-block-buttons is-layout-flex wp-block-buttons-is-layout-flex\">\n<div class=\"wp-block-button aligncenter\"><a class=\"wp-block-button__link has-luminous-vivid-orange-background-color has-background wp-element-button\" href=\"https:\/\/www.photo-learn.com\/index.php\/cours-de-photographie-particulier-a-domicile-form\/\">Demander un cours \u00e0 domicile<\/a><\/div>\n<\/div>\n\n\n\n<div style=\"height:65px\" aria-hidden=\"true\" class=\"wp-block-spacer\"><\/div>\n\n\n\n<h2 class=\"wp-block-heading\"><a href=\"https:\/\/www.photo-learn.com\/index.php\/les-ateliers-pour-apprendre-la-photographie\/\" title=\"\">Nos cours particuliers de photographie<\/a><\/h2>\n\n\n\n<div class=\"wp-block-columns is-layout-flex wp-container-core-columns-is-layout-9d6595d7 wp-block-columns-is-layout-flex\">\n<div class=\"wp-block-column is-layout-flow wp-block-column-is-layout-flow\">\n<figure class=\"wp-block-image size-full\"><img loading=\"lazy\" decoding=\"async\" width=\"855\" height=\"695\" src=\"https:\/\/www.photo-learn.com\/wp-content\/uploads\/2022\/10\/cours-photo-a-domicile.jpg\" alt=\"\" class=\"wp-image-366\" srcset=\"https:\/\/www.photo-learn.com\/wp-content\/uploads\/2022\/10\/cours-photo-a-domicile.jpg 855w, https:\/\/www.photo-learn.com\/wp-content\/uploads\/2022\/10\/cours-photo-a-domicile-300x244.jpg 300w, https:\/\/www.photo-learn.com\/wp-content\/uploads\/2022\/10\/cours-photo-a-domicile-768x624.jpg 768w, https:\/\/www.photo-learn.com\/wp-content\/uploads\/2022\/10\/cours-photo-a-domicile-600x488.jpg 600w\" sizes=\"auto, (max-width: 855px) 100vw, 855px\" \/><\/figure>\n\n\n\n<h4 class=\"has-text-align-center wp-block-heading\"><a href=\"https:\/\/www.photo-learn.com\/index.php\/les-ateliers-pour-apprendre-la-photographie\/#cours-photo-debutant\" title=\"Les ateliers pour apprendre la photographie\">D\u00e9buter la photographie<\/a><\/h4>\n\n\n\n<p class=\"has-text-align-center\"><strong>Cours pour d\u00e9butant<\/strong> permettant de ma\u00eetriser les r\u00e9glages de votre appareil afin d&rsquo;obtenir un rendu personnalis\u00e9.<\/p>\n<\/div>\n\n\n\n<div class=\"wp-block-column is-layout-flow wp-block-column-is-layout-flow\">\n<figure class=\"wp-block-image size-full\"><img loading=\"lazy\" decoding=\"async\" width=\"855\" height=\"695\" src=\"https:\/\/www.photo-learn.com\/wp-content\/uploads\/2022\/10\/cours-photographie-a-domicile-1.jpg\" alt=\"\" class=\"wp-image-369\" srcset=\"https:\/\/www.photo-learn.com\/wp-content\/uploads\/2022\/10\/cours-photographie-a-domicile-1.jpg 855w, https:\/\/www.photo-learn.com\/wp-content\/uploads\/2022\/10\/cours-photographie-a-domicile-1-300x244.jpg 300w, https:\/\/www.photo-learn.com\/wp-content\/uploads\/2022\/10\/cours-photographie-a-domicile-1-768x624.jpg 768w, https:\/\/www.photo-learn.com\/wp-content\/uploads\/2022\/10\/cours-photographie-a-domicile-1-600x488.jpg 600w\" sizes=\"auto, (max-width: 855px) 100vw, 855px\" \/><\/figure>\n\n\n\n<h4 class=\"has-text-align-center wp-block-heading\"><a href=\"https:\/\/www.photo-learn.com\/index.php\/les-ateliers-pour-apprendre-la-photographie\/#photo-eclairage\" title=\"\">Gestion de l&rsquo;\u00e9clairage<\/a><\/h4>\n\n\n\n<p class=\"has-text-align-center\">Comprendre et ma\u00eetriser la <strong>lumi\u00e8re<\/strong>, gestion des ombres. Savoir placer correctement l\u2019\u00e9clairage sur un sujet selon le r\u00e9sultat souhait\u00e9.<\/p>\n<\/div>\n\n\n\n<div class=\"wp-block-column is-layout-flow wp-block-column-is-layout-flow\"><\/div>\n<\/div>\n","protected":false},"excerpt":{"rendered":"<p>Photo-Learn propose des cours particuliers de photo \u00e0 domicile pour les habitants de Paris et de la banlieue Ouest. Un professeur de photographie se d\u00e9place chez vous ou dans un lieu de votre choix avec le mat\u00e9riel n\u00e9cessaire pour donner les cours et organiser les ateliers pratiques (vous pourrez toutefois apprendre avec votre propre appareil [&hellip;]<\/p>\n","protected":false},"author":1,"featured_media":0,"parent":0,"menu_order":0,"comment_status":"closed","ping_status":"closed","template":"","meta":{"ocean_post_layout":"","ocean_both_sidebars_style":"","ocean_both_sidebars_content_width":0,"ocean_both_sidebars_sidebars_width":0,"ocean_sidebar":"0","ocean_second_sidebar":"0","ocean_disable_margins":"enable","ocean_add_body_class":"","ocean_shortcode_before_top_bar":"","ocean_shortcode_after_top_bar":"","ocean_shortcode_before_header":"","ocean_shortcode_after_header":"","ocean_has_shortcode":"","ocean_shortcode_after_title":"","ocean_shortcode_before_footer_widgets":"","ocean_shortcode_after_footer_widgets":"","ocean_shortcode_before_footer_bottom":"","ocean_shortcode_after_footer_bottom":"","ocean_display_top_bar":"default","ocean_display_header":"default","ocean_header_style":"","ocean_center_header_left_menu":"0","ocean_custom_header_template":"0","ocean_custom_logo":0,"ocean_custom_retina_logo":0,"ocean_custom_logo_max_width":0,"ocean_custom_logo_tablet_max_width":0,"ocean_custom_logo_mobile_max_width":0,"ocean_custom_logo_max_height":0,"ocean_custom_logo_tablet_max_height":0,"ocean_custom_logo_mobile_max_height":0,"ocean_header_custom_menu":"0","ocean_menu_typo_font_family":"0","ocean_menu_typo_font_subset":"","ocean_menu_typo_font_size":0,"ocean_menu_typo_font_size_tablet":0,"ocean_menu_typo_font_size_mobile":0,"ocean_menu_typo_font_size_unit":"px","ocean_menu_typo_font_weight":"","ocean_menu_typo_font_weight_tablet":"","ocean_menu_typo_font_weight_mobile":"","ocean_menu_typo_transform":"","ocean_menu_typo_transform_tablet":"","ocean_menu_typo_transform_mobile":"","ocean_menu_typo_line_height":0,"ocean_menu_typo_line_height_tablet":0,"ocean_menu_typo_line_height_mobile":0,"ocean_menu_typo_line_height_unit":"","ocean_menu_typo_spacing":0,"ocean_menu_typo_spacing_tablet":0,"ocean_menu_typo_spacing_mobile":0,"ocean_menu_typo_spacing_unit":"","ocean_menu_link_color":"","ocean_menu_link_color_hover":"","ocean_menu_link_color_active":"","ocean_menu_link_background":"","ocean_menu_link_hover_background":"","ocean_menu_link_active_background":"","ocean_menu_social_links_bg":"","ocean_menu_social_hover_links_bg":"","ocean_menu_social_links_color":"","ocean_menu_social_hover_links_color":"","ocean_disable_title":"default","ocean_disable_heading":"default","ocean_post_title":"","ocean_post_subheading":"","ocean_post_title_style":"","ocean_post_title_background_color":"","ocean_post_title_background":0,"ocean_post_title_bg_image_position":"","ocean_post_title_bg_image_attachment":"","ocean_post_title_bg_image_repeat":"","ocean_post_title_bg_image_size":"","ocean_post_title_height":0,"ocean_post_title_bg_overlay":0.5,"ocean_post_title_bg_overlay_color":"","ocean_disable_breadcrumbs":"default","ocean_breadcrumbs_color":"","ocean_breadcrumbs_separator_color":"","ocean_breadcrumbs_links_color":"","ocean_breadcrumbs_links_hover_color":"","ocean_display_footer_widgets":"default","ocean_display_footer_bottom":"default","ocean_custom_footer_template":"0","footnotes":""},"class_list":["post-361","page","type-page","status-publish","hentry","entry","owp-thumbs-layout-horizontal","owp-btn-normal","owp-tabs-layout-horizontal","has-no-thumbnails","has-product-nav"],"aioseo_notices":[],"yoast_head":"<!-- This site is optimized with the Yoast SEO plugin v27.3 - https:\/\/yoast.com\/product\/yoast-seo-wordpress\/ -->\n<title>Cours de Photographie particulier \u00e0 domicile (Paris) - Cours photo \u00e0 Paris<\/title>\n<meta name=\"description\" content=\"Photo-Learn propose des cours particuliers de photo \u00e0 domicile pour les habitants de Paris et de la banlieue Ouest. Un professeur de photographie se d\u00e9place chez vous ou dans un lieu de votre choix avec le mat\u00e9riel n\u00e9cessaire pour donner les cours et organiser les ateliers pratiques (vous pourrez toutefois apprendre avec votre propre appareil [&hellip;]\" \/>\n<meta name=\"robots\" content=\"index, follow, max-snippet:-1, max-image-preview:large, max-video-preview:-1\" \/>\n<link rel=\"canonical\" href=\"https:\/\/www.photo-learn.com\/index.php\/cours-de-photographie-particulier-a-domicile-paris\/\" \/>\n<meta property=\"og:locale\" content=\"fr_FR\" \/>\n<meta property=\"og:type\" content=\"article\" \/>\n<meta property=\"og:title\" content=\"Cours de Photographie particulier \u00e0 domicile (Paris) - Cours photo \u00e0 Paris\" \/>\n<meta property=\"og:description\" content=\"Photo-Learn propose des cours particuliers de photo \u00e0 domicile pour les habitants de Paris et de la banlieue Ouest. Un professeur de photographie se d\u00e9place chez vous ou dans un lieu de votre choix avec le mat\u00e9riel n\u00e9cessaire pour donner les cours et organiser les ateliers pratiques (vous pourrez toutefois apprendre avec votre propre appareil [&hellip;]\" \/>\n<meta property=\"og:url\" content=\"https:\/\/www.photo-learn.com\/index.php\/cours-de-photographie-particulier-a-domicile-paris\/\" \/>\n<meta property=\"og:site_name\" content=\"Cours photo \u00e0 Paris\" \/>\n<meta property=\"article:modified_time\" content=\"2022-12-23T22:06:49+00:00\" \/>\n<meta property=\"og:image\" content=\"https:\/\/www.photo-learn.com\/wp-content\/uploads\/2022\/10\/cours-photo-a-domicile.jpg\" \/>\n\t<meta property=\"og:image:width\" content=\"855\" \/>\n\t<meta property=\"og:image:height\" content=\"695\" \/>\n\t<meta property=\"og:image:type\" content=\"image\/jpeg\" \/>\n<meta name=\"twitter:card\" content=\"summary_large_image\" \/>\n<meta name=\"twitter:label1\" content=\"Dur\u00e9e de lecture estim\u00e9e\" \/>\n\t<meta name=\"twitter:data1\" content=\"1 minute\" \/>\n<script type=\"application\/ld+json\" class=\"yoast-schema-graph\">{\"@context\":\"https:\\\/\\\/schema.org\",\"@graph\":[{\"@type\":\"WebPage\",\"@id\":\"https:\\\/\\\/www.photo-learn.com\\\/index.php\\\/cours-de-photographie-particulier-a-domicile-paris\\\/\",\"url\":\"https:\\\/\\\/www.photo-learn.com\\\/index.php\\\/cours-de-photographie-particulier-a-domicile-paris\\\/\",\"name\":\"Cours de Photographie particulier \u00e0 domicile (Paris) - Cours photo \u00e0 Paris\",\"isPartOf\":{\"@id\":\"https:\\\/\\\/www.photo-learn.com\\\/#website\"},\"primaryImageOfPage\":{\"@id\":\"https:\\\/\\\/www.photo-learn.com\\\/index.php\\\/cours-de-photographie-particulier-a-domicile-paris\\\/#primaryimage\"},\"image\":{\"@id\":\"https:\\\/\\\/www.photo-learn.com\\\/index.php\\\/cours-de-photographie-particulier-a-domicile-paris\\\/#primaryimage\"},\"thumbnailUrl\":\"https:\\\/\\\/www.photo-learn.com\\\/wp-content\\\/uploads\\\/2022\\\/10\\\/cours-photo-a-domicile.jpg\",\"datePublished\":\"2022-10-29T12:44:29+00:00\",\"dateModified\":\"2022-12-23T22:06:49+00:00\",\"breadcrumb\":{\"@id\":\"https:\\\/\\\/www.photo-learn.com\\\/index.php\\\/cours-de-photographie-particulier-a-domicile-paris\\\/#breadcrumb\"},\"inLanguage\":\"fr-FR\",\"potentialAction\":[{\"@type\":\"ReadAction\",\"target\":[\"https:\\\/\\\/www.photo-learn.com\\\/index.php\\\/cours-de-photographie-particulier-a-domicile-paris\\\/\"]}]},{\"@type\":\"ImageObject\",\"inLanguage\":\"fr-FR\",\"@id\":\"https:\\\/\\\/www.photo-learn.com\\\/index.php\\\/cours-de-photographie-particulier-a-domicile-paris\\\/#primaryimage\",\"url\":\"https:\\\/\\\/www.photo-learn.com\\\/wp-content\\\/uploads\\\/2022\\\/10\\\/cours-photo-a-domicile.jpg\",\"contentUrl\":\"https:\\\/\\\/www.photo-learn.com\\\/wp-content\\\/uploads\\\/2022\\\/10\\\/cours-photo-a-domicile.jpg\",\"width\":855,\"height\":695},{\"@type\":\"BreadcrumbList\",\"@id\":\"https:\\\/\\\/www.photo-learn.com\\\/index.php\\\/cours-de-photographie-particulier-a-domicile-paris\\\/#breadcrumb\",\"itemListElement\":[{\"@type\":\"ListItem\",\"position\":1,\"name\":\"Accueil\",\"item\":\"https:\\\/\\\/www.photo-learn.com\\\/\"},{\"@type\":\"ListItem\",\"position\":2,\"name\":\"Cours de Photographie particulier \u00e0 domicile (Paris)\"}]},{\"@type\":\"WebSite\",\"@id\":\"https:\\\/\\\/www.photo-learn.com\\\/#website\",\"url\":\"https:\\\/\\\/www.photo-learn.com\\\/\",\"name\":\"Cours photo \u00e0 Paris\",\"description\":\"apprentissage de la photo - ateliers pratiques \u00e0 Paris, en studio et en visio\",\"potentialAction\":[{\"@type\":\"SearchAction\",\"target\":{\"@type\":\"EntryPoint\",\"urlTemplate\":\"https:\\\/\\\/www.photo-learn.com\\\/?s={search_term_string}\"},\"query-input\":{\"@type\":\"PropertyValueSpecification\",\"valueRequired\":true,\"valueName\":\"search_term_string\"}}],\"inLanguage\":\"fr-FR\"}]}<\/script>\n<!-- \/ Yoast SEO plugin. -->","yoast_head_json":{"title":"Cours de Photographie particulier \u00e0 domicile (Paris) - Cours photo \u00e0 Paris","description":"Photo-Learn propose des cours particuliers de photo \u00e0 domicile pour les habitants de Paris et de la banlieue Ouest. Un professeur de photographie se d\u00e9place chez vous ou dans un lieu de votre choix avec le mat\u00e9riel n\u00e9cessaire pour donner les cours et organiser les ateliers pratiques (vous pourrez toutefois apprendre avec votre propre appareil [&hellip;]","robots":{"index":"index","follow":"follow","max-snippet":"max-snippet:-1","max-image-preview":"max-image-preview:large","max-video-preview":"max-video-preview:-1"},"canonical":"https:\/\/www.photo-learn.com\/index.php\/cours-de-photographie-particulier-a-domicile-paris\/","og_locale":"fr_FR","og_type":"article","og_title":"Cours de Photographie particulier \u00e0 domicile (Paris) - Cours photo \u00e0 Paris","og_description":"Photo-Learn propose des cours particuliers de photo \u00e0 domicile pour les habitants de Paris et de la banlieue Ouest. Un professeur de photographie se d\u00e9place chez vous ou dans un lieu de votre choix avec le mat\u00e9riel n\u00e9cessaire pour donner les cours et organiser les ateliers pratiques (vous pourrez toutefois apprendre avec votre propre appareil [&hellip;]","og_url":"https:\/\/www.photo-learn.com\/index.php\/cours-de-photographie-particulier-a-domicile-paris\/","og_site_name":"Cours photo \u00e0 Paris","article_modified_time":"2022-12-23T22:06:49+00:00","og_image":[{"width":855,"height":695,"url":"https:\/\/www.photo-learn.com\/wp-content\/uploads\/2022\/10\/cours-photo-a-domicile.jpg","type":"image\/jpeg"}],"twitter_card":"summary_large_image","twitter_misc":{"Dur\u00e9e de lecture estim\u00e9e":"1 minute"},"schema":{"@context":"https:\/\/schema.org","@graph":[{"@type":"WebPage","@id":"https:\/\/www.photo-learn.com\/index.php\/cours-de-photographie-particulier-a-domicile-paris\/","url":"https:\/\/www.photo-learn.com\/index.php\/cours-de-photographie-particulier-a-domicile-paris\/","name":"Cours de Photographie particulier \u00e0 domicile (Paris) - Cours photo \u00e0 Paris","isPartOf":{"@id":"https:\/\/www.photo-learn.com\/#website"},"primaryImageOfPage":{"@id":"https:\/\/www.photo-learn.com\/index.php\/cours-de-photographie-particulier-a-domicile-paris\/#primaryimage"},"image":{"@id":"https:\/\/www.photo-learn.com\/index.php\/cours-de-photographie-particulier-a-domicile-paris\/#primaryimage"},"thumbnailUrl":"https:\/\/www.photo-learn.com\/wp-content\/uploads\/2022\/10\/cours-photo-a-domicile.jpg","datePublished":"2022-10-29T12:44:29+00:00","dateModified":"2022-12-23T22:06:49+00:00","breadcrumb":{"@id":"https:\/\/www.photo-learn.com\/index.php\/cours-de-photographie-particulier-a-domicile-paris\/#breadcrumb"},"inLanguage":"fr-FR","potentialAction":[{"@type":"ReadAction","target":["https:\/\/www.photo-learn.com\/index.php\/cours-de-photographie-particulier-a-domicile-paris\/"]}]},{"@type":"ImageObject","inLanguage":"fr-FR","@id":"https:\/\/www.photo-learn.com\/index.php\/cours-de-photographie-particulier-a-domicile-paris\/#primaryimage","url":"https:\/\/www.photo-learn.com\/wp-content\/uploads\/2022\/10\/cours-photo-a-domicile.jpg","contentUrl":"https:\/\/www.photo-learn.com\/wp-content\/uploads\/2022\/10\/cours-photo-a-domicile.jpg","width":855,"height":695},{"@type":"BreadcrumbList","@id":"https:\/\/www.photo-learn.com\/index.php\/cours-de-photographie-particulier-a-domicile-paris\/#breadcrumb","itemListElement":[{"@type":"ListItem","position":1,"name":"Accueil","item":"https:\/\/www.photo-learn.com\/"},{"@type":"ListItem","position":2,"name":"Cours de Photographie particulier \u00e0 domicile (Paris)"}]},{"@type":"WebSite","@id":"https:\/\/www.photo-learn.com\/#website","url":"https:\/\/www.photo-learn.com\/","name":"Cours photo \u00e0 Paris","description":"apprentissage de la photo - ateliers pratiques \u00e0 Paris, en studio et en visio","potentialAction":[{"@type":"SearchAction","target":{"@type":"EntryPoint","urlTemplate":"https:\/\/www.photo-learn.com\/?s={search_term_string}"},"query-input":{"@type":"PropertyValueSpecification","valueRequired":true,"valueName":"search_term_string"}}],"inLanguage":"fr-FR"}]}},"_links":{"self":[{"href":"https:\/\/www.photo-learn.com\/index.php\/wp-json\/wp\/v2\/pages\/361","targetHints":{"allow":["GET"]}}],"collection":[{"href":"https:\/\/www.photo-learn.com\/index.php\/wp-json\/wp\/v2\/pages"}],"about":[{"href":"https:\/\/www.photo-learn.com\/index.php\/wp-json\/wp\/v2\/types\/page"}],"author":[{"embeddable":true,"href":"https:\/\/www.photo-learn.com\/index.php\/wp-json\/wp\/v2\/users\/1"}],"replies":[{"embeddable":true,"href":"https:\/\/www.photo-learn.com\/index.php\/wp-json\/wp\/v2\/comments?post=361"}],"version-history":[{"count":13,"href":"https:\/\/www.photo-learn.com\/index.php\/wp-json\/wp\/v2\/pages\/361\/revisions"}],"predecessor-version":[{"id":532,"href":"https:\/\/www.photo-learn.com\/index.php\/wp-json\/wp\/v2\/pages\/361\/revisions\/532"}],"wp:attachment":[{"href":"https:\/\/www.photo-learn.com\/index.php\/wp-json\/wp\/v2\/media?parent=361"}],"curies":[{"name":"wp","href":"https:\/\/api.w.org\/{rel}","templated":true}]}}