{"id":398,"date":"2022-11-02T18:53:47","date_gmt":"2022-11-02T17:53:47","guid":{"rendered":"https:\/\/www.photo-learn.com\/?page_id=398"},"modified":"2022-11-02T18:53:47","modified_gmt":"2022-11-02T17:53:47","slug":"cgv-de-vos-inscriptions-en-ligne-a-vos-cours-de-photographie","status":"publish","type":"page","link":"https:\/\/www.photo-learn.com\/index.php\/cgv-de-vos-inscriptions-en-ligne-a-vos-cours-de-photographie\/","title":{"rendered":"CGV de vos inscriptions en ligne \u00e0 vos cours de Photographie"},"content":{"rendered":"<div id=\"primary\" class=\"content-area clr\">\n<div id=\"content\" class=\"site-content clr\">\n<article class=\"single-page-article clr\">\n<div class=\"entry clr\">\n<p>Conditions G\u00e9n\u00e9rales de Vente \u2013 photo-learn.com<\/p>\n<p>ARTICLE 1- OBJET<br \/>\nphoto-learn.com propose la vente de billets d\u00e9mat\u00e9rialis\u00e9s en ligne permettant d\u2019acc\u00e9der \u00e0 des soir\u00e9es ou des cours de danse. Site \u00e9dit\u00e9 par la soci\u00e9t\u00e9 Glutto<\/p>\n<p>ARTICLE 2 \u2013 TARIFS<br \/>\nLes tarifs sont affich\u00e9s en euro et toutes taxes comprises<\/p>\n<p>ARTICLE 3 \u2013 DONNEES PERSONNELLES<br \/>\nConform\u00e9ment \u00e0 la loi n\u00b0 78-17 du 6 janvier 1978, relative \u00e0 l\u2019Informatique, aux Fichiers et aux Libert\u00e9s,<br \/>\nle traitement de vos informations fait l\u2019objet d\u2019une d\u00e9claration aupr\u00e8s de la Commission Nationale de<br \/>\nl\u2019Informatique et des Libert\u00e9s (CNIL) sous le num\u00e9ro de d\u00e9claration 1759026.<br \/>\nVous avez un droit permanent d\u2019acc\u00e8s et de rectification sur toutes les donn\u00e9es vous concernant,<br \/>\nconform\u00e9ment aux textes europ\u00e9ens et aux lois nationales en vigueur.<\/p>\n<p>Lors du passage de votre commande, vous \u00eates amen\u00e9 \u00e0 communiquer des informations personnelles<br \/>\nsur votre identit\u00e9<\/p>\n<p>Les informations n\u00e9cessaires afin d\u2019assurer le traitement de la commande par la Billetterie sont : nom,<br \/>\npr\u00e9nom et adresse e-mail et ville de r\u00e9sidence de l\u2019Acheteur. Elles peuvent \u00e9galement \u00eatre utilis\u00e9es par Photo-Learn afin de vous contacter en cas de probl\u00e8me avec le traitement de votre commande.<\/p>\n<p>Si vous cr\u00e9ez ou utilisez un compte acheteur pour r\u00e9aliser une commande, vous autorisez Photo-Learn \u00e0<br \/>\ncollecter, conserver et retraiter vos donn\u00e9es. Lors d\u2019une r\u00e9servation ult\u00e9rieure en utilisant ce compte,<br \/>\nvous autorisez Photo-Learn \u00e0 transmettre une partie de vos donn\u00e9es \u00e0 l\u2019organisateur pour lequel vous<br \/>\nr\u00e9alisez cette commande. Ces donn\u00e9es sont conserv\u00e9es pendant une dur\u00e9e de 3 ans \u00e0 compter du<br \/>\ndernier achat r\u00e9alis\u00e9 par l\u2019acheteur.<\/p>\n<p>ARTICLE 4 \u2013 PAIEMENT<\/p>\n<p>La validation de votre commande implique l\u2019obligation \u00e0 votre charge de payer le prix indiqu\u00e9. Un seul<br \/>\nmode de r\u00e8glement est autoris\u00e9 par commande.<br \/>\n6.1 Paiement par carte bancaire<br \/>\nIl est possible de r\u00e9gler votre commande par Carte Bancaire de type \u00ab Carte Bleue \u00bb, \u00ab VISA \u00bb,<br \/>\n\u00ab EUROCARD \u00bb ou \u00ab MASTERCARD \u00bb. Ledit paiement est trait\u00e9 par notre partenaire bancaire. Les<br \/>\ncoordonn\u00e9es de ce dernier sont accessibles depuis la page \u00ab mentions l\u00e9gales \u00bb du site. Le paiement<br \/>\npar carte peut avoir recours au syst\u00e8me 3D Secure qui vise \u00e0 identifier le porteur de la carte dans le<br \/>\nbut de limiter la fraude.<br \/>\nUne fois la transaction valid\u00e9e par la banque, votre compte bancaire sera d\u00e9bit\u00e9 du montant de la<br \/>\ncommande. A l\u2019issu de la transaction, une confirmation de commande vous sera adress\u00e9e par e-mail.<br \/>\nVous pourrez t\u00e9l\u00e9charger une facture \u00e0 partir de celle-ci.<br \/>\nDans le cas o\u00f9 un paiement se r\u00e9v\u00e9lait invalid\u00e9 par la banque, apr\u00e8s \u00e9mission de votre Billet ou de<br \/>\nvotre commande celui-ci ou celle-ci sera invalid\u00e9(e), ne vous permettant pas un acc\u00e8s \u00e0 l\u2019\u00e9v\u00e9nement.<\/p>\n<p>Les transactions sont s\u00e9curis\u00e9es par chiffrement SSL par l\u2019interm\u00e9diaire de notre partenaire Stripe. Les coordonn\u00e9es bancaires<br \/>\nde l\u2019acheteur ne sont pas conserv\u00e9es.<\/p>\n<p>ARTICLE 5 \u2013 EMISSION ET CONDITION D\u2019UTILISATION DES BILLETS<\/p>\n<p>Toute inscription confirm\u00e9e est valid\u00e9e via un mail de confirmation, la pr\u00e9sentation de ce mail en format papier ou sur votre smartphone peut vous \u00eatre demand\u00e9 en plus de votre nom et pr\u00e9nom, il est \u00e9galement recommand\u00e9 de conna\u00eetre son num\u00e9ro de commande indiqu\u00e9 sur le mail de confirmation.<\/p>\n<\/div>\n<\/article>\n<\/div>\n<\/div>\n","protected":false},"excerpt":{"rendered":"<p>Conditions G\u00e9n\u00e9rales de Vente \u2013 photo-learn.com ARTICLE 1- OBJET photo-learn.com propose la vente de billets d\u00e9mat\u00e9rialis\u00e9s en ligne permettant d\u2019acc\u00e9der \u00e0 des soir\u00e9es ou des cours de danse. Site \u00e9dit\u00e9 par la soci\u00e9t\u00e9 Glutto ARTICLE 2 \u2013 TARIFS Les tarifs sont affich\u00e9s en euro et toutes taxes comprises ARTICLE 3 \u2013 DONNEES PERSONNELLES Conform\u00e9ment \u00e0 [&hellip;]<\/p>\n","protected":false},"author":1,"featured_media":0,"parent":0,"menu_order":0,"comment_status":"closed","ping_status":"closed","template":"","meta":{"ocean_post_layout":"","ocean_both_sidebars_style":"","ocean_both_sidebars_content_width":0,"ocean_both_sidebars_sidebars_width":0,"ocean_sidebar":"0","ocean_second_sidebar":"0","ocean_disable_margins":"enable","ocean_add_body_class":"","ocean_shortcode_before_top_bar":"","ocean_shortcode_after_top_bar":"","ocean_shortcode_before_header":"","ocean_shortcode_after_header":"","ocean_has_shortcode":"","ocean_shortcode_after_title":"","ocean_shortcode_before_footer_widgets":"","ocean_shortcode_after_footer_widgets":"","ocean_shortcode_before_footer_bottom":"","ocean_shortcode_after_footer_bottom":"","ocean_display_top_bar":"default","ocean_display_header":"default","ocean_header_style":"","ocean_center_header_left_menu":"0","ocean_custom_header_template":"0","ocean_custom_logo":0,"ocean_custom_retina_logo":0,"ocean_custom_logo_max_width":0,"ocean_custom_logo_tablet_max_width":0,"ocean_custom_logo_mobile_max_width":0,"ocean_custom_logo_max_height":0,"ocean_custom_logo_tablet_max_height":0,"ocean_custom_logo_mobile_max_height":0,"ocean_header_custom_menu":"0","ocean_menu_typo_font_family":"0","ocean_menu_typo_font_subset":"","ocean_menu_typo_font_size":0,"ocean_menu_typo_font_size_tablet":0,"ocean_menu_typo_font_size_mobile":0,"ocean_menu_typo_font_size_unit":"px","ocean_menu_typo_font_weight":"","ocean_menu_typo_font_weight_tablet":"","ocean_menu_typo_font_weight_mobile":"","ocean_menu_typo_transform":"","ocean_menu_typo_transform_tablet":"","ocean_menu_typo_transform_mobile":"","ocean_menu_typo_line_height":0,"ocean_menu_typo_line_height_tablet":0,"ocean_menu_typo_line_height_mobile":0,"ocean_menu_typo_line_height_unit":"","ocean_menu_typo_spacing":0,"ocean_menu_typo_spacing_tablet":0,"ocean_menu_typo_spacing_mobile":0,"ocean_menu_typo_spacing_unit":"","ocean_menu_link_color":"","ocean_menu_link_color_hover":"","ocean_menu_link_color_active":"","ocean_menu_link_background":"","ocean_menu_link_hover_background":"","ocean_menu_link_active_background":"","ocean_menu_social_links_bg":"","ocean_menu_social_hover_links_bg":"","ocean_menu_social_links_color":"","ocean_menu_social_hover_links_color":"","ocean_disable_title":"default","ocean_disable_heading":"default","ocean_post_title":"","ocean_post_subheading":"","ocean_post_title_style":"","ocean_post_title_background_color":"","ocean_post_title_background":0,"ocean_post_title_bg_image_position":"","ocean_post_title_bg_image_attachment":"","ocean_post_title_bg_image_repeat":"","ocean_post_title_bg_image_size":"","ocean_post_title_height":0,"ocean_post_title_bg_overlay":0.5,"ocean_post_title_bg_overlay_color":"","ocean_disable_breadcrumbs":"default","ocean_breadcrumbs_color":"","ocean_breadcrumbs_separator_color":"","ocean_breadcrumbs_links_color":"","ocean_breadcrumbs_links_hover_color":"","ocean_display_footer_widgets":"default","ocean_display_footer_bottom":"default","ocean_custom_footer_template":"0","footnotes":""},"class_list":["post-398","page","type-page","status-publish","hentry","entry","owp-thumbs-layout-horizontal","owp-btn-normal","owp-tabs-layout-horizontal","has-no-thumbnails","has-product-nav"],"aioseo_notices":[],"yoast_head":"<!-- This site is optimized with the Yoast SEO plugin v27.3 - https:\/\/yoast.com\/product\/yoast-seo-wordpress\/ -->\n<title>CGV de vos inscriptions en ligne \u00e0 vos cours de Photographie - Cours photo \u00e0 Paris<\/title>\n<meta name=\"description\" content=\"Conditions G\u00e9n\u00e9rales de Vente \u2013 photo-learn.com ARTICLE 1- OBJET photo-learn.com propose la vente de billets d\u00e9mat\u00e9rialis\u00e9s en ligne permettant d\u2019acc\u00e9der \u00e0 des soir\u00e9es ou des cours de danse. Site \u00e9dit\u00e9 par la soci\u00e9t\u00e9 Glutto ARTICLE 2 \u2013 TARIFS Les tarifs sont affich\u00e9s en euro et toutes taxes comprises ARTICLE 3 \u2013 DONNEES PERSONNELLES Conform\u00e9ment \u00e0 [&hellip;]\" \/>\n<meta name=\"robots\" content=\"index, follow, max-snippet:-1, max-image-preview:large, max-video-preview:-1\" \/>\n<link rel=\"canonical\" href=\"https:\/\/www.photo-learn.com\/index.php\/cgv-de-vos-inscriptions-en-ligne-a-vos-cours-de-photographie\/\" \/>\n<meta property=\"og:locale\" content=\"fr_FR\" \/>\n<meta property=\"og:type\" content=\"article\" \/>\n<meta property=\"og:title\" content=\"CGV de vos inscriptions en ligne \u00e0 vos cours de Photographie - Cours photo \u00e0 Paris\" \/>\n<meta property=\"og:description\" content=\"Conditions G\u00e9n\u00e9rales de Vente \u2013 photo-learn.com ARTICLE 1- OBJET photo-learn.com propose la vente de billets d\u00e9mat\u00e9rialis\u00e9s en ligne permettant d\u2019acc\u00e9der \u00e0 des soir\u00e9es ou des cours de danse. Site \u00e9dit\u00e9 par la soci\u00e9t\u00e9 Glutto ARTICLE 2 \u2013 TARIFS Les tarifs sont affich\u00e9s en euro et toutes taxes comprises ARTICLE 3 \u2013 DONNEES PERSONNELLES Conform\u00e9ment \u00e0 [&hellip;]\" \/>\n<meta property=\"og:url\" content=\"https:\/\/www.photo-learn.com\/index.php\/cgv-de-vos-inscriptions-en-ligne-a-vos-cours-de-photographie\/\" \/>\n<meta property=\"og:site_name\" content=\"Cours photo \u00e0 Paris\" \/>\n<meta name=\"twitter:card\" content=\"summary_large_image\" \/>\n<meta name=\"twitter:label1\" content=\"Dur\u00e9e de lecture estim\u00e9e\" \/>\n\t<meta name=\"twitter:data1\" content=\"3 minutes\" \/>\n<script type=\"application\/ld+json\" class=\"yoast-schema-graph\">{\"@context\":\"https:\\\/\\\/schema.org\",\"@graph\":[{\"@type\":\"WebPage\",\"@id\":\"https:\\\/\\\/www.photo-learn.com\\\/index.php\\\/cgv-de-vos-inscriptions-en-ligne-a-vos-cours-de-photographie\\\/\",\"url\":\"https:\\\/\\\/www.photo-learn.com\\\/index.php\\\/cgv-de-vos-inscriptions-en-ligne-a-vos-cours-de-photographie\\\/\",\"name\":\"CGV de vos inscriptions en ligne \u00e0 vos cours de Photographie - Cours photo \u00e0 Paris\",\"isPartOf\":{\"@id\":\"https:\\\/\\\/www.photo-learn.com\\\/#website\"},\"datePublished\":\"2022-11-02T17:53:47+00:00\",\"breadcrumb\":{\"@id\":\"https:\\\/\\\/www.photo-learn.com\\\/index.php\\\/cgv-de-vos-inscriptions-en-ligne-a-vos-cours-de-photographie\\\/#breadcrumb\"},\"inLanguage\":\"fr-FR\",\"potentialAction\":[{\"@type\":\"ReadAction\",\"target\":[\"https:\\\/\\\/www.photo-learn.com\\\/index.php\\\/cgv-de-vos-inscriptions-en-ligne-a-vos-cours-de-photographie\\\/\"]}]},{\"@type\":\"BreadcrumbList\",\"@id\":\"https:\\\/\\\/www.photo-learn.com\\\/index.php\\\/cgv-de-vos-inscriptions-en-ligne-a-vos-cours-de-photographie\\\/#breadcrumb\",\"itemListElement\":[{\"@type\":\"ListItem\",\"position\":1,\"name\":\"Accueil\",\"item\":\"https:\\\/\\\/www.photo-learn.com\\\/\"},{\"@type\":\"ListItem\",\"position\":2,\"name\":\"CGV de vos inscriptions en ligne \u00e0 vos cours de Photographie\"}]},{\"@type\":\"WebSite\",\"@id\":\"https:\\\/\\\/www.photo-learn.com\\\/#website\",\"url\":\"https:\\\/\\\/www.photo-learn.com\\\/\",\"name\":\"Cours photo \u00e0 Paris\",\"description\":\"apprentissage de la photo - ateliers pratiques \u00e0 Paris, en studio et en visio\",\"potentialAction\":[{\"@type\":\"SearchAction\",\"target\":{\"@type\":\"EntryPoint\",\"urlTemplate\":\"https:\\\/\\\/www.photo-learn.com\\\/?s={search_term_string}\"},\"query-input\":{\"@type\":\"PropertyValueSpecification\",\"valueRequired\":true,\"valueName\":\"search_term_string\"}}],\"inLanguage\":\"fr-FR\"}]}<\/script>\n<!-- \/ Yoast SEO plugin. -->","yoast_head_json":{"title":"CGV de vos inscriptions en ligne \u00e0 vos cours de Photographie - Cours photo \u00e0 Paris","description":"Conditions G\u00e9n\u00e9rales de Vente \u2013 photo-learn.com ARTICLE 1- OBJET photo-learn.com propose la vente de billets d\u00e9mat\u00e9rialis\u00e9s en ligne permettant d\u2019acc\u00e9der \u00e0 des soir\u00e9es ou des cours de danse. Site \u00e9dit\u00e9 par la soci\u00e9t\u00e9 Glutto ARTICLE 2 \u2013 TARIFS Les tarifs sont affich\u00e9s en euro et toutes taxes comprises ARTICLE 3 \u2013 DONNEES PERSONNELLES Conform\u00e9ment \u00e0 [&hellip;]","robots":{"index":"index","follow":"follow","max-snippet":"max-snippet:-1","max-image-preview":"max-image-preview:large","max-video-preview":"max-video-preview:-1"},"canonical":"https:\/\/www.photo-learn.com\/index.php\/cgv-de-vos-inscriptions-en-ligne-a-vos-cours-de-photographie\/","og_locale":"fr_FR","og_type":"article","og_title":"CGV de vos inscriptions en ligne \u00e0 vos cours de Photographie - Cours photo \u00e0 Paris","og_description":"Conditions G\u00e9n\u00e9rales de Vente \u2013 photo-learn.com ARTICLE 1- OBJET photo-learn.com propose la vente de billets d\u00e9mat\u00e9rialis\u00e9s en ligne permettant d\u2019acc\u00e9der \u00e0 des soir\u00e9es ou des cours de danse. Site \u00e9dit\u00e9 par la soci\u00e9t\u00e9 Glutto ARTICLE 2 \u2013 TARIFS Les tarifs sont affich\u00e9s en euro et toutes taxes comprises ARTICLE 3 \u2013 DONNEES PERSONNELLES Conform\u00e9ment \u00e0 [&hellip;]","og_url":"https:\/\/www.photo-learn.com\/index.php\/cgv-de-vos-inscriptions-en-ligne-a-vos-cours-de-photographie\/","og_site_name":"Cours photo \u00e0 Paris","twitter_card":"summary_large_image","twitter_misc":{"Dur\u00e9e de lecture estim\u00e9e":"3 minutes"},"schema":{"@context":"https:\/\/schema.org","@graph":[{"@type":"WebPage","@id":"https:\/\/www.photo-learn.com\/index.php\/cgv-de-vos-inscriptions-en-ligne-a-vos-cours-de-photographie\/","url":"https:\/\/www.photo-learn.com\/index.php\/cgv-de-vos-inscriptions-en-ligne-a-vos-cours-de-photographie\/","name":"CGV de vos inscriptions en ligne \u00e0 vos cours de Photographie - Cours photo \u00e0 Paris","isPartOf":{"@id":"https:\/\/www.photo-learn.com\/#website"},"datePublished":"2022-11-02T17:53:47+00:00","breadcrumb":{"@id":"https:\/\/www.photo-learn.com\/index.php\/cgv-de-vos-inscriptions-en-ligne-a-vos-cours-de-photographie\/#breadcrumb"},"inLanguage":"fr-FR","potentialAction":[{"@type":"ReadAction","target":["https:\/\/www.photo-learn.com\/index.php\/cgv-de-vos-inscriptions-en-ligne-a-vos-cours-de-photographie\/"]}]},{"@type":"BreadcrumbList","@id":"https:\/\/www.photo-learn.com\/index.php\/cgv-de-vos-inscriptions-en-ligne-a-vos-cours-de-photographie\/#breadcrumb","itemListElement":[{"@type":"ListItem","position":1,"name":"Accueil","item":"https:\/\/www.photo-learn.com\/"},{"@type":"ListItem","position":2,"name":"CGV de vos inscriptions en ligne \u00e0 vos cours de Photographie"}]},{"@type":"WebSite","@id":"https:\/\/www.photo-learn.com\/#website","url":"https:\/\/www.photo-learn.com\/","name":"Cours photo \u00e0 Paris","description":"apprentissage de la photo - ateliers pratiques \u00e0 Paris, en studio et en visio","potentialAction":[{"@type":"SearchAction","target":{"@type":"EntryPoint","urlTemplate":"https:\/\/www.photo-learn.com\/?s={search_term_string}"},"query-input":{"@type":"PropertyValueSpecification","valueRequired":true,"valueName":"search_term_string"}}],"inLanguage":"fr-FR"}]}},"_links":{"self":[{"href":"https:\/\/www.photo-learn.com\/index.php\/wp-json\/wp\/v2\/pages\/398","targetHints":{"allow":["GET"]}}],"collection":[{"href":"https:\/\/www.photo-learn.com\/index.php\/wp-json\/wp\/v2\/pages"}],"about":[{"href":"https:\/\/www.photo-learn.com\/index.php\/wp-json\/wp\/v2\/types\/page"}],"author":[{"embeddable":true,"href":"https:\/\/www.photo-learn.com\/index.php\/wp-json\/wp\/v2\/users\/1"}],"replies":[{"embeddable":true,"href":"https:\/\/www.photo-learn.com\/index.php\/wp-json\/wp\/v2\/comments?post=398"}],"version-history":[{"count":1,"href":"https:\/\/www.photo-learn.com\/index.php\/wp-json\/wp\/v2\/pages\/398\/revisions"}],"predecessor-version":[{"id":399,"href":"https:\/\/www.photo-learn.com\/index.php\/wp-json\/wp\/v2\/pages\/398\/revisions\/399"}],"wp:attachment":[{"href":"https:\/\/www.photo-learn.com\/index.php\/wp-json\/wp\/v2\/media?parent=398"}],"curies":[{"name":"wp","href":"https:\/\/api.w.org\/{rel}","templated":true}]}}