{"id":468,"date":"2022-12-21T16:16:52","date_gmt":"2022-12-21T15:16:52","guid":{"rendered":"https:\/\/www.photo-learn.com\/?page_id=468"},"modified":"2022-12-21T18:06:27","modified_gmt":"2022-12-21T17:06:27","slug":"cours-de-photographie-en-entreprise","status":"publish","type":"page","link":"https:\/\/www.photo-learn.com\/index.php\/cours-de-photographie-en-entreprise\/","title":{"rendered":"Cours de photographie en entreprise"},"content":{"rendered":"\n<h2 class=\"wp-block-heading\">Cours de photo pour les entreprises \u00e0 Paris<\/h2>\n\n\n\n<p>Photo-learn propose de donner des <strong>cours de photographie dans les entreprises<\/strong> situ\u00e9es en R\u00e9gion parisienne.<\/p>\n\n\n\n<p>Que votre soci\u00e9t\u00e9 ait des besoins sp\u00e9cifiques en terme de photos (<strong>formation<\/strong> du personnel pour prise de vue type e-commerce ou dans le web marketing&#8230; ) ou simplement dans un objectif de loisir, nous proposons des <strong>cours de photographie<\/strong> sous forme d&rsquo;ateliers <strong>en entreprise<\/strong>.<\/p>\n\n\n\n<p>Service propos\u00e9 par le biais des soci\u00e9t\u00e9s et des comit\u00e9s d&rsquo;entreprise. Si vous souhaitez b\u00e9n\u00e9ficier de <strong>cours de photo dans votre entreprise<\/strong> ou pour plus d&rsquo;infos vous pouvez contacter <strong>Photo-learn<\/strong> en remplissant le formulaire suivant ou contacter le 06 16 96 63 47.<\/p>\n\n\n\n<div class=\"wp-block-jetpack-contact-form\">\n\n\n\n\n\n\n\n\n\n\n\n<\/div>\n","protected":false},"excerpt":{"rendered":"<p>Cours de photo pour les entreprises \u00e0 Paris Photo-learn propose de donner des cours de photographie dans les entreprises situ\u00e9es en R\u00e9gion parisienne. Que votre soci\u00e9t\u00e9 ait des besoins sp\u00e9cifiques en terme de photos (formation du personnel pour prise de vue type e-commerce ou dans le web marketing&#8230; ) ou simplement dans un objectif de [&hellip;]<\/p>\n","protected":false},"author":1,"featured_media":0,"parent":0,"menu_order":0,"comment_status":"closed","ping_status":"closed","template":"","meta":{"ocean_post_layout":"","ocean_both_sidebars_style":"","ocean_both_sidebars_content_width":0,"ocean_both_sidebars_sidebars_width":0,"ocean_sidebar":"0","ocean_second_sidebar":"0","ocean_disable_margins":"enable","ocean_add_body_class":"","ocean_shortcode_before_top_bar":"","ocean_shortcode_after_top_bar":"","ocean_shortcode_before_header":"","ocean_shortcode_after_header":"","ocean_has_shortcode":"","ocean_shortcode_after_title":"","ocean_shortcode_before_footer_widgets":"","ocean_shortcode_after_footer_widgets":"","ocean_shortcode_before_footer_bottom":"","ocean_shortcode_after_footer_bottom":"","ocean_display_top_bar":"default","ocean_display_header":"default","ocean_header_style":"","ocean_center_header_left_menu":"0","ocean_custom_header_template":"0","ocean_custom_logo":0,"ocean_custom_retina_logo":0,"ocean_custom_logo_max_width":0,"ocean_custom_logo_tablet_max_width":0,"ocean_custom_logo_mobile_max_width":0,"ocean_custom_logo_max_height":0,"ocean_custom_logo_tablet_max_height":0,"ocean_custom_logo_mobile_max_height":0,"ocean_header_custom_menu":"0","ocean_menu_typo_font_family":"0","ocean_menu_typo_font_subset":"","ocean_menu_typo_font_size":0,"ocean_menu_typo_font_size_tablet":0,"ocean_menu_typo_font_size_mobile":0,"ocean_menu_typo_font_size_unit":"px","ocean_menu_typo_font_weight":"","ocean_menu_typo_font_weight_tablet":"","ocean_menu_typo_font_weight_mobile":"","ocean_menu_typo_transform":"","ocean_menu_typo_transform_tablet":"","ocean_menu_typo_transform_mobile":"","ocean_menu_typo_line_height":0,"ocean_menu_typo_line_height_tablet":0,"ocean_menu_typo_line_height_mobile":0,"ocean_menu_typo_line_height_unit":"","ocean_menu_typo_spacing":0,"ocean_menu_typo_spacing_tablet":0,"ocean_menu_typo_spacing_mobile":0,"ocean_menu_typo_spacing_unit":"","ocean_menu_link_color":"","ocean_menu_link_color_hover":"","ocean_menu_link_color_active":"","ocean_menu_link_background":"","ocean_menu_link_hover_background":"","ocean_menu_link_active_background":"","ocean_menu_social_links_bg":"","ocean_menu_social_hover_links_bg":"","ocean_menu_social_links_color":"","ocean_menu_social_hover_links_color":"","ocean_disable_title":"default","ocean_disable_heading":"default","ocean_post_title":"","ocean_post_subheading":"","ocean_post_title_style":"","ocean_post_title_background_color":"","ocean_post_title_background":0,"ocean_post_title_bg_image_position":"","ocean_post_title_bg_image_attachment":"","ocean_post_title_bg_image_repeat":"","ocean_post_title_bg_image_size":"","ocean_post_title_height":0,"ocean_post_title_bg_overlay":0.5,"ocean_post_title_bg_overlay_color":"","ocean_disable_breadcrumbs":"default","ocean_breadcrumbs_color":"","ocean_breadcrumbs_separator_color":"","ocean_breadcrumbs_links_color":"","ocean_breadcrumbs_links_hover_color":"","ocean_display_footer_widgets":"default","ocean_display_footer_bottom":"default","ocean_custom_footer_template":"0","footnotes":""},"class_list":["post-468","page","type-page","status-publish","hentry","entry","owp-thumbs-layout-horizontal","owp-btn-normal","owp-tabs-layout-horizontal","has-no-thumbnails","has-product-nav"],"aioseo_notices":[],"yoast_head":"<!-- This site is optimized with the Yoast SEO plugin v27.3 - https:\/\/yoast.com\/product\/yoast-seo-wordpress\/ -->\n<title>Cours de photographie en entreprise - Cours photo \u00e0 Paris<\/title>\n<meta name=\"description\" content=\"Cours de photo pour les entreprises \u00e0 Paris Photo-learn propose de donner des cours de photographie dans les entreprises situ\u00e9es en R\u00e9gion parisienne. Que votre soci\u00e9t\u00e9 ait des besoins sp\u00e9cifiques en terme de photos (formation du personnel pour prise de vue type e-commerce ou dans le web marketing&#8230; ) ou simplement dans un objectif de [&hellip;]\" \/>\n<meta name=\"robots\" content=\"index, follow, max-snippet:-1, max-image-preview:large, max-video-preview:-1\" \/>\n<link rel=\"canonical\" href=\"https:\/\/www.photo-learn.com\/index.php\/cours-de-photographie-en-entreprise\/\" \/>\n<meta property=\"og:locale\" content=\"fr_FR\" \/>\n<meta property=\"og:type\" content=\"article\" \/>\n<meta property=\"og:title\" content=\"Cours de photographie en entreprise - Cours photo \u00e0 Paris\" \/>\n<meta property=\"og:description\" content=\"Cours de photo pour les entreprises \u00e0 Paris Photo-learn propose de donner des cours de photographie dans les entreprises situ\u00e9es en R\u00e9gion parisienne. Que votre soci\u00e9t\u00e9 ait des besoins sp\u00e9cifiques en terme de photos (formation du personnel pour prise de vue type e-commerce ou dans le web marketing&#8230; ) ou simplement dans un objectif de [&hellip;]\" \/>\n<meta property=\"og:url\" content=\"https:\/\/www.photo-learn.com\/index.php\/cours-de-photographie-en-entreprise\/\" \/>\n<meta property=\"og:site_name\" content=\"Cours photo \u00e0 Paris\" \/>\n<meta property=\"article:modified_time\" content=\"2022-12-21T17:06:27+00:00\" \/>\n<meta name=\"twitter:card\" content=\"summary_large_image\" \/>\n<meta name=\"twitter:label1\" content=\"Dur\u00e9e de lecture estim\u00e9e\" \/>\n\t<meta name=\"twitter:data1\" content=\"1 minute\" \/>\n<script type=\"application\/ld+json\" class=\"yoast-schema-graph\">{\"@context\":\"https:\\\/\\\/schema.org\",\"@graph\":[{\"@type\":\"WebPage\",\"@id\":\"https:\\\/\\\/www.photo-learn.com\\\/index.php\\\/cours-de-photographie-en-entreprise\\\/\",\"url\":\"https:\\\/\\\/www.photo-learn.com\\\/index.php\\\/cours-de-photographie-en-entreprise\\\/\",\"name\":\"Cours de photographie en entreprise - Cours photo \u00e0 Paris\",\"isPartOf\":{\"@id\":\"https:\\\/\\\/www.photo-learn.com\\\/#website\"},\"datePublished\":\"2022-12-21T15:16:52+00:00\",\"dateModified\":\"2022-12-21T17:06:27+00:00\",\"breadcrumb\":{\"@id\":\"https:\\\/\\\/www.photo-learn.com\\\/index.php\\\/cours-de-photographie-en-entreprise\\\/#breadcrumb\"},\"inLanguage\":\"fr-FR\",\"potentialAction\":[{\"@type\":\"ReadAction\",\"target\":[\"https:\\\/\\\/www.photo-learn.com\\\/index.php\\\/cours-de-photographie-en-entreprise\\\/\"]}]},{\"@type\":\"BreadcrumbList\",\"@id\":\"https:\\\/\\\/www.photo-learn.com\\\/index.php\\\/cours-de-photographie-en-entreprise\\\/#breadcrumb\",\"itemListElement\":[{\"@type\":\"ListItem\",\"position\":1,\"name\":\"Accueil\",\"item\":\"https:\\\/\\\/www.photo-learn.com\\\/\"},{\"@type\":\"ListItem\",\"position\":2,\"name\":\"Cours de photographie en entreprise\"}]},{\"@type\":\"WebSite\",\"@id\":\"https:\\\/\\\/www.photo-learn.com\\\/#website\",\"url\":\"https:\\\/\\\/www.photo-learn.com\\\/\",\"name\":\"Cours photo \u00e0 Paris\",\"description\":\"apprentissage de la photo - ateliers pratiques \u00e0 Paris, en studio et en visio\",\"potentialAction\":[{\"@type\":\"SearchAction\",\"target\":{\"@type\":\"EntryPoint\",\"urlTemplate\":\"https:\\\/\\\/www.photo-learn.com\\\/?s={search_term_string}\"},\"query-input\":{\"@type\":\"PropertyValueSpecification\",\"valueRequired\":true,\"valueName\":\"search_term_string\"}}],\"inLanguage\":\"fr-FR\"}]}<\/script>\n<!-- \/ Yoast SEO plugin. -->","yoast_head_json":{"title":"Cours de photographie en entreprise - Cours photo \u00e0 Paris","description":"Cours de photo pour les entreprises \u00e0 Paris Photo-learn propose de donner des cours de photographie dans les entreprises situ\u00e9es en R\u00e9gion parisienne. Que votre soci\u00e9t\u00e9 ait des besoins sp\u00e9cifiques en terme de photos (formation du personnel pour prise de vue type e-commerce ou dans le web marketing&#8230; ) ou simplement dans un objectif de [&hellip;]","robots":{"index":"index","follow":"follow","max-snippet":"max-snippet:-1","max-image-preview":"max-image-preview:large","max-video-preview":"max-video-preview:-1"},"canonical":"https:\/\/www.photo-learn.com\/index.php\/cours-de-photographie-en-entreprise\/","og_locale":"fr_FR","og_type":"article","og_title":"Cours de photographie en entreprise - Cours photo \u00e0 Paris","og_description":"Cours de photo pour les entreprises \u00e0 Paris Photo-learn propose de donner des cours de photographie dans les entreprises situ\u00e9es en R\u00e9gion parisienne. Que votre soci\u00e9t\u00e9 ait des besoins sp\u00e9cifiques en terme de photos (formation du personnel pour prise de vue type e-commerce ou dans le web marketing&#8230; ) ou simplement dans un objectif de [&hellip;]","og_url":"https:\/\/www.photo-learn.com\/index.php\/cours-de-photographie-en-entreprise\/","og_site_name":"Cours photo \u00e0 Paris","article_modified_time":"2022-12-21T17:06:27+00:00","twitter_card":"summary_large_image","twitter_misc":{"Dur\u00e9e de lecture estim\u00e9e":"1 minute"},"schema":{"@context":"https:\/\/schema.org","@graph":[{"@type":"WebPage","@id":"https:\/\/www.photo-learn.com\/index.php\/cours-de-photographie-en-entreprise\/","url":"https:\/\/www.photo-learn.com\/index.php\/cours-de-photographie-en-entreprise\/","name":"Cours de photographie en entreprise - Cours photo \u00e0 Paris","isPartOf":{"@id":"https:\/\/www.photo-learn.com\/#website"},"datePublished":"2022-12-21T15:16:52+00:00","dateModified":"2022-12-21T17:06:27+00:00","breadcrumb":{"@id":"https:\/\/www.photo-learn.com\/index.php\/cours-de-photographie-en-entreprise\/#breadcrumb"},"inLanguage":"fr-FR","potentialAction":[{"@type":"ReadAction","target":["https:\/\/www.photo-learn.com\/index.php\/cours-de-photographie-en-entreprise\/"]}]},{"@type":"BreadcrumbList","@id":"https:\/\/www.photo-learn.com\/index.php\/cours-de-photographie-en-entreprise\/#breadcrumb","itemListElement":[{"@type":"ListItem","position":1,"name":"Accueil","item":"https:\/\/www.photo-learn.com\/"},{"@type":"ListItem","position":2,"name":"Cours de photographie en entreprise"}]},{"@type":"WebSite","@id":"https:\/\/www.photo-learn.com\/#website","url":"https:\/\/www.photo-learn.com\/","name":"Cours photo \u00e0 Paris","description":"apprentissage de la photo - ateliers pratiques \u00e0 Paris, en studio et en visio","potentialAction":[{"@type":"SearchAction","target":{"@type":"EntryPoint","urlTemplate":"https:\/\/www.photo-learn.com\/?s={search_term_string}"},"query-input":{"@type":"PropertyValueSpecification","valueRequired":true,"valueName":"search_term_string"}}],"inLanguage":"fr-FR"}]}},"_links":{"self":[{"href":"https:\/\/www.photo-learn.com\/index.php\/wp-json\/wp\/v2\/pages\/468","targetHints":{"allow":["GET"]}}],"collection":[{"href":"https:\/\/www.photo-learn.com\/index.php\/wp-json\/wp\/v2\/pages"}],"about":[{"href":"https:\/\/www.photo-learn.com\/index.php\/wp-json\/wp\/v2\/types\/page"}],"author":[{"embeddable":true,"href":"https:\/\/www.photo-learn.com\/index.php\/wp-json\/wp\/v2\/users\/1"}],"replies":[{"embeddable":true,"href":"https:\/\/www.photo-learn.com\/index.php\/wp-json\/wp\/v2\/comments?post=468"}],"version-history":[{"count":4,"href":"https:\/\/www.photo-learn.com\/index.php\/wp-json\/wp\/v2\/pages\/468\/revisions"}],"predecessor-version":[{"id":475,"href":"https:\/\/www.photo-learn.com\/index.php\/wp-json\/wp\/v2\/pages\/468\/revisions\/475"}],"wp:attachment":[{"href":"https:\/\/www.photo-learn.com\/index.php\/wp-json\/wp\/v2\/media?parent=468"}],"curies":[{"name":"wp","href":"https:\/\/api.w.org\/{rel}","templated":true}]}}