{"id":490,"date":"2022-12-22T18:17:19","date_gmt":"2022-12-22T17:17:19","guid":{"rendered":"https:\/\/www.photo-learn.com\/?page_id=490"},"modified":"2022-12-24T18:27:06","modified_gmt":"2022-12-24T17:27:06","slug":"les-ateliers-pour-apprendre-la-photographie","status":"publish","type":"page","link":"https:\/\/www.photo-learn.com\/index.php\/les-ateliers-pour-apprendre-la-photographie\/","title":{"rendered":"Les ateliers pour apprendre la photographie"},"content":{"rendered":"\n<div class=\"wp-block-columns is-layout-flex wp-container-core-columns-is-layout-9d6595d7 wp-block-columns-is-layout-flex\">\n<div class=\"wp-block-column is-layout-flow wp-block-column-is-layout-flow\">\n<div class=\"wp-block-buttons is-layout-flex wp-block-buttons-is-layout-flex\"><\/div>\n\n\n\n<p class=\"has-text-align-center\"><em>Module 01<\/em><\/p>\n\n\n\n<p class=\"has-text-align-center\"><strong><a href=\"https:\/\/www.photo-learn.com\/index.php\/les-ateliers-pour-apprendre-la-photographie\/#cours-photo-debutant\" title=\"Les ateliers pour apprendre la photographie\">Cours 1: d\u00e9buter en photographie<\/a><\/strong><\/p>\n<\/div>\n\n\n\n<div class=\"wp-block-column is-layout-flow wp-block-column-is-layout-flow\">\n<p class=\"has-text-align-center\"><em>Module 02<\/em><\/p>\n\n\n\n<p class=\"has-text-align-center\"><a href=\"https:\/\/www.photo-learn.com\/index.php\/les-ateliers-pour-apprendre-la-photographie\/#photo-nuit\" title=\"Les ateliers pour apprendre la photographie\"><strong>Cours 2: la photo nocturne<\/strong><\/a><\/p>\n<\/div>\n\n\n\n<div class=\"wp-block-column is-layout-flow wp-block-column-is-layout-flow\">\n<p class=\"has-text-align-center\"><em>Module 0<\/em>3<\/p>\n\n\n\n<p class=\"has-text-align-center\"><a href=\"https:\/\/www.photo-learn.com\/index.php\/les-ateliers-pour-apprendre-la-photographie\/#photo-eclairage\" title=\"Les ateliers pour apprendre la photographie\"><strong>Cours 3: g\u00e9rer l&rsquo;\u00e9clairage<\/strong><\/a><\/p>\n<\/div>\n<\/div>\n\n\n\n<h2 class=\"wp-block-heading\">Cours de photographie \u00e0 Paris<\/h2>\n\n\n\n<p>Quelque soit votre niveau, que vous soyez d\u00e9butant ou que vous souhaitez vous perfectionner, photolearn.com propose des <strong>cours de photo<\/strong>, en int\u00e9rieur ou en ext\u00e9rieur, \u00e0 domicile ou en studio.<\/p>\n\n\n\n<h4 class=\"wp-block-heading\">Cours de photographie en visio<\/h4>\n\n\n\n<p>Photo-learn propose \u00e9galement la possibilit\u00e9 de suivre des <strong>cours en visio<\/strong><\/p>\n\n\n\n<p class=\"has-luminous-vivid-orange-color has-text-color\">Th\u00e9matiques:<\/p>\n\n\n\n<h2 class=\"wp-block-heading\" id=\"cours-photo-debutant\">D\u00e9buter en Photographie<\/h2>\n\n\n\n<p>Photo-learn vous propose un premier module permettant de s\u2019exercer et d\u2019<strong>apprendre<\/strong> \u00e0 r\u00e9ussir ses <strong>photos<\/strong>. Le but de ce <strong>cours<\/strong> est de comprendre le fonctionnement d\u2019un <strong>appareil photo<\/strong> et des <strong>r\u00e9glages<\/strong> qui s\u2019y rapportent \u00e0 travers diff\u00e9rents ateliers. Ce <strong>cours<\/strong> permet ainsi de pouvoir obtenir un <strong>rendu personnalis\u00e9<\/strong> de vos images selon les <strong>r\u00e9glages<\/strong> que vous aurez effectu\u00e9.<\/p>\n\n\n\n<div class=\"wp-block-columns is-layout-flex wp-container-core-columns-is-layout-9d6595d7 wp-block-columns-is-layout-flex\">\n<div class=\"wp-block-column is-layout-flow wp-block-column-is-layout-flow\">\n<div class=\"wp-block-buttons is-layout-flex wp-block-buttons-is-layout-flex\">\n<div class=\"wp-block-button aligncenter\"><a class=\"wp-block-button__link has-luminous-vivid-orange-background-color has-background wp-element-button\" href=\"https:\/\/www.photo-learn.com\/index.php\/cours-de-photographie-a-paris\/#cours-photo-debutant\">Prendre ce cours \u00e0 Paris<\/a><\/div>\n<\/div>\n<\/div>\n\n\n\n<div class=\"wp-block-column is-layout-flow wp-block-column-is-layout-flow\">\n<div class=\"wp-block-buttons is-layout-flex wp-block-buttons-is-layout-flex\">\n<div class=\"wp-block-button aligncenter\"><a class=\"wp-block-button__link has-luminous-vivid-orange-background-color has-background wp-element-button\" href=\"https:\/\/www.photo-learn.com\/index.php\/cours-de-photographie-particulier-a-domicile-form\/\">Prendre ce cours \u00e0 domicile<\/a><\/div>\n<\/div>\n<\/div>\n\n\n\n<div class=\"wp-block-column is-layout-flow wp-block-column-is-layout-flow\">\n<div class=\"wp-block-buttons is-layout-flex wp-block-buttons-is-layout-flex\">\n<div class=\"wp-block-button aligncenter\"><a class=\"wp-block-button__link has-luminous-vivid-orange-background-color has-background wp-element-button\">Prendre ce cours en visio<\/a><\/div>\n<\/div>\n<\/div>\n<\/div>\n\n\n\n<div class=\"wp-block-columns is-layout-flex wp-container-core-columns-is-layout-9d6595d7 wp-block-columns-is-layout-flex\">\n<div class=\"wp-block-column is-layout-flow wp-block-column-is-layout-flow\"><div class=\"wp-block-image\">\n<figure class=\"aligncenter size-full is-resized\"><a href=\"https:\/\/www.photo-learn.com\/index.php\/cours-de-photographie-a-paris\/#cours-photo-debutant\"><img loading=\"lazy\" decoding=\"async\" src=\"https:\/\/www.photo-learn.com\/wp-content\/uploads\/2022\/08\/cours-photo-Paris.jpg\" alt=\"\" class=\"wp-image-248\" width=\"249\" height=\"251\" srcset=\"https:\/\/www.photo-learn.com\/wp-content\/uploads\/2022\/08\/cours-photo-Paris.jpg 820w, https:\/\/www.photo-learn.com\/wp-content\/uploads\/2022\/08\/cours-photo-Paris-297x300.jpg 297w, https:\/\/www.photo-learn.com\/wp-content\/uploads\/2022\/08\/cours-photo-Paris-150x150.jpg 150w, https:\/\/www.photo-learn.com\/wp-content\/uploads\/2022\/08\/cours-photo-Paris-768x776.jpg 768w, https:\/\/www.photo-learn.com\/wp-content\/uploads\/2022\/08\/cours-photo-Paris-600x607.jpg 600w, https:\/\/www.photo-learn.com\/wp-content\/uploads\/2022\/08\/cours-photo-Paris-100x100.jpg 100w\" sizes=\"auto, (max-width: 249px) 100vw, 249px\" \/><\/a><\/figure>\n<\/div><\/div>\n\n\n\n<div class=\"wp-block-column is-layout-flow wp-block-column-is-layout-flow\"><div class=\"wp-block-image\">\n<figure class=\"aligncenter size-full is-resized\"><img loading=\"lazy\" decoding=\"async\" src=\"https:\/\/www.photo-learn.com\/wp-content\/uploads\/2022\/10\/cours-photo-a-domicile.jpg\" alt=\"\" class=\"wp-image-366\" width=\"308\" height=\"251\" srcset=\"https:\/\/www.photo-learn.com\/wp-content\/uploads\/2022\/10\/cours-photo-a-domicile.jpg 855w, https:\/\/www.photo-learn.com\/wp-content\/uploads\/2022\/10\/cours-photo-a-domicile-300x244.jpg 300w, https:\/\/www.photo-learn.com\/wp-content\/uploads\/2022\/10\/cours-photo-a-domicile-768x624.jpg 768w, https:\/\/www.photo-learn.com\/wp-content\/uploads\/2022\/10\/cours-photo-a-domicile-600x488.jpg 600w\" sizes=\"auto, (max-width: 308px) 100vw, 308px\" \/><\/figure>\n<\/div><\/div>\n\n\n\n<div class=\"wp-block-column is-layout-flow wp-block-column-is-layout-flow\"><div class=\"wp-block-image\">\n<figure class=\"aligncenter size-full is-resized\"><img loading=\"lazy\" decoding=\"async\" src=\"https:\/\/www.photo-learn.com\/wp-content\/uploads\/2022\/01\/cours-photographie-paris-courbevoie.jpg\" alt=\"\" class=\"wp-image-188\" width=\"314\" height=\"251\" srcset=\"https:\/\/www.photo-learn.com\/wp-content\/uploads\/2022\/01\/cours-photographie-paris-courbevoie.jpg 1000w, https:\/\/www.photo-learn.com\/wp-content\/uploads\/2022\/01\/cours-photographie-paris-courbevoie-300x241.jpg 300w, https:\/\/www.photo-learn.com\/wp-content\/uploads\/2022\/01\/cours-photographie-paris-courbevoie-768x617.jpg 768w, https:\/\/www.photo-learn.com\/wp-content\/uploads\/2022\/01\/cours-photographie-paris-courbevoie-600x482.jpg 600w\" sizes=\"auto, (max-width: 314px) 100vw, 314px\" \/><\/figure>\n<\/div><\/div>\n<\/div>\n\n\n\n<div style=\"height:65px\" aria-hidden=\"true\" class=\"wp-block-spacer\"><\/div>\n\n\n\n<p><\/p>\n\n\n\n<h3 class=\"wp-block-heading\" id=\"photo-eclairage\">G\u00e9rer l&rsquo;\u00e9clairage<\/h3>\n\n\n\n<p>Objectifs du <strong>cours<\/strong> : comprendre et ma\u00eetriser la <strong>lumi\u00e8re<\/strong>, gestion des ombres. Conna\u00eetre les r\u00e9glages li\u00e9s \u00e0 la lumi\u00e8re. Savoir placer correctement l\u2019\u00e9clairage sur un sujet selon le r\u00e9sultat souhait\u00e9. Ce cours comprend des ateliers permettant de ma\u00eetriser l&rsquo;utilisation de plusieurs types d&rsquo;\u00e9clairage (LED et flash).<\/p>\n\n\n\n<div class=\"wp-block-columns is-layout-flex wp-container-core-columns-is-layout-9d6595d7 wp-block-columns-is-layout-flex\">\n<div class=\"wp-block-column is-layout-flow wp-block-column-is-layout-flow\">\n<div class=\"wp-block-buttons is-layout-flex wp-block-buttons-is-layout-flex\">\n<div class=\"wp-block-button\"><a class=\"wp-block-button__link has-luminous-vivid-orange-background-color has-background wp-element-button\" href=\"https:\/\/www.photo-learn.com\/index.php\/cours-de-photographie-gestion-de-leclairage\/\">Prendre ce cours en studio<\/a><\/div>\n<\/div>\n<\/div>\n\n\n\n<div class=\"wp-block-column is-layout-flow wp-block-column-is-layout-flow\">\n<div class=\"wp-block-buttons is-layout-flex wp-block-buttons-is-layout-flex\">\n<div class=\"wp-block-button\"><a class=\"wp-block-button__link has-luminous-vivid-orange-background-color has-background wp-element-button\" href=\"https:\/\/www.photo-learn.com\/index.php\/cours-de-photographie-particulier-a-domicile-form\/\">Prendre ce cours \u00e0 domicile<\/a><\/div>\n<\/div>\n<\/div>\n\n\n\n<div class=\"wp-block-column is-layout-flow wp-block-column-is-layout-flow\">\n<div class=\"wp-block-buttons is-layout-flex wp-block-buttons-is-layout-flex\">\n<div class=\"wp-block-button\"><a class=\"wp-block-button__link has-luminous-vivid-orange-background-color has-background wp-element-button\" href=\"https:\/\/www.photo-learn.com\/index.php\/cours-de-photographie-gestion-de-leclairage\/\">Prendre ce cours en visio<\/a><\/div>\n<\/div>\n<\/div>\n<\/div>\n\n\n\n<div style=\"height:65px\" aria-hidden=\"true\" class=\"wp-block-spacer\"><\/div>\n\n\n\n<h3 class=\"wp-block-heading\" id=\"photo-nuit\">La photographie de nuit<\/h3>\n\n\n\n<p>(En ext\u00e9rieur)<\/p>\n\n\n\n<p>Ce <strong>cours de photographie<\/strong> permet d\u2019acqu\u00e9rir les techniques pour r\u00e9ussir ses <strong>photos de nuit<\/strong> en ext\u00e9rieur avec l\u2019\u00e9clairage urbain. Avec le Louvre comme sujet, un professeur vous accompagne afin de r\u00e9aliser des photos nocturnes.<\/p>\n\n\n\n<div class=\"wp-block-columns is-layout-flex wp-container-core-columns-is-layout-9d6595d7 wp-block-columns-is-layout-flex\">\n<div class=\"wp-block-column is-layout-flow wp-block-column-is-layout-flow\">\n<div class=\"wp-block-buttons is-layout-flex wp-block-buttons-is-layout-flex\">\n<div class=\"wp-block-button aligncenter\"><a class=\"wp-block-button__link has-luminous-vivid-orange-background-color has-background wp-element-button\" href=\"https:\/\/www.photo-learn.com\/index.php\/cours-de-photographie-a-paris\/#cours-photo-nuit\">S&rsquo;inscrire pour ce cours \u00e0 Paris<\/a><\/div>\n<\/div>\n<\/div>\n\n\n\n<div class=\"wp-block-column is-layout-flow wp-block-column-is-layout-flow\">\n<div class=\"wp-block-buttons is-layout-flex wp-block-buttons-is-layout-flex\">\n<div class=\"wp-block-button aligncenter\"><a class=\"wp-block-button__link has-luminous-vivid-orange-background-color has-background wp-element-button\" href=\"https:\/\/www.photo-learn.com\/index.php\/demande-de-cours-de-photographie-particulier-a-paris\/\">Demande de cours Particulier<\/a><\/div>\n<\/div>\n<\/div>\n\n\n\n<div class=\"wp-block-column is-layout-flow wp-block-column-is-layout-flow\">\n<div class=\"wp-block-buttons is-layout-flex wp-block-buttons-is-layout-flex\"><\/div>\n<\/div>\n<\/div>\n\n\n\n<p><\/p>\n\n\n\n<div class=\"wp-block-columns is-layout-flex wp-container-core-columns-is-layout-9d6595d7 wp-block-columns-is-layout-flex\">\n<div class=\"wp-block-column is-layout-flow wp-block-column-is-layout-flow\"><div class=\"wp-block-image\">\n<figure class=\"aligncenter size-large is-resized\"><a href=\"https:\/\/www.photo-learn.com\/index.php\/cours-de-photographie-a-paris\/#cours-photo-nuit\"><img loading=\"lazy\" decoding=\"async\" src=\"https:\/\/www.photo-learn.com\/wp-content\/uploads\/2022\/10\/cours-photographie-paris-nuit-1024x1024.jpg\" alt=\"\" class=\"wp-image-385\" width=\"250\" height=\"250\" srcset=\"https:\/\/www.photo-learn.com\/wp-content\/uploads\/2022\/10\/cours-photographie-paris-nuit-1024x1024.jpg 1024w, https:\/\/www.photo-learn.com\/wp-content\/uploads\/2022\/10\/cours-photographie-paris-nuit-300x300.jpg 300w, https:\/\/www.photo-learn.com\/wp-content\/uploads\/2022\/10\/cours-photographie-paris-nuit-150x150.jpg 150w, https:\/\/www.photo-learn.com\/wp-content\/uploads\/2022\/10\/cours-photographie-paris-nuit-768x768.jpg 768w, https:\/\/www.photo-learn.com\/wp-content\/uploads\/2022\/10\/cours-photographie-paris-nuit-600x600.jpg 600w, https:\/\/www.photo-learn.com\/wp-content\/uploads\/2022\/10\/cours-photographie-paris-nuit-100x100.jpg 100w, https:\/\/www.photo-learn.com\/wp-content\/uploads\/2022\/10\/cours-photographie-paris-nuit.jpg 1500w\" sizes=\"auto, (max-width: 250px) 100vw, 250px\" \/><\/a><\/figure>\n<\/div><\/div>\n\n\n\n<div class=\"wp-block-column is-layout-flow wp-block-column-is-layout-flow\"><\/div>\n\n\n\n<div class=\"wp-block-column is-layout-flow wp-block-column-is-layout-flow\"><\/div>\n<\/div>\n","protected":false},"excerpt":{"rendered":"<p>Module 01 Cours 1: d\u00e9buter en photographie Module 02 Cours 2: la photo nocturne Module 03 Cours 3: g\u00e9rer l&rsquo;\u00e9clairage Cours de photographie \u00e0 Paris Quelque soit votre niveau, que vous soyez d\u00e9butant ou que vous souhaitez vous perfectionner, photolearn.com propose des cours de photo, en int\u00e9rieur ou en ext\u00e9rieur, \u00e0 domicile ou en studio. [&hellip;]<\/p>\n","protected":false},"author":1,"featured_media":0,"parent":0,"menu_order":0,"comment_status":"closed","ping_status":"closed","template":"","meta":{"ocean_post_layout":"","ocean_both_sidebars_style":"","ocean_both_sidebars_content_width":0,"ocean_both_sidebars_sidebars_width":0,"ocean_sidebar":"0","ocean_second_sidebar":"0","ocean_disable_margins":"enable","ocean_add_body_class":"","ocean_shortcode_before_top_bar":"","ocean_shortcode_after_top_bar":"","ocean_shortcode_before_header":"","ocean_shortcode_after_header":"","ocean_has_shortcode":"","ocean_shortcode_after_title":"","ocean_shortcode_before_footer_widgets":"","ocean_shortcode_after_footer_widgets":"","ocean_shortcode_before_footer_bottom":"","ocean_shortcode_after_footer_bottom":"","ocean_display_top_bar":"default","ocean_display_header":"default","ocean_header_style":"","ocean_center_header_left_menu":"0","ocean_custom_header_template":"0","ocean_custom_logo":0,"ocean_custom_retina_logo":0,"ocean_custom_logo_max_width":0,"ocean_custom_logo_tablet_max_width":0,"ocean_custom_logo_mobile_max_width":0,"ocean_custom_logo_max_height":0,"ocean_custom_logo_tablet_max_height":0,"ocean_custom_logo_mobile_max_height":0,"ocean_header_custom_menu":"0","ocean_menu_typo_font_family":"0","ocean_menu_typo_font_subset":"","ocean_menu_typo_font_size":0,"ocean_menu_typo_font_size_tablet":0,"ocean_menu_typo_font_size_mobile":0,"ocean_menu_typo_font_size_unit":"px","ocean_menu_typo_font_weight":"","ocean_menu_typo_font_weight_tablet":"","ocean_menu_typo_font_weight_mobile":"","ocean_menu_typo_transform":"","ocean_menu_typo_transform_tablet":"","ocean_menu_typo_transform_mobile":"","ocean_menu_typo_line_height":0,"ocean_menu_typo_line_height_tablet":0,"ocean_menu_typo_line_height_mobile":0,"ocean_menu_typo_line_height_unit":"","ocean_menu_typo_spacing":0,"ocean_menu_typo_spacing_tablet":0,"ocean_menu_typo_spacing_mobile":0,"ocean_menu_typo_spacing_unit":"","ocean_menu_link_color":"","ocean_menu_link_color_hover":"","ocean_menu_link_color_active":"","ocean_menu_link_background":"","ocean_menu_link_hover_background":"","ocean_menu_link_active_background":"","ocean_menu_social_links_bg":"","ocean_menu_social_hover_links_bg":"","ocean_menu_social_links_color":"","ocean_menu_social_hover_links_color":"","ocean_disable_title":"default","ocean_disable_heading":"default","ocean_post_title":"","ocean_post_subheading":"","ocean_post_title_style":"","ocean_post_title_background_color":"","ocean_post_title_background":0,"ocean_post_title_bg_image_position":"","ocean_post_title_bg_image_attachment":"","ocean_post_title_bg_image_repeat":"","ocean_post_title_bg_image_size":"","ocean_post_title_height":0,"ocean_post_title_bg_overlay":0.5,"ocean_post_title_bg_overlay_color":"","ocean_disable_breadcrumbs":"default","ocean_breadcrumbs_color":"","ocean_breadcrumbs_separator_color":"","ocean_breadcrumbs_links_color":"","ocean_breadcrumbs_links_hover_color":"","ocean_display_footer_widgets":"default","ocean_display_footer_bottom":"default","ocean_custom_footer_template":"0","footnotes":""},"class_list":["post-490","page","type-page","status-publish","hentry","entry","owp-thumbs-layout-horizontal","owp-btn-normal","owp-tabs-layout-horizontal","has-no-thumbnails","has-product-nav"],"aioseo_notices":[],"yoast_head":"<!-- This site is optimized with the Yoast SEO plugin v27.3 - https:\/\/yoast.com\/product\/yoast-seo-wordpress\/ -->\n<title>Les ateliers pour apprendre la photographie - Cours photo \u00e0 Paris<\/title>\n<meta name=\"description\" content=\"Module 01 Cours 1: d\u00e9buter en photographie Module 02 Cours 2: la photo nocturne Module 03 Cours 3: g\u00e9rer l&rsquo;\u00e9clairage Cours de photographie \u00e0 Paris Quelque soit votre niveau, que vous soyez d\u00e9butant ou que vous souhaitez vous perfectionner, photolearn.com propose des cours de photo, en int\u00e9rieur ou en ext\u00e9rieur, \u00e0 domicile ou en studio. [&hellip;]\" \/>\n<meta name=\"robots\" content=\"index, follow, max-snippet:-1, max-image-preview:large, max-video-preview:-1\" \/>\n<link rel=\"canonical\" href=\"https:\/\/www.photo-learn.com\/index.php\/les-ateliers-pour-apprendre-la-photographie\/\" \/>\n<meta property=\"og:locale\" content=\"fr_FR\" \/>\n<meta property=\"og:type\" content=\"article\" \/>\n<meta property=\"og:title\" content=\"Les ateliers pour apprendre la photographie - Cours photo \u00e0 Paris\" \/>\n<meta property=\"og:description\" content=\"Module 01 Cours 1: d\u00e9buter en photographie Module 02 Cours 2: la photo nocturne Module 03 Cours 3: g\u00e9rer l&rsquo;\u00e9clairage Cours de photographie \u00e0 Paris Quelque soit votre niveau, que vous soyez d\u00e9butant ou que vous souhaitez vous perfectionner, photolearn.com propose des cours de photo, en int\u00e9rieur ou en ext\u00e9rieur, \u00e0 domicile ou en studio. [&hellip;]\" \/>\n<meta property=\"og:url\" content=\"https:\/\/www.photo-learn.com\/index.php\/les-ateliers-pour-apprendre-la-photographie\/\" \/>\n<meta property=\"og:site_name\" content=\"Cours photo \u00e0 Paris\" \/>\n<meta property=\"article:modified_time\" content=\"2022-12-24T17:27:06+00:00\" \/>\n<meta property=\"og:image\" content=\"https:\/\/www.photo-learn.com\/wp-content\/uploads\/2022\/08\/cours-photo-Paris.jpg\" \/>\n\t<meta property=\"og:image:width\" content=\"820\" \/>\n\t<meta property=\"og:image:height\" content=\"829\" \/>\n\t<meta property=\"og:image:type\" content=\"image\/jpeg\" \/>\n<meta name=\"twitter:card\" content=\"summary_large_image\" \/>\n<meta name=\"twitter:label1\" content=\"Dur\u00e9e de lecture estim\u00e9e\" \/>\n\t<meta name=\"twitter:data1\" content=\"1 minute\" \/>\n<script type=\"application\/ld+json\" class=\"yoast-schema-graph\">{\"@context\":\"https:\\\/\\\/schema.org\",\"@graph\":[{\"@type\":\"WebPage\",\"@id\":\"https:\\\/\\\/www.photo-learn.com\\\/index.php\\\/les-ateliers-pour-apprendre-la-photographie\\\/\",\"url\":\"https:\\\/\\\/www.photo-learn.com\\\/index.php\\\/les-ateliers-pour-apprendre-la-photographie\\\/\",\"name\":\"Les ateliers pour apprendre la photographie - Cours photo \u00e0 Paris\",\"isPartOf\":{\"@id\":\"https:\\\/\\\/www.photo-learn.com\\\/#website\"},\"primaryImageOfPage\":{\"@id\":\"https:\\\/\\\/www.photo-learn.com\\\/index.php\\\/les-ateliers-pour-apprendre-la-photographie\\\/#primaryimage\"},\"image\":{\"@id\":\"https:\\\/\\\/www.photo-learn.com\\\/index.php\\\/les-ateliers-pour-apprendre-la-photographie\\\/#primaryimage\"},\"thumbnailUrl\":\"https:\\\/\\\/www.photo-learn.com\\\/wp-content\\\/uploads\\\/2022\\\/08\\\/cours-photo-Paris.jpg\",\"datePublished\":\"2022-12-22T17:17:19+00:00\",\"dateModified\":\"2022-12-24T17:27:06+00:00\",\"breadcrumb\":{\"@id\":\"https:\\\/\\\/www.photo-learn.com\\\/index.php\\\/les-ateliers-pour-apprendre-la-photographie\\\/#breadcrumb\"},\"inLanguage\":\"fr-FR\",\"potentialAction\":[{\"@type\":\"ReadAction\",\"target\":[\"https:\\\/\\\/www.photo-learn.com\\\/index.php\\\/les-ateliers-pour-apprendre-la-photographie\\\/\"]}]},{\"@type\":\"ImageObject\",\"inLanguage\":\"fr-FR\",\"@id\":\"https:\\\/\\\/www.photo-learn.com\\\/index.php\\\/les-ateliers-pour-apprendre-la-photographie\\\/#primaryimage\",\"url\":\"https:\\\/\\\/www.photo-learn.com\\\/wp-content\\\/uploads\\\/2022\\\/08\\\/cours-photo-Paris.jpg\",\"contentUrl\":\"https:\\\/\\\/www.photo-learn.com\\\/wp-content\\\/uploads\\\/2022\\\/08\\\/cours-photo-Paris.jpg\",\"width\":820,\"height\":829},{\"@type\":\"BreadcrumbList\",\"@id\":\"https:\\\/\\\/www.photo-learn.com\\\/index.php\\\/les-ateliers-pour-apprendre-la-photographie\\\/#breadcrumb\",\"itemListElement\":[{\"@type\":\"ListItem\",\"position\":1,\"name\":\"Accueil\",\"item\":\"https:\\\/\\\/www.photo-learn.com\\\/\"},{\"@type\":\"ListItem\",\"position\":2,\"name\":\"Les ateliers pour apprendre la photographie\"}]},{\"@type\":\"WebSite\",\"@id\":\"https:\\\/\\\/www.photo-learn.com\\\/#website\",\"url\":\"https:\\\/\\\/www.photo-learn.com\\\/\",\"name\":\"Cours photo \u00e0 Paris\",\"description\":\"apprentissage de la photo - ateliers pratiques \u00e0 Paris, en studio et en visio\",\"potentialAction\":[{\"@type\":\"SearchAction\",\"target\":{\"@type\":\"EntryPoint\",\"urlTemplate\":\"https:\\\/\\\/www.photo-learn.com\\\/?s={search_term_string}\"},\"query-input\":{\"@type\":\"PropertyValueSpecification\",\"valueRequired\":true,\"valueName\":\"search_term_string\"}}],\"inLanguage\":\"fr-FR\"}]}<\/script>\n<!-- \/ Yoast SEO plugin. -->","yoast_head_json":{"title":"Les ateliers pour apprendre la photographie - Cours photo \u00e0 Paris","description":"Module 01 Cours 1: d\u00e9buter en photographie Module 02 Cours 2: la photo nocturne Module 03 Cours 3: g\u00e9rer l&rsquo;\u00e9clairage Cours de photographie \u00e0 Paris Quelque soit votre niveau, que vous soyez d\u00e9butant ou que vous souhaitez vous perfectionner, photolearn.com propose des cours de photo, en int\u00e9rieur ou en ext\u00e9rieur, \u00e0 domicile ou en studio. [&hellip;]","robots":{"index":"index","follow":"follow","max-snippet":"max-snippet:-1","max-image-preview":"max-image-preview:large","max-video-preview":"max-video-preview:-1"},"canonical":"https:\/\/www.photo-learn.com\/index.php\/les-ateliers-pour-apprendre-la-photographie\/","og_locale":"fr_FR","og_type":"article","og_title":"Les ateliers pour apprendre la photographie - Cours photo \u00e0 Paris","og_description":"Module 01 Cours 1: d\u00e9buter en photographie Module 02 Cours 2: la photo nocturne Module 03 Cours 3: g\u00e9rer l&rsquo;\u00e9clairage Cours de photographie \u00e0 Paris Quelque soit votre niveau, que vous soyez d\u00e9butant ou que vous souhaitez vous perfectionner, photolearn.com propose des cours de photo, en int\u00e9rieur ou en ext\u00e9rieur, \u00e0 domicile ou en studio. [&hellip;]","og_url":"https:\/\/www.photo-learn.com\/index.php\/les-ateliers-pour-apprendre-la-photographie\/","og_site_name":"Cours photo \u00e0 Paris","article_modified_time":"2022-12-24T17:27:06+00:00","og_image":[{"width":820,"height":829,"url":"https:\/\/www.photo-learn.com\/wp-content\/uploads\/2022\/08\/cours-photo-Paris.jpg","type":"image\/jpeg"}],"twitter_card":"summary_large_image","twitter_misc":{"Dur\u00e9e de lecture estim\u00e9e":"1 minute"},"schema":{"@context":"https:\/\/schema.org","@graph":[{"@type":"WebPage","@id":"https:\/\/www.photo-learn.com\/index.php\/les-ateliers-pour-apprendre-la-photographie\/","url":"https:\/\/www.photo-learn.com\/index.php\/les-ateliers-pour-apprendre-la-photographie\/","name":"Les ateliers pour apprendre la photographie - Cours photo \u00e0 Paris","isPartOf":{"@id":"https:\/\/www.photo-learn.com\/#website"},"primaryImageOfPage":{"@id":"https:\/\/www.photo-learn.com\/index.php\/les-ateliers-pour-apprendre-la-photographie\/#primaryimage"},"image":{"@id":"https:\/\/www.photo-learn.com\/index.php\/les-ateliers-pour-apprendre-la-photographie\/#primaryimage"},"thumbnailUrl":"https:\/\/www.photo-learn.com\/wp-content\/uploads\/2022\/08\/cours-photo-Paris.jpg","datePublished":"2022-12-22T17:17:19+00:00","dateModified":"2022-12-24T17:27:06+00:00","breadcrumb":{"@id":"https:\/\/www.photo-learn.com\/index.php\/les-ateliers-pour-apprendre-la-photographie\/#breadcrumb"},"inLanguage":"fr-FR","potentialAction":[{"@type":"ReadAction","target":["https:\/\/www.photo-learn.com\/index.php\/les-ateliers-pour-apprendre-la-photographie\/"]}]},{"@type":"ImageObject","inLanguage":"fr-FR","@id":"https:\/\/www.photo-learn.com\/index.php\/les-ateliers-pour-apprendre-la-photographie\/#primaryimage","url":"https:\/\/www.photo-learn.com\/wp-content\/uploads\/2022\/08\/cours-photo-Paris.jpg","contentUrl":"https:\/\/www.photo-learn.com\/wp-content\/uploads\/2022\/08\/cours-photo-Paris.jpg","width":820,"height":829},{"@type":"BreadcrumbList","@id":"https:\/\/www.photo-learn.com\/index.php\/les-ateliers-pour-apprendre-la-photographie\/#breadcrumb","itemListElement":[{"@type":"ListItem","position":1,"name":"Accueil","item":"https:\/\/www.photo-learn.com\/"},{"@type":"ListItem","position":2,"name":"Les ateliers pour apprendre la photographie"}]},{"@type":"WebSite","@id":"https:\/\/www.photo-learn.com\/#website","url":"https:\/\/www.photo-learn.com\/","name":"Cours photo \u00e0 Paris","description":"apprentissage de la photo - ateliers pratiques \u00e0 Paris, en studio et en visio","potentialAction":[{"@type":"SearchAction","target":{"@type":"EntryPoint","urlTemplate":"https:\/\/www.photo-learn.com\/?s={search_term_string}"},"query-input":{"@type":"PropertyValueSpecification","valueRequired":true,"valueName":"search_term_string"}}],"inLanguage":"fr-FR"}]}},"_links":{"self":[{"href":"https:\/\/www.photo-learn.com\/index.php\/wp-json\/wp\/v2\/pages\/490","targetHints":{"allow":["GET"]}}],"collection":[{"href":"https:\/\/www.photo-learn.com\/index.php\/wp-json\/wp\/v2\/pages"}],"about":[{"href":"https:\/\/www.photo-learn.com\/index.php\/wp-json\/wp\/v2\/types\/page"}],"author":[{"embeddable":true,"href":"https:\/\/www.photo-learn.com\/index.php\/wp-json\/wp\/v2\/users\/1"}],"replies":[{"embeddable":true,"href":"https:\/\/www.photo-learn.com\/index.php\/wp-json\/wp\/v2\/comments?post=490"}],"version-history":[{"count":25,"href":"https:\/\/www.photo-learn.com\/index.php\/wp-json\/wp\/v2\/pages\/490\/revisions"}],"predecessor-version":[{"id":545,"href":"https:\/\/www.photo-learn.com\/index.php\/wp-json\/wp\/v2\/pages\/490\/revisions\/545"}],"wp:attachment":[{"href":"https:\/\/www.photo-learn.com\/index.php\/wp-json\/wp\/v2\/media?parent=490"}],"curies":[{"name":"wp","href":"https:\/\/api.w.org\/{rel}","templated":true}]}}