{"id":601,"date":"2023-01-20T22:48:24","date_gmt":"2023-01-20T21:48:24","guid":{"rendered":"https:\/\/www.photo-learn.com\/?page_id=601"},"modified":"2023-01-20T22:56:24","modified_gmt":"2023-01-20T21:56:24","slug":"top-5-des-appareils-photo-reflex-pour-debuter-en-photographie","status":"publish","type":"page","link":"https:\/\/www.photo-learn.com\/index.php\/top-5-des-appareils-photo-reflex-pour-debuter-en-photographie\/","title":{"rendered":"Top 5 des appareils photo reflex pour d\u00e9buter en photographie"},"content":{"rendered":"\n<p><strong>Canon<\/strong> EOS 2000D: Ce <strong>reflex<\/strong> num\u00e9rique est un excellent choix pour les <strong>d\u00e9butants<\/strong> en <strong>photographie<\/strong>. Il poss\u00e8de un capteur CMOS de 24,1 m\u00e9gapixels et un processeur DIGIC 4+ pour des images de qualit\u00e9 sup\u00e9rieure. Il est \u00e9galement dot\u00e9 d&rsquo;un \u00e9cran LCD de 3 pouces, d&rsquo;un viseur optique et d&rsquo;un syst\u00e8me de mise au point automatique.<\/p>\n\n\n\n<p><strong>Nikon<\/strong> D3500: Ce <strong>reflex<\/strong> num\u00e9rique est \u00e9galement un excellent choix pour les d\u00e9butants. Il poss\u00e8de un capteur CMOS de 24,2 m\u00e9gapixels et un processeur EXPEED 4 pour des images de qualit\u00e9 sup\u00e9rieure. Il est \u00e9galement dot\u00e9 d&rsquo;un \u00e9cran LCD de 3 pouces, d&rsquo;un viseur optique et d&rsquo;un syst\u00e8me de mise au point automatique.<\/p>\n\n\n\n<p><strong>Pentax<\/strong> K-70: Ce reflex num\u00e9rique est un excellent choix pour les d\u00e9butants qui cherchent un appareil photo avec des fonctionnalit\u00e9s avanc\u00e9es. Il poss\u00e8de un capteur CMOS de 24 m\u00e9gapixels, un processeur PRIME MII et un \u00e9cran LCD de 3 pouces. Il est \u00e9galement dot\u00e9 d&rsquo;un viseur optique, d&rsquo;un syst\u00e8me de mise au point automatique et d&rsquo;un mode vid\u00e9o Full HD.<\/p>\n\n\n\n<p><strong>Sony Alpha<\/strong> a6000: Ce <strong>reflex<\/strong> num\u00e9rique est un excellent choix pour les d\u00e9butants qui cherchent un appareil photo compact et l\u00e9ger. Il poss\u00e8de un capteur CMOS de 24,3 m\u00e9gapixels et un processeur BIONZ X pour des images de qualit\u00e9 sup\u00e9rieure. Il est \u00e9galement dot\u00e9 d&rsquo;un \u00e9cran LCD de 3 pouces, d&rsquo;un viseur \u00e9lectronique et d&rsquo;un syst\u00e8me de mise au point automatique rapide.<\/p>\n\n\n\n<p>Fujifilm X-T200: Ce reflex num\u00e9rique est un excellent choix pour les d\u00e9butants qui cherchent un appareil photo avec un design retro. Il poss\u00e8de un capteur CMOS de 24,2 m\u00e9gapixels et un processeur X-Processor 4 pour des images de qualit\u00e9 sup\u00e9rieure. Il est \u00e9galement dot\u00e9 d&rsquo;un \u00e9cran LCD de 3,5 pouces, d&rsquo;un viseur \u00e9lectronique et d&rsquo;un syst\u00e8me de mise au point automatique.<\/p>\n\n\n\n<p>Notons toutefois que ces choix sont bas\u00e9s sur les caract\u00e9ristiques techniques et les avis des utilisateurs, mais au final, le choix d\u00e9pendra des besoins et pr\u00e9f\u00e9rences de chacun. Il est recommand\u00e9 de bien se renseigner et de tester diff\u00e9rents mod\u00e8les avant de faire un achat.<\/p>\n\n\n\n<p>Il est \u00e9galement important de savoir que le choix de l\u2019objectif est d\u00e9terminant par rapport au rendu que vous souhaitez obtenir.<\/p>\n\n\n\n<p>\u00c0 retenir\u00a0: pour un rendu optimal de vos clich\u00e9s, le capteur et l\u2019objectif sont les deux composants auxquels il faut pr\u00eater attention.<\/p>\n\n\n\n<h2 class=\"wp-block-heading\">Cours de photographie d\u00e9butant<\/h2>\n\n\n\n<p>Si vous souhaitez <strong>apprendre la photographie<\/strong> et notamment ma\u00eetriser le fonctionnent de votre appareil reflex pour sortir du mode manuel et pouvoir personnaliser le rendu de votre image, vous pouvez vous inscrire \u00e0 nos <strong>cours de photo<\/strong><\/p>\n\n\n\n<h3 class=\"wp-block-heading\">Cours de photographie d\u00e9butant \u00e0 Paris<\/h3>\n\n\n\n<h3 class=\"wp-block-heading\">Cours de photographie d\u00e9butant \u00e0 domicile (Paris)<\/h3>\n","protected":false},"excerpt":{"rendered":"<p>Canon EOS 2000D: Ce reflex num\u00e9rique est un excellent choix pour les d\u00e9butants en photographie. Il poss\u00e8de un capteur CMOS de 24,1 m\u00e9gapixels et un processeur DIGIC 4+ pour des images de qualit\u00e9 sup\u00e9rieure. Il est \u00e9galement dot\u00e9 d&rsquo;un \u00e9cran LCD de 3 pouces, d&rsquo;un viseur optique et d&rsquo;un syst\u00e8me de mise au point automatique. [&hellip;]<\/p>\n","protected":false},"author":1,"featured_media":0,"parent":0,"menu_order":0,"comment_status":"closed","ping_status":"closed","template":"","meta":{"ocean_post_layout":"","ocean_both_sidebars_style":"","ocean_both_sidebars_content_width":0,"ocean_both_sidebars_sidebars_width":0,"ocean_sidebar":"0","ocean_second_sidebar":"0","ocean_disable_margins":"enable","ocean_add_body_class":"","ocean_shortcode_before_top_bar":"","ocean_shortcode_after_top_bar":"","ocean_shortcode_before_header":"","ocean_shortcode_after_header":"","ocean_has_shortcode":"","ocean_shortcode_after_title":"","ocean_shortcode_before_footer_widgets":"","ocean_shortcode_after_footer_widgets":"","ocean_shortcode_before_footer_bottom":"","ocean_shortcode_after_footer_bottom":"","ocean_display_top_bar":"default","ocean_display_header":"default","ocean_header_style":"","ocean_center_header_left_menu":"0","ocean_custom_header_template":"0","ocean_custom_logo":0,"ocean_custom_retina_logo":0,"ocean_custom_logo_max_width":0,"ocean_custom_logo_tablet_max_width":0,"ocean_custom_logo_mobile_max_width":0,"ocean_custom_logo_max_height":0,"ocean_custom_logo_tablet_max_height":0,"ocean_custom_logo_mobile_max_height":0,"ocean_header_custom_menu":"0","ocean_menu_typo_font_family":"0","ocean_menu_typo_font_subset":"","ocean_menu_typo_font_size":0,"ocean_menu_typo_font_size_tablet":0,"ocean_menu_typo_font_size_mobile":0,"ocean_menu_typo_font_size_unit":"px","ocean_menu_typo_font_weight":"","ocean_menu_typo_font_weight_tablet":"","ocean_menu_typo_font_weight_mobile":"","ocean_menu_typo_transform":"","ocean_menu_typo_transform_tablet":"","ocean_menu_typo_transform_mobile":"","ocean_menu_typo_line_height":0,"ocean_menu_typo_line_height_tablet":0,"ocean_menu_typo_line_height_mobile":0,"ocean_menu_typo_line_height_unit":"","ocean_menu_typo_spacing":0,"ocean_menu_typo_spacing_tablet":0,"ocean_menu_typo_spacing_mobile":0,"ocean_menu_typo_spacing_unit":"","ocean_menu_link_color":"","ocean_menu_link_color_hover":"","ocean_menu_link_color_active":"","ocean_menu_link_background":"","ocean_menu_link_hover_background":"","ocean_menu_link_active_background":"","ocean_menu_social_links_bg":"","ocean_menu_social_hover_links_bg":"","ocean_menu_social_links_color":"","ocean_menu_social_hover_links_color":"","ocean_disable_title":"default","ocean_disable_heading":"default","ocean_post_title":"","ocean_post_subheading":"","ocean_post_title_style":"","ocean_post_title_background_color":"","ocean_post_title_background":0,"ocean_post_title_bg_image_position":"","ocean_post_title_bg_image_attachment":"","ocean_post_title_bg_image_repeat":"","ocean_post_title_bg_image_size":"","ocean_post_title_height":0,"ocean_post_title_bg_overlay":0.5,"ocean_post_title_bg_overlay_color":"","ocean_disable_breadcrumbs":"default","ocean_breadcrumbs_color":"","ocean_breadcrumbs_separator_color":"","ocean_breadcrumbs_links_color":"","ocean_breadcrumbs_links_hover_color":"","ocean_display_footer_widgets":"default","ocean_display_footer_bottom":"default","ocean_custom_footer_template":"0","footnotes":""},"class_list":["post-601","page","type-page","status-publish","hentry","entry","owp-thumbs-layout-horizontal","owp-btn-normal","owp-tabs-layout-horizontal","has-no-thumbnails","has-product-nav"],"aioseo_notices":[],"yoast_head":"<!-- This site is optimized with the Yoast SEO plugin v27.3 - https:\/\/yoast.com\/product\/yoast-seo-wordpress\/ -->\n<title>Top 5 des appareils photo reflex pour d\u00e9buter en photographie - Cours photo \u00e0 Paris<\/title>\n<meta name=\"description\" content=\"Canon EOS 2000D: Ce reflex num\u00e9rique est un excellent choix pour les d\u00e9butants en photographie. Il poss\u00e8de un capteur CMOS de 24,1 m\u00e9gapixels et un processeur DIGIC 4+ pour des images de qualit\u00e9 sup\u00e9rieure. Il est \u00e9galement dot\u00e9 d&rsquo;un \u00e9cran LCD de 3 pouces, d&rsquo;un viseur optique et d&rsquo;un syst\u00e8me de mise au point automatique. [&hellip;]\" \/>\n<meta name=\"robots\" content=\"index, follow, max-snippet:-1, max-image-preview:large, max-video-preview:-1\" \/>\n<link rel=\"canonical\" href=\"https:\/\/www.photo-learn.com\/index.php\/top-5-des-appareils-photo-reflex-pour-debuter-en-photographie\/\" \/>\n<meta property=\"og:locale\" content=\"fr_FR\" \/>\n<meta property=\"og:type\" content=\"article\" \/>\n<meta property=\"og:title\" content=\"Top 5 des appareils photo reflex pour d\u00e9buter en photographie - Cours photo \u00e0 Paris\" \/>\n<meta property=\"og:description\" content=\"Canon EOS 2000D: Ce reflex num\u00e9rique est un excellent choix pour les d\u00e9butants en photographie. Il poss\u00e8de un capteur CMOS de 24,1 m\u00e9gapixels et un processeur DIGIC 4+ pour des images de qualit\u00e9 sup\u00e9rieure. Il est \u00e9galement dot\u00e9 d&rsquo;un \u00e9cran LCD de 3 pouces, d&rsquo;un viseur optique et d&rsquo;un syst\u00e8me de mise au point automatique. [&hellip;]\" \/>\n<meta property=\"og:url\" content=\"https:\/\/www.photo-learn.com\/index.php\/top-5-des-appareils-photo-reflex-pour-debuter-en-photographie\/\" \/>\n<meta property=\"og:site_name\" content=\"Cours photo \u00e0 Paris\" \/>\n<meta property=\"article:modified_time\" content=\"2023-01-20T21:56:24+00:00\" \/>\n<meta name=\"twitter:card\" content=\"summary_large_image\" \/>\n<meta name=\"twitter:label1\" content=\"Dur\u00e9e de lecture estim\u00e9e\" \/>\n\t<meta name=\"twitter:data1\" content=\"2 minutes\" \/>\n<script type=\"application\/ld+json\" class=\"yoast-schema-graph\">{\"@context\":\"https:\\\/\\\/schema.org\",\"@graph\":[{\"@type\":\"WebPage\",\"@id\":\"https:\\\/\\\/www.photo-learn.com\\\/index.php\\\/top-5-des-appareils-photo-reflex-pour-debuter-en-photographie\\\/\",\"url\":\"https:\\\/\\\/www.photo-learn.com\\\/index.php\\\/top-5-des-appareils-photo-reflex-pour-debuter-en-photographie\\\/\",\"name\":\"Top 5 des appareils photo reflex pour d\u00e9buter en photographie - Cours photo \u00e0 Paris\",\"isPartOf\":{\"@id\":\"https:\\\/\\\/www.photo-learn.com\\\/#website\"},\"datePublished\":\"2023-01-20T21:48:24+00:00\",\"dateModified\":\"2023-01-20T21:56:24+00:00\",\"breadcrumb\":{\"@id\":\"https:\\\/\\\/www.photo-learn.com\\\/index.php\\\/top-5-des-appareils-photo-reflex-pour-debuter-en-photographie\\\/#breadcrumb\"},\"inLanguage\":\"fr-FR\",\"potentialAction\":[{\"@type\":\"ReadAction\",\"target\":[\"https:\\\/\\\/www.photo-learn.com\\\/index.php\\\/top-5-des-appareils-photo-reflex-pour-debuter-en-photographie\\\/\"]}]},{\"@type\":\"BreadcrumbList\",\"@id\":\"https:\\\/\\\/www.photo-learn.com\\\/index.php\\\/top-5-des-appareils-photo-reflex-pour-debuter-en-photographie\\\/#breadcrumb\",\"itemListElement\":[{\"@type\":\"ListItem\",\"position\":1,\"name\":\"Accueil\",\"item\":\"https:\\\/\\\/www.photo-learn.com\\\/\"},{\"@type\":\"ListItem\",\"position\":2,\"name\":\"Top 5 des appareils photo reflex pour d\u00e9buter en photographie\"}]},{\"@type\":\"WebSite\",\"@id\":\"https:\\\/\\\/www.photo-learn.com\\\/#website\",\"url\":\"https:\\\/\\\/www.photo-learn.com\\\/\",\"name\":\"Cours photo \u00e0 Paris\",\"description\":\"apprentissage de la photo - ateliers pratiques \u00e0 Paris, en studio et en visio\",\"potentialAction\":[{\"@type\":\"SearchAction\",\"target\":{\"@type\":\"EntryPoint\",\"urlTemplate\":\"https:\\\/\\\/www.photo-learn.com\\\/?s={search_term_string}\"},\"query-input\":{\"@type\":\"PropertyValueSpecification\",\"valueRequired\":true,\"valueName\":\"search_term_string\"}}],\"inLanguage\":\"fr-FR\"}]}<\/script>\n<!-- \/ Yoast SEO plugin. -->","yoast_head_json":{"title":"Top 5 des appareils photo reflex pour d\u00e9buter en photographie - Cours photo \u00e0 Paris","description":"Canon EOS 2000D: Ce reflex num\u00e9rique est un excellent choix pour les d\u00e9butants en photographie. Il poss\u00e8de un capteur CMOS de 24,1 m\u00e9gapixels et un processeur DIGIC 4+ pour des images de qualit\u00e9 sup\u00e9rieure. Il est \u00e9galement dot\u00e9 d&rsquo;un \u00e9cran LCD de 3 pouces, d&rsquo;un viseur optique et d&rsquo;un syst\u00e8me de mise au point automatique. [&hellip;]","robots":{"index":"index","follow":"follow","max-snippet":"max-snippet:-1","max-image-preview":"max-image-preview:large","max-video-preview":"max-video-preview:-1"},"canonical":"https:\/\/www.photo-learn.com\/index.php\/top-5-des-appareils-photo-reflex-pour-debuter-en-photographie\/","og_locale":"fr_FR","og_type":"article","og_title":"Top 5 des appareils photo reflex pour d\u00e9buter en photographie - Cours photo \u00e0 Paris","og_description":"Canon EOS 2000D: Ce reflex num\u00e9rique est un excellent choix pour les d\u00e9butants en photographie. Il poss\u00e8de un capteur CMOS de 24,1 m\u00e9gapixels et un processeur DIGIC 4+ pour des images de qualit\u00e9 sup\u00e9rieure. Il est \u00e9galement dot\u00e9 d&rsquo;un \u00e9cran LCD de 3 pouces, d&rsquo;un viseur optique et d&rsquo;un syst\u00e8me de mise au point automatique. [&hellip;]","og_url":"https:\/\/www.photo-learn.com\/index.php\/top-5-des-appareils-photo-reflex-pour-debuter-en-photographie\/","og_site_name":"Cours photo \u00e0 Paris","article_modified_time":"2023-01-20T21:56:24+00:00","twitter_card":"summary_large_image","twitter_misc":{"Dur\u00e9e de lecture estim\u00e9e":"2 minutes"},"schema":{"@context":"https:\/\/schema.org","@graph":[{"@type":"WebPage","@id":"https:\/\/www.photo-learn.com\/index.php\/top-5-des-appareils-photo-reflex-pour-debuter-en-photographie\/","url":"https:\/\/www.photo-learn.com\/index.php\/top-5-des-appareils-photo-reflex-pour-debuter-en-photographie\/","name":"Top 5 des appareils photo reflex pour d\u00e9buter en photographie - Cours photo \u00e0 Paris","isPartOf":{"@id":"https:\/\/www.photo-learn.com\/#website"},"datePublished":"2023-01-20T21:48:24+00:00","dateModified":"2023-01-20T21:56:24+00:00","breadcrumb":{"@id":"https:\/\/www.photo-learn.com\/index.php\/top-5-des-appareils-photo-reflex-pour-debuter-en-photographie\/#breadcrumb"},"inLanguage":"fr-FR","potentialAction":[{"@type":"ReadAction","target":["https:\/\/www.photo-learn.com\/index.php\/top-5-des-appareils-photo-reflex-pour-debuter-en-photographie\/"]}]},{"@type":"BreadcrumbList","@id":"https:\/\/www.photo-learn.com\/index.php\/top-5-des-appareils-photo-reflex-pour-debuter-en-photographie\/#breadcrumb","itemListElement":[{"@type":"ListItem","position":1,"name":"Accueil","item":"https:\/\/www.photo-learn.com\/"},{"@type":"ListItem","position":2,"name":"Top 5 des appareils photo reflex pour d\u00e9buter en photographie"}]},{"@type":"WebSite","@id":"https:\/\/www.photo-learn.com\/#website","url":"https:\/\/www.photo-learn.com\/","name":"Cours photo \u00e0 Paris","description":"apprentissage de la photo - ateliers pratiques \u00e0 Paris, en studio et en visio","potentialAction":[{"@type":"SearchAction","target":{"@type":"EntryPoint","urlTemplate":"https:\/\/www.photo-learn.com\/?s={search_term_string}"},"query-input":{"@type":"PropertyValueSpecification","valueRequired":true,"valueName":"search_term_string"}}],"inLanguage":"fr-FR"}]}},"_links":{"self":[{"href":"https:\/\/www.photo-learn.com\/index.php\/wp-json\/wp\/v2\/pages\/601","targetHints":{"allow":["GET"]}}],"collection":[{"href":"https:\/\/www.photo-learn.com\/index.php\/wp-json\/wp\/v2\/pages"}],"about":[{"href":"https:\/\/www.photo-learn.com\/index.php\/wp-json\/wp\/v2\/types\/page"}],"author":[{"embeddable":true,"href":"https:\/\/www.photo-learn.com\/index.php\/wp-json\/wp\/v2\/users\/1"}],"replies":[{"embeddable":true,"href":"https:\/\/www.photo-learn.com\/index.php\/wp-json\/wp\/v2\/comments?post=601"}],"version-history":[{"count":2,"href":"https:\/\/www.photo-learn.com\/index.php\/wp-json\/wp\/v2\/pages\/601\/revisions"}],"predecessor-version":[{"id":604,"href":"https:\/\/www.photo-learn.com\/index.php\/wp-json\/wp\/v2\/pages\/601\/revisions\/604"}],"wp:attachment":[{"href":"https:\/\/www.photo-learn.com\/index.php\/wp-json\/wp\/v2\/media?parent=601"}],"curies":[{"name":"wp","href":"https:\/\/api.w.org\/{rel}","templated":true}]}}