{"id":336,"date":"2022-10-28T19:28:37","date_gmt":"2022-10-28T17:28:37","guid":{"rendered":"https:\/\/www.photo-learn.com\/?post_type=product&#038;p=336"},"modified":"2022-10-28T22:46:45","modified_gmt":"2022-10-28T20:46:45","slug":"module-2-la-profondeur-de-champ-cours-particulier-en-visio","status":"publish","type":"product","link":"https:\/\/www.photo-learn.com\/index.php\/produit\/module-2-la-profondeur-de-champ-cours-particulier-en-visio\/","title":{"rendered":"Module 2: la profondeur de champ  (Cours particulier en visio)"},"content":{"rendered":"<p>&nbsp;<\/p>\n<p>&nbsp;<\/p>\n<p>&nbsp;<\/p>\n<p>&nbsp;<\/p>\n<p>&nbsp;<\/p>\n<p>&nbsp;<\/p>\n","protected":false},"excerpt":{"rendered":"<p>Afin de pr\u00e9parer votre cours merci de contacter le 06 16 96 63 47 ou de remplir <a href=\"https:\/\/www.photo-learn.com\/index.php\/cours-de-photographie-en-visio-form\/\" target=\"_blank\" rel=\"noopener\">ce formulaire<\/a><\/p>\n<p>Une <a href=\"https:\/\/www.photo-learn.com\/index.php\/cours-de-photographie-en-visio-form\/\" target=\"_blank\" rel=\"noopener\">prise de contact<\/a> est n\u00e9cessaire pour convenir d&rsquo;une date ainsi que d&rsquo;un cr\u00e9neau horaire.<\/p>\n<p>Objectifs du cours: comprendre et ma\u00eetriser la notion de profondeur de champ afin de pouvoir \u00ab jouer \u00bb sur les zones de nettet\u00e9 et les zones floues. Nous aborderons les r\u00e9glages qui permettent de contr\u00f4ler la profondeur de champ dans une image.<\/p>\n<p>Dur\u00e9e: 2h .<\/p>\n<p>&nbsp;<\/p>\n<p>&nbsp;<\/p>\n","protected":false},"featured_media":188,"comment_status":"open","ping_status":"closed","template":"","meta":{"ocean_post_layout":"","ocean_both_sidebars_style":"","ocean_both_sidebars_content_width":0,"ocean_both_sidebars_sidebars_width":0,"ocean_sidebar":"0","ocean_second_sidebar":"0","ocean_disable_margins":"enable","ocean_add_body_class":"","ocean_shortcode_before_top_bar":"","ocean_shortcode_after_top_bar":"","ocean_shortcode_before_header":"","ocean_shortcode_after_header":"","ocean_has_shortcode":"","ocean_shortcode_after_title":"","ocean_shortcode_before_footer_widgets":"","ocean_shortcode_after_footer_widgets":"","ocean_shortcode_before_footer_bottom":"","ocean_shortcode_after_footer_bottom":"","ocean_display_top_bar":"default","ocean_display_header":"default","ocean_header_style":"","ocean_center_header_left_menu":"0","ocean_custom_header_template":"0","ocean_custom_logo":0,"ocean_custom_retina_logo":0,"ocean_custom_logo_max_width":0,"ocean_custom_logo_tablet_max_width":0,"ocean_custom_logo_mobile_max_width":0,"ocean_custom_logo_max_height":0,"ocean_custom_logo_tablet_max_height":0,"ocean_custom_logo_mobile_max_height":0,"ocean_header_custom_menu":"0","ocean_menu_typo_font_family":"0","ocean_menu_typo_font_subset":"","ocean_menu_typo_font_size":0,"ocean_menu_typo_font_size_tablet":0,"ocean_menu_typo_font_size_mobile":0,"ocean_menu_typo_font_size_unit":"px","ocean_menu_typo_font_weight":"","ocean_menu_typo_font_weight_tablet":"","ocean_menu_typo_font_weight_mobile":"","ocean_menu_typo_transform":"","ocean_menu_typo_transform_tablet":"","ocean_menu_typo_transform_mobile":"","ocean_menu_typo_line_height":0,"ocean_menu_typo_line_height_tablet":0,"ocean_menu_typo_line_height_mobile":0,"ocean_menu_typo_line_height_unit":"","ocean_menu_typo_spacing":0,"ocean_menu_typo_spacing_tablet":0,"ocean_menu_typo_spacing_mobile":0,"ocean_menu_typo_spacing_unit":"","ocean_menu_link_color":"","ocean_menu_link_color_hover":"","ocean_menu_link_color_active":"","ocean_menu_link_background":"","ocean_menu_link_hover_background":"","ocean_menu_link_active_background":"","ocean_menu_social_links_bg":"","ocean_menu_social_hover_links_bg":"","ocean_menu_social_links_color":"","ocean_menu_social_hover_links_color":"","ocean_disable_title":"default","ocean_disable_heading":"default","ocean_post_title":"","ocean_post_subheading":"","ocean_post_title_style":"","ocean_post_title_background_color":"","ocean_post_title_background":0,"ocean_post_title_bg_image_position":"","ocean_post_title_bg_image_attachment":"","ocean_post_title_bg_image_repeat":"","ocean_post_title_bg_image_size":"","ocean_post_title_height":0,"ocean_post_title_bg_overlay":0.5,"ocean_post_title_bg_overlay_color":"","ocean_disable_breadcrumbs":"default","ocean_breadcrumbs_color":"","ocean_breadcrumbs_separator_color":"","ocean_breadcrumbs_links_color":"","ocean_breadcrumbs_links_hover_color":"","ocean_display_footer_widgets":"default","ocean_display_footer_bottom":"default","ocean_custom_footer_template":"0"},"product_brand":[],"product_cat":[15,19],"product_tag":[],"class_list":{"0":"post-336","1":"product","2":"type-product","3":"status-publish","4":"has-post-thumbnail","6":"product_cat-cours-photographie-visio-e-learning","7":"product_cat-cours-photo-reglages-profondeur-champ-diaph","9":"entry","10":"has-media","12":"first","13":"instock","14":"virtual","15":"purchasable","16":"product-type-simple","17":"has-product-nav","18":"col","19":"span_1_of_3","20":"owp-content-center","21":"owp-thumbs-layout-horizontal","22":"owp-btn-normal","23":"owp-tabs-layout-horizontal"},"aioseo_notices":[],"yoast_head":"<!-- This site is optimized with the Yoast SEO plugin v27.3 - https:\/\/yoast.com\/product\/yoast-seo-wordpress\/ -->\n<title>Module 2: la profondeur de champ (Cours particulier en visio) - Cours photo \u00e0 Paris<\/title>\n<meta name=\"description\" content=\"Afin de pr\u00e9parer votre cours merci de contacter le 06 16 96 63 47 ou de remplir ce formulaire\r\n\r\nUne prise de contact est n\u00e9cessaire pour convenir d&#039;une date ainsi que d&#039;un cr\u00e9neau horaire.\r\n\r\nObjectifs du cours: comprendre et ma\u00eetriser la notion de profondeur de champ afin de pouvoir \u00ab jouer \u00bb sur les zones de nettet\u00e9 et les zones floues. Nous aborderons les r\u00e9glages qui permettent de contr\u00f4ler la profondeur de champ dans une image.\r\n\r\nDur\u00e9e: 2h .\r\n\r\n&nbsp;\r\n\r\n&nbsp;\" \/>\n<meta name=\"robots\" content=\"index, follow, max-snippet:-1, max-image-preview:large, max-video-preview:-1\" \/>\n<link rel=\"canonical\" href=\"https:\/\/www.photo-learn.com\/index.php\/produit\/module-2-la-profondeur-de-champ-cours-particulier-en-visio\/\" \/>\n<meta property=\"og:locale\" content=\"fr_FR\" \/>\n<meta property=\"og:type\" content=\"article\" \/>\n<meta property=\"og:title\" content=\"Module 2: la profondeur de champ (Cours particulier en visio) - Cours photo \u00e0 Paris\" \/>\n<meta property=\"og:description\" content=\"Afin de pr\u00e9parer votre cours merci de contacter le 06 16 96 63 47 ou de remplir ce formulaire  Une prise de contact est n\u00e9cessaire pour convenir d&#039;une date ainsi que d&#039;un cr\u00e9neau horaire.  Objectifs du cours: comprendre et ma\u00eetriser la notion de profondeur de champ afin de pouvoir \u00ab jouer \u00bb sur les zones de nettet\u00e9 et les zones floues. Nous aborderons les r\u00e9glages qui permettent de contr\u00f4ler la profondeur de champ dans une image.  Dur\u00e9e: 2h .  &nbsp;  &nbsp;\" \/>\n<meta property=\"og:url\" content=\"https:\/\/www.photo-learn.com\/index.php\/produit\/module-2-la-profondeur-de-champ-cours-particulier-en-visio\/\" \/>\n<meta property=\"og:site_name\" content=\"Cours photo \u00e0 Paris\" \/>\n<meta property=\"article:modified_time\" content=\"2022-10-28T20:46:45+00:00\" \/>\n<meta property=\"og:image\" content=\"https:\/\/www.photo-learn.com\/wp-content\/uploads\/2022\/01\/cours-photographie-paris-courbevoie.jpg\" \/>\n\t<meta property=\"og:image:width\" content=\"1000\" \/>\n\t<meta property=\"og:image:height\" content=\"804\" \/>\n\t<meta property=\"og:image:type\" content=\"image\/jpeg\" \/>\n<meta name=\"twitter:card\" content=\"summary_large_image\" \/>\n<script type=\"application\/ld+json\" class=\"yoast-schema-graph\">{\"@context\":\"https:\\\/\\\/schema.org\",\"@graph\":[{\"@type\":\"WebPage\",\"@id\":\"https:\\\/\\\/www.photo-learn.com\\\/index.php\\\/produit\\\/module-2-la-profondeur-de-champ-cours-particulier-en-visio\\\/\",\"url\":\"https:\\\/\\\/www.photo-learn.com\\\/index.php\\\/produit\\\/module-2-la-profondeur-de-champ-cours-particulier-en-visio\\\/\",\"name\":\"Module 2: la profondeur de champ (Cours particulier en visio) - Cours photo \u00e0 Paris\",\"isPartOf\":{\"@id\":\"https:\\\/\\\/www.photo-learn.com\\\/#website\"},\"primaryImageOfPage\":{\"@id\":\"https:\\\/\\\/www.photo-learn.com\\\/index.php\\\/produit\\\/module-2-la-profondeur-de-champ-cours-particulier-en-visio\\\/#primaryimage\"},\"image\":{\"@id\":\"https:\\\/\\\/www.photo-learn.com\\\/index.php\\\/produit\\\/module-2-la-profondeur-de-champ-cours-particulier-en-visio\\\/#primaryimage\"},\"thumbnailUrl\":\"https:\\\/\\\/www.photo-learn.com\\\/wp-content\\\/uploads\\\/2022\\\/01\\\/cours-photographie-paris-courbevoie.jpg\",\"datePublished\":\"2022-10-28T17:28:37+00:00\",\"dateModified\":\"2022-10-28T20:46:45+00:00\",\"breadcrumb\":{\"@id\":\"https:\\\/\\\/www.photo-learn.com\\\/index.php\\\/produit\\\/module-2-la-profondeur-de-champ-cours-particulier-en-visio\\\/#breadcrumb\"},\"inLanguage\":\"fr-FR\",\"potentialAction\":[{\"@type\":\"ReadAction\",\"target\":[\"https:\\\/\\\/www.photo-learn.com\\\/index.php\\\/produit\\\/module-2-la-profondeur-de-champ-cours-particulier-en-visio\\\/\"]}]},{\"@type\":\"ImageObject\",\"inLanguage\":\"fr-FR\",\"@id\":\"https:\\\/\\\/www.photo-learn.com\\\/index.php\\\/produit\\\/module-2-la-profondeur-de-champ-cours-particulier-en-visio\\\/#primaryimage\",\"url\":\"https:\\\/\\\/www.photo-learn.com\\\/wp-content\\\/uploads\\\/2022\\\/01\\\/cours-photographie-paris-courbevoie.jpg\",\"contentUrl\":\"https:\\\/\\\/www.photo-learn.com\\\/wp-content\\\/uploads\\\/2022\\\/01\\\/cours-photographie-paris-courbevoie.jpg\",\"width\":1000,\"height\":804},{\"@type\":\"BreadcrumbList\",\"@id\":\"https:\\\/\\\/www.photo-learn.com\\\/index.php\\\/produit\\\/module-2-la-profondeur-de-champ-cours-particulier-en-visio\\\/#breadcrumb\",\"itemListElement\":[{\"@type\":\"ListItem\",\"position\":1,\"name\":\"Accueil\",\"item\":\"https:\\\/\\\/www.photo-learn.com\\\/\"},{\"@type\":\"ListItem\",\"position\":2,\"name\":\"Cours de photographie\",\"item\":\"https:\\\/\\\/www.photo-learn.com\\\/index.php\\\/apprendre-la-photo-en-visio\\\/\"},{\"@type\":\"ListItem\",\"position\":3,\"name\":\"Module 2: la profondeur de champ (Cours particulier en visio)\"}]},{\"@type\":\"WebSite\",\"@id\":\"https:\\\/\\\/www.photo-learn.com\\\/#website\",\"url\":\"https:\\\/\\\/www.photo-learn.com\\\/\",\"name\":\"Cours photo \u00e0 Paris\",\"description\":\"apprentissage de la photo - ateliers pratiques \u00e0 Paris, en studio et en visio\",\"potentialAction\":[{\"@type\":\"SearchAction\",\"target\":{\"@type\":\"EntryPoint\",\"urlTemplate\":\"https:\\\/\\\/www.photo-learn.com\\\/?s={search_term_string}\"},\"query-input\":{\"@type\":\"PropertyValueSpecification\",\"valueRequired\":true,\"valueName\":\"search_term_string\"}}],\"inLanguage\":\"fr-FR\"}]}<\/script>\n<!-- \/ Yoast SEO plugin. -->","yoast_head_json":{"title":"Module 2: la profondeur de champ (Cours particulier en visio) - Cours photo \u00e0 Paris","description":"Afin de pr\u00e9parer votre cours merci de contacter le 06 16 96 63 47 ou de remplir ce formulaire\r\n\r\nUne prise de contact est n\u00e9cessaire pour convenir d'une date ainsi que d'un cr\u00e9neau horaire.\r\n\r\nObjectifs du cours: comprendre et ma\u00eetriser la notion de profondeur de champ afin de pouvoir \u00ab jouer \u00bb sur les zones de nettet\u00e9 et les zones floues. Nous aborderons les r\u00e9glages qui permettent de contr\u00f4ler la profondeur de champ dans une image.\r\n\r\nDur\u00e9e: 2h .\r\n\r\n&nbsp;\r\n\r\n&nbsp;","robots":{"index":"index","follow":"follow","max-snippet":"max-snippet:-1","max-image-preview":"max-image-preview:large","max-video-preview":"max-video-preview:-1"},"canonical":"https:\/\/www.photo-learn.com\/index.php\/produit\/module-2-la-profondeur-de-champ-cours-particulier-en-visio\/","og_locale":"fr_FR","og_type":"article","og_title":"Module 2: la profondeur de champ (Cours particulier en visio) - Cours photo \u00e0 Paris","og_description":"Afin de pr\u00e9parer votre cours merci de contacter le 06 16 96 63 47 ou de remplir ce formulaire  Une prise de contact est n\u00e9cessaire pour convenir d'une date ainsi que d'un cr\u00e9neau horaire.  Objectifs du cours: comprendre et ma\u00eetriser la notion de profondeur de champ afin de pouvoir \u00ab jouer \u00bb sur les zones de nettet\u00e9 et les zones floues. Nous aborderons les r\u00e9glages qui permettent de contr\u00f4ler la profondeur de champ dans une image.  Dur\u00e9e: 2h .  &nbsp;  &nbsp;","og_url":"https:\/\/www.photo-learn.com\/index.php\/produit\/module-2-la-profondeur-de-champ-cours-particulier-en-visio\/","og_site_name":"Cours photo \u00e0 Paris","article_modified_time":"2022-10-28T20:46:45+00:00","og_image":[{"width":1000,"height":804,"url":"https:\/\/www.photo-learn.com\/wp-content\/uploads\/2022\/01\/cours-photographie-paris-courbevoie.jpg","type":"image\/jpeg"}],"twitter_card":"summary_large_image","schema":{"@context":"https:\/\/schema.org","@graph":[{"@type":"WebPage","@id":"https:\/\/www.photo-learn.com\/index.php\/produit\/module-2-la-profondeur-de-champ-cours-particulier-en-visio\/","url":"https:\/\/www.photo-learn.com\/index.php\/produit\/module-2-la-profondeur-de-champ-cours-particulier-en-visio\/","name":"Module 2: la profondeur de champ (Cours particulier en visio) - Cours photo \u00e0 Paris","isPartOf":{"@id":"https:\/\/www.photo-learn.com\/#website"},"primaryImageOfPage":{"@id":"https:\/\/www.photo-learn.com\/index.php\/produit\/module-2-la-profondeur-de-champ-cours-particulier-en-visio\/#primaryimage"},"image":{"@id":"https:\/\/www.photo-learn.com\/index.php\/produit\/module-2-la-profondeur-de-champ-cours-particulier-en-visio\/#primaryimage"},"thumbnailUrl":"https:\/\/www.photo-learn.com\/wp-content\/uploads\/2022\/01\/cours-photographie-paris-courbevoie.jpg","datePublished":"2022-10-28T17:28:37+00:00","dateModified":"2022-10-28T20:46:45+00:00","breadcrumb":{"@id":"https:\/\/www.photo-learn.com\/index.php\/produit\/module-2-la-profondeur-de-champ-cours-particulier-en-visio\/#breadcrumb"},"inLanguage":"fr-FR","potentialAction":[{"@type":"ReadAction","target":["https:\/\/www.photo-learn.com\/index.php\/produit\/module-2-la-profondeur-de-champ-cours-particulier-en-visio\/"]}]},{"@type":"ImageObject","inLanguage":"fr-FR","@id":"https:\/\/www.photo-learn.com\/index.php\/produit\/module-2-la-profondeur-de-champ-cours-particulier-en-visio\/#primaryimage","url":"https:\/\/www.photo-learn.com\/wp-content\/uploads\/2022\/01\/cours-photographie-paris-courbevoie.jpg","contentUrl":"https:\/\/www.photo-learn.com\/wp-content\/uploads\/2022\/01\/cours-photographie-paris-courbevoie.jpg","width":1000,"height":804},{"@type":"BreadcrumbList","@id":"https:\/\/www.photo-learn.com\/index.php\/produit\/module-2-la-profondeur-de-champ-cours-particulier-en-visio\/#breadcrumb","itemListElement":[{"@type":"ListItem","position":1,"name":"Accueil","item":"https:\/\/www.photo-learn.com\/"},{"@type":"ListItem","position":2,"name":"Cours de photographie","item":"https:\/\/www.photo-learn.com\/index.php\/apprendre-la-photo-en-visio\/"},{"@type":"ListItem","position":3,"name":"Module 2: la profondeur de champ (Cours particulier en visio)"}]},{"@type":"WebSite","@id":"https:\/\/www.photo-learn.com\/#website","url":"https:\/\/www.photo-learn.com\/","name":"Cours photo \u00e0 Paris","description":"apprentissage de la photo - ateliers pratiques \u00e0 Paris, en studio et en visio","potentialAction":[{"@type":"SearchAction","target":{"@type":"EntryPoint","urlTemplate":"https:\/\/www.photo-learn.com\/?s={search_term_string}"},"query-input":{"@type":"PropertyValueSpecification","valueRequired":true,"valueName":"search_term_string"}}],"inLanguage":"fr-FR"}]}},"_links":{"self":[{"href":"https:\/\/www.photo-learn.com\/index.php\/wp-json\/wp\/v2\/product\/336","targetHints":{"allow":["GET"]}}],"collection":[{"href":"https:\/\/www.photo-learn.com\/index.php\/wp-json\/wp\/v2\/product"}],"about":[{"href":"https:\/\/www.photo-learn.com\/index.php\/wp-json\/wp\/v2\/types\/product"}],"replies":[{"embeddable":true,"href":"https:\/\/www.photo-learn.com\/index.php\/wp-json\/wp\/v2\/comments?post=336"}],"wp:featuredmedia":[{"embeddable":true,"href":"https:\/\/www.photo-learn.com\/index.php\/wp-json\/wp\/v2\/media\/188"}],"wp:attachment":[{"href":"https:\/\/www.photo-learn.com\/index.php\/wp-json\/wp\/v2\/media?parent=336"}],"wp:term":[{"taxonomy":"product_brand","embeddable":true,"href":"https:\/\/www.photo-learn.com\/index.php\/wp-json\/wp\/v2\/product_brand?post=336"},{"taxonomy":"product_cat","embeddable":true,"href":"https:\/\/www.photo-learn.com\/index.php\/wp-json\/wp\/v2\/product_cat?post=336"},{"taxonomy":"product_tag","embeddable":true,"href":"https:\/\/www.photo-learn.com\/index.php\/wp-json\/wp\/v2\/product_tag?post=336"}],"curies":[{"name":"wp","href":"https:\/\/api.w.org\/{rel}","templated":true}]}}